{"id":3875,"date":"2025-11-09T09:35:08","date_gmt":"2025-11-09T09:35:08","guid":{"rendered":"http:\/\/stage.degree361.net:8080\/rast\/?post_type=product&#038;p=3875"},"modified":"2025-11-19T14:29:42","modified_gmt":"2025-11-19T14:29:42","slug":"nachttisch-aristeo","status":"publish","type":"product","link":"http:\/\/stage.degree361.net:8080\/rast\/product\/nachttisch-aristeo\/","title":{"rendered":"Nachttisch Aristeo"},"content":{"rendered":"<div class=\"vc_row wpb_row vc_row-fluid edgtf-section vc_custom_1487177861067 edgtf-content-aligment-left edgtf-grid-section\">\n<div class=\"clearfix edgtf-section-inner\">\n<div class=\"edgtf-section-inner-margin clearfix\">\n<div class=\"wpb_column vc_column_container vc_col-sm-9\">\n<div class=\"vc_column-inner\">\n<div class=\"wpb_wrapper\">\n<div class=\"wpb_text_column wpb_content_element vc_custom_1652432618926\">\n<div class=\"wpb_wrapper\">\n<p style=\"text-align: center;\"><img decoding=\"async\" class=\"vc_gitem-zone-img alignnone\" title=\"Nussbaum\" src=\"https:\/\/rastdesign.de\/wp-content\/uploads\/2017\/01\/Nuss-HW-2-1.png\" alt=\"Nussbaum\" width=\"150\" height=\"150\" \/>\u00a0 \u00a0<img decoding=\"async\" class=\"vc_gitem-zone-img alignnone\" title=\"Nussgebeizte Buche\" src=\"https:\/\/rastdesign.de\/wp-content\/uploads\/2017\/01\/Nuss.png\" alt=\"Nussgebeizte Buche\" width=\"150\" height=\"150\" \/>\u00a0 \u00a0<img decoding=\"async\" class=\"vc_gitem-zone-img alignnone\" title=\"Mandelgebeizte Buche\" src=\"https:\/\/rastdesign.de\/wp-content\/uploads\/2017\/01\/Mandel.png\" alt=\"Mandelgebeizte Buche\" width=\"150\" height=\"150\" \/>\u00a0 \u00a0<img loading=\"lazy\" decoding=\"async\" class=\"vc_gitem-zone-img alignnone\" title=\"Schwarzgebeizte Buche\" src=\"https:\/\/rastdesign.de\/wp-content\/uploads\/2017\/01\/schwarz.png\" alt=\"Schwarzgebeizte Buche\" width=\"150\" height=\"150\" \/>\u00a0 \u00a0<img loading=\"lazy\" decoding=\"async\" class=\"vc_gitem-zone-img alignnone\" title=\"Kastaniegebeizte Buche\" src=\"https:\/\/rastdesign.de\/wp-content\/uploads\/2017\/01\/Kastanie.png\" alt=\"Kastaniegebeizte Buche\" width=\"150\" height=\"150\" \/>\u00a0 \u00a0<img loading=\"lazy\" decoding=\"async\" class=\"vc_gitem-zone-img alignnone\" title=\"Rotbuche\" src=\"https:\/\/rastdesign.de\/wp-content\/uploads\/2017\/01\/Rotbuche.png\" alt=\"Rotbuche\" width=\"150\" height=\"150\" \/><\/p>\n<\/div>\n<\/div>\n<\/div>\n<\/div>\n<\/div>\n<\/div>\n<\/div>\n<\/div>\n<p style=\"text-align: center;\"><img loading=\"lazy\" decoding=\"async\" class=\"vc_gitem-zone-img alignnone\" title=\"cherry\" src=\"https:\/\/rastdesign.de\/wp-content\/uploads\/2017\/01\/Kirsche.png\" alt=\"\" width=\"150\" height=\"150\" \/>\u00a0 \u00a0<img loading=\"lazy\" decoding=\"async\" class=\"vc_gitem-zone-img alignnone\" title=\"Heartwood beech\" src=\"https:\/\/rastdesign.de\/wp-content\/uploads\/2017\/01\/Kernbuche.png\" alt=\"\" width=\"150\" height=\"150\" \/>\u00a0 \u00a0<img loading=\"lazy\" decoding=\"async\" class=\"vc_gitem-zone-img alignnone\" title=\"Ash\" src=\"https:\/\/rastdesign.de\/wp-content\/uploads\/2017\/01\/Esche_braun.png\" alt=\"\" width=\"150\" height=\"150\" \/>\u00a0 \u00a0<img loading=\"lazy\" decoding=\"async\" class=\"vc_gitem-zone-img alignnone\" title=\"white ash\" src=\"https:\/\/rastdesign.de\/wp-content\/uploads\/2017\/01\/Esche.png\" alt=\"\" width=\"150\" height=\"150\" \/>\u00a0 \u00a0<img loading=\"lazy\" decoding=\"async\" class=\"vc_gitem-zone-img alignnone\" title=\"oak\" src=\"https:\/\/rastdesign.de\/wp-content\/uploads\/2017\/01\/Eiche_braun.png\" alt=\"\" width=\"150\" height=\"150\" \/>\u00a0 \u00a0<img loading=\"lazy\" decoding=\"async\" class=\"vc_gitem-zone-img alignnone\" title=\"white oak\" src=\"https:\/\/rastdesign.de\/wp-content\/uploads\/2017\/01\/Eiche.png\" alt=\"\" width=\"150\" height=\"150\" \/><\/p>\n","protected":false},"excerpt":{"rendered":"<p data-start=\"189\" data-end=\"420\"><span style=\"color: #000000;\">Aristeo erg\u00e4nzt die Bettlinie durch eine klare, harmonische Form und pr\u00e4zise Verarbeitung. Die weichen Kanten und die feine Linienf\u00fchrung betonen den nat\u00fcrlichen Charakter des Holzes und schaffen ein stimmiges Gesamtbild im Raum.<\/span><\/p>\n<p data-start=\"422\" data-end=\"653\"><span style=\"color: #000000;\">Der Nachttisch ist in verschiedenen Varianten erh\u00e4ltlich und kann mit unterschiedlichen Schubladenoptionen konfiguriert werden. So l\u00e4sst sich Aristeo individuell an die jeweilige Nutzung und Gestaltung des Schlafzimmers anpassen.<\/span><\/p>\n","protected":false},"featured_media":3662,"comment_status":"open","ping_status":"closed","template":"","meta":{"_acf_changed":false},"product_brand":[],"product_cat":[86],"product_tag":[],"class_list":{"0":"post-3875","1":"product","2":"type-product","3":"status-publish","4":"has-post-thumbnail","6":"product_cat-nachttische","8":"first","9":"instock","10":"shipping-taxable","11":"product-type-simple","12":"layout-style-2","13":"col-md-4 col-sm-4 col-xs-6","14":"col-lg-3","15":"product-has-gallery","16":"product-style-quickview"},"acf":[],"_links":{"self":[{"href":"http:\/\/stage.degree361.net:8080\/rast\/wp-json\/wp\/v2\/product\/3875","targetHints":{"allow":["GET"]}}],"collection":[{"href":"http:\/\/stage.degree361.net:8080\/rast\/wp-json\/wp\/v2\/product"}],"about":[{"href":"http:\/\/stage.degree361.net:8080\/rast\/wp-json\/wp\/v2\/types\/product"}],"replies":[{"embeddable":true,"href":"http:\/\/stage.degree361.net:8080\/rast\/wp-json\/wp\/v2\/comments?post=3875"}],"wp:featuredmedia":[{"embeddable":true,"href":"http:\/\/stage.degree361.net:8080\/rast\/wp-json\/wp\/v2\/media\/3662"}],"wp:attachment":[{"href":"http:\/\/stage.degree361.net:8080\/rast\/wp-json\/wp\/v2\/media?parent=3875"}],"wp:term":[{"taxonomy":"product_brand","embeddable":true,"href":"http:\/\/stage.degree361.net:8080\/rast\/wp-json\/wp\/v2\/product_brand?post=3875"},{"taxonomy":"product_cat","embeddable":true,"href":"http:\/\/stage.degree361.net:8080\/rast\/wp-json\/wp\/v2\/product_cat?post=3875"},{"taxonomy":"product_tag","embeddable":true,"href":"http:\/\/stage.degree361.net:8080\/rast\/wp-json\/wp\/v2\/product_tag?post=3875"}],"curies":[{"name":"wp","href":"https:\/\/api.w.org\/{rel}","templated":true}]}}