{"id":3645,"date":"2025-11-05T10:54:37","date_gmt":"2025-11-05T10:54:37","guid":{"rendered":"http:\/\/stage.degree361.net:8080\/rast\/?post_type=product&#038;p=3645"},"modified":"2025-11-05T15:01:05","modified_gmt":"2025-11-05T15:01:05","slug":"kopfteil-delta","status":"publish","type":"product","link":"http:\/\/stage.degree361.net:8080\/rast\/product\/kopfteil-delta\/","title":{"rendered":"Kopfteil Delta"},"content":{"rendered":"<div class=\"vc_row wpb_row vc_row-fluid edgtf-section vc_custom_1487177861067 edgtf-content-aligment-left edgtf-grid-section\">\n<div class=\"clearfix edgtf-section-inner\">\n<div class=\"edgtf-section-inner-margin clearfix\">\n<div class=\"wpb_column vc_column_container vc_col-sm-9\">\n<div class=\"vc_column-inner\">\n<div class=\"wpb_wrapper\">\n<div class=\"wpb_text_column wpb_content_element vc_custom_1652432618926\">\n<div class=\"wpb_wrapper\">\n<p style=\"text-align: center;\"><img decoding=\"async\" class=\"vc_gitem-zone-img alignnone\" title=\"Nussbaum\" src=\"https:\/\/rastdesign.de\/wp-content\/uploads\/2017\/01\/Nuss-HW-2-1.png\" alt=\"Nussbaum\" width=\"150\" height=\"150\" \/>\u00a0 \u00a0<img decoding=\"async\" class=\"vc_gitem-zone-img alignnone\" title=\"Nussgebeizte Buche\" src=\"https:\/\/rastdesign.de\/wp-content\/uploads\/2017\/01\/Nuss.png\" alt=\"Nussgebeizte Buche\" width=\"150\" height=\"150\" \/>\u00a0 \u00a0<img decoding=\"async\" class=\"vc_gitem-zone-img alignnone\" title=\"Mandelgebeizte Buche\" src=\"https:\/\/rastdesign.de\/wp-content\/uploads\/2017\/01\/Mandel.png\" alt=\"Mandelgebeizte Buche\" width=\"150\" height=\"150\" \/>\u00a0 \u00a0<img loading=\"lazy\" decoding=\"async\" class=\"vc_gitem-zone-img alignnone\" title=\"Schwarzgebeizte Buche\" src=\"https:\/\/rastdesign.de\/wp-content\/uploads\/2017\/01\/schwarz.png\" alt=\"Schwarzgebeizte Buche\" width=\"150\" height=\"150\" \/>\u00a0 \u00a0<img loading=\"lazy\" decoding=\"async\" class=\"vc_gitem-zone-img alignnone\" title=\"Kastaniegebeizte Buche\" src=\"https:\/\/rastdesign.de\/wp-content\/uploads\/2017\/01\/Kastanie.png\" alt=\"Kastaniegebeizte Buche\" width=\"150\" height=\"150\" \/>\u00a0 \u00a0<img loading=\"lazy\" decoding=\"async\" class=\"vc_gitem-zone-img alignnone\" title=\"Rotbuche\" src=\"https:\/\/rastdesign.de\/wp-content\/uploads\/2017\/01\/Rotbuche.png\" alt=\"Rotbuche\" width=\"150\" height=\"150\" \/><\/p>\n<\/div>\n<\/div>\n<\/div>\n<\/div>\n<\/div>\n<\/div>\n<\/div>\n<\/div>\n<p style=\"text-align: center;\"><img loading=\"lazy\" decoding=\"async\" class=\"vc_gitem-zone-img alignnone\" title=\"cherry\" src=\"https:\/\/rastdesign.de\/wp-content\/uploads\/2017\/01\/Kirsche.png\" alt=\"\" width=\"150\" height=\"150\" \/>\u00a0 \u00a0<img loading=\"lazy\" decoding=\"async\" class=\"vc_gitem-zone-img alignnone\" title=\"Heartwood beech\" src=\"https:\/\/rastdesign.de\/wp-content\/uploads\/2017\/01\/Kernbuche.png\" alt=\"\" width=\"150\" height=\"150\" \/>\u00a0 \u00a0<img loading=\"lazy\" decoding=\"async\" class=\"vc_gitem-zone-img alignnone\" title=\"Ash\" src=\"https:\/\/rastdesign.de\/wp-content\/uploads\/2017\/01\/Esche_braun.png\" alt=\"\" width=\"150\" height=\"150\" \/>\u00a0 \u00a0<img loading=\"lazy\" decoding=\"async\" class=\"vc_gitem-zone-img alignnone\" title=\"white ash\" src=\"https:\/\/rastdesign.de\/wp-content\/uploads\/2017\/01\/Esche.png\" alt=\"\" width=\"150\" height=\"150\" \/>\u00a0 \u00a0<img loading=\"lazy\" decoding=\"async\" class=\"vc_gitem-zone-img alignnone\" title=\"oak\" src=\"https:\/\/rastdesign.de\/wp-content\/uploads\/2017\/01\/Eiche_braun.png\" alt=\"\" width=\"150\" height=\"150\" \/>\u00a0 \u00a0<img loading=\"lazy\" decoding=\"async\" class=\"vc_gitem-zone-img alignnone\" title=\"white oak\" src=\"https:\/\/rastdesign.de\/wp-content\/uploads\/2017\/01\/Eiche.png\" alt=\"\" width=\"150\" height=\"150\" \/><\/p>\n","protected":false},"excerpt":{"rendered":"<p data-start=\"1416\" data-end=\"1996\"><span style=\"color: #000000;\">Das Kopfteil Delta wurde f\u00fcr unsere Modularbetten entwickelt und zeichnet sich durch seine offene, horizontale Lamellenstruktur aus. Es ist in den Varianten Delta I und Delta C erh\u00e4ltlich.<\/span><br data-start=\"1604\" data-end=\"1607\" \/><span style=\"color: #000000;\">Delta I steht f\u00fcr eine klare, gerade Linienf\u00fchrung, Delta C f\u00fcr eine leichte Rundung mit weicherem Ausdruck.<\/span><br data-start=\"1715\" data-end=\"1718\" \/><span style=\"color: #000000;\">Beide Ausf\u00fchrungen sind modular aufgebaut, k\u00f6nnen geteilt oder durchgehend gefertigt werden und lassen sich einfach an unterschiedliche Bettgr\u00f6\u00dfen anpassen. Sondergr\u00f6\u00dfen werden auf Anfrage gefertigt.<\/span><br data-start=\"1917\" data-end=\"1920\" \/><span style=\"color: #000000;\">Das Kopfteil kann an unseren Modularbetten im Rendering betrachtet werden.<\/span><\/p>\n","protected":false},"featured_media":3641,"comment_status":"open","ping_status":"closed","template":"","meta":{"_acf_changed":false},"product_brand":[],"product_cat":[85],"product_tag":[87],"class_list":{"0":"post-3645","1":"product","2":"type-product","3":"status-publish","4":"has-post-thumbnail","6":"product_cat-kopfteile","7":"product_tag-kopfteil","9":"first","10":"instock","11":"shipping-taxable","12":"product-type-simple","13":"layout-style-2","14":"col-md-4 col-sm-4 col-xs-6","15":"col-lg-3","16":"product-style-quickview"},"acf":[],"_links":{"self":[{"href":"http:\/\/stage.degree361.net:8080\/rast\/wp-json\/wp\/v2\/product\/3645","targetHints":{"allow":["GET"]}}],"collection":[{"href":"http:\/\/stage.degree361.net:8080\/rast\/wp-json\/wp\/v2\/product"}],"about":[{"href":"http:\/\/stage.degree361.net:8080\/rast\/wp-json\/wp\/v2\/types\/product"}],"replies":[{"embeddable":true,"href":"http:\/\/stage.degree361.net:8080\/rast\/wp-json\/wp\/v2\/comments?post=3645"}],"wp:featuredmedia":[{"embeddable":true,"href":"http:\/\/stage.degree361.net:8080\/rast\/wp-json\/wp\/v2\/media\/3641"}],"wp:attachment":[{"href":"http:\/\/stage.degree361.net:8080\/rast\/wp-json\/wp\/v2\/media?parent=3645"}],"wp:term":[{"taxonomy":"product_brand","embeddable":true,"href":"http:\/\/stage.degree361.net:8080\/rast\/wp-json\/wp\/v2\/product_brand?post=3645"},{"taxonomy":"product_cat","embeddable":true,"href":"http:\/\/stage.degree361.net:8080\/rast\/wp-json\/wp\/v2\/product_cat?post=3645"},{"taxonomy":"product_tag","embeddable":true,"href":"http:\/\/stage.degree361.net:8080\/rast\/wp-json\/wp\/v2\/product_tag?post=3645"}],"curies":[{"name":"wp","href":"https:\/\/api.w.org\/{rel}","templated":true}]}}