{"id":3287,"date":"2025-10-29T14:15:38","date_gmt":"2025-10-29T14:15:38","guid":{"rendered":"http:\/\/stage.degree361.net:8080\/rast\/?post_type=product&#038;p=3287"},"modified":"2025-11-19T14:12:20","modified_gmt":"2025-11-19T14:12:20","slug":"bett-ravenna","status":"publish","type":"product","link":"http:\/\/stage.degree361.net:8080\/rast\/product\/bett-ravenna\/","title":{"rendered":"Bett Ravenna"},"content":{"rendered":"<div class=\"vc_row wpb_row vc_row-fluid edgtf-section vc_custom_1487177861067 edgtf-content-aligment-left edgtf-grid-section\">\n<div class=\"clearfix edgtf-section-inner\">\n<div class=\"edgtf-section-inner-margin clearfix\">\n<div class=\"wpb_column vc_column_container vc_col-sm-9\">\n<div class=\"vc_column-inner\">\n<div class=\"wpb_wrapper\">\n<div class=\"wpb_text_column wpb_content_element vc_custom_1652432618926\">\n<div class=\"wpb_wrapper\">\n<h3 style=\"text-align: left;\"><span style=\"color: #000000;\">Unsere Betten bieten vielf\u00e4ltige Optionen in Breiten und L\u00e4ngen:<\/span><\/h3>\n<ul style=\"text-align: left;\">\n<li><span style=\"color: #000000;\">Breitenoptionen: 90 \/ 100 \/ 120 \/ 140 \/ 160 \/ 180 \/ 200 cm<\/span><\/li>\n<li><span style=\"color: #000000;\">L\u00e4ngenoptionen: 190 \/ 200 \/ 210 \/ 220 cm<\/span><\/li>\n<li><span style=\"color: #000000;\">Bettrahmenh\u00f6he: 36 bis 44 cm (je nach Modell)<\/span><\/li>\n<\/ul>\n<p style=\"text-align: left;\"><span style=\"color: #000000;\">Zus\u00e4tzlich k\u00f6nnen alle Ma\u00dfe individuell nach Ihren W\u00fcnschen angepasst werden.<\/span><\/p>\n<p style=\"text-align: center;\"><img decoding=\"async\" class=\"vc_gitem-zone-img alignnone\" title=\"Nussbaum\" src=\"https:\/\/rastdesign.de\/wp-content\/uploads\/2017\/01\/Nuss-HW-2-1.png\" alt=\"Nussbaum\" width=\"150\" height=\"150\" \/>\u00a0 \u00a0<img decoding=\"async\" class=\"vc_gitem-zone-img alignnone\" title=\"Nussgebeizte Buche\" src=\"https:\/\/rastdesign.de\/wp-content\/uploads\/2017\/01\/Nuss.png\" alt=\"Nussgebeizte Buche\" width=\"150\" height=\"150\" \/>\u00a0 \u00a0<img decoding=\"async\" class=\"vc_gitem-zone-img alignnone\" title=\"Mandelgebeizte Buche\" src=\"https:\/\/rastdesign.de\/wp-content\/uploads\/2017\/01\/Mandel.png\" alt=\"Mandelgebeizte Buche\" width=\"150\" height=\"150\" \/>\u00a0 \u00a0<img loading=\"lazy\" decoding=\"async\" class=\"vc_gitem-zone-img alignnone\" title=\"Schwarzgebeizte Buche\" src=\"https:\/\/rastdesign.de\/wp-content\/uploads\/2017\/01\/schwarz.png\" alt=\"Schwarzgebeizte Buche\" width=\"150\" height=\"150\" \/>\u00a0 \u00a0<img loading=\"lazy\" decoding=\"async\" class=\"vc_gitem-zone-img alignnone\" title=\"Kastaniegebeizte Buche\" src=\"https:\/\/rastdesign.de\/wp-content\/uploads\/2017\/01\/Kastanie.png\" alt=\"Kastaniegebeizte Buche\" width=\"150\" height=\"150\" \/>\u00a0 \u00a0<img loading=\"lazy\" decoding=\"async\" class=\"vc_gitem-zone-img alignnone\" title=\"Rotbuche\" src=\"https:\/\/rastdesign.de\/wp-content\/uploads\/2017\/01\/Rotbuche.png\" alt=\"Rotbuche\" width=\"150\" height=\"150\" \/><\/p>\n<\/div>\n<\/div>\n<\/div>\n<\/div>\n<\/div>\n<\/div>\n<\/div>\n<\/div>\n<p style=\"text-align: center;\"><img loading=\"lazy\" decoding=\"async\" class=\"vc_gitem-zone-img alignnone\" title=\"cherry\" src=\"https:\/\/rastdesign.de\/wp-content\/uploads\/2017\/01\/Kirsche.png\" alt=\"\" width=\"150\" height=\"150\" \/>\u00a0 \u00a0<img loading=\"lazy\" decoding=\"async\" class=\"vc_gitem-zone-img alignnone\" title=\"Heartwood beech\" src=\"https:\/\/rastdesign.de\/wp-content\/uploads\/2017\/01\/Kernbuche.png\" alt=\"\" width=\"150\" height=\"150\" \/>\u00a0 \u00a0<img loading=\"lazy\" decoding=\"async\" class=\"vc_gitem-zone-img alignnone\" title=\"Ash\" src=\"https:\/\/rastdesign.de\/wp-content\/uploads\/2017\/01\/Esche_braun.png\" alt=\"\" width=\"150\" height=\"150\" \/>\u00a0 \u00a0<img loading=\"lazy\" decoding=\"async\" class=\"vc_gitem-zone-img alignnone\" title=\"white ash\" src=\"https:\/\/rastdesign.de\/wp-content\/uploads\/2017\/01\/Esche.png\" alt=\"\" width=\"150\" height=\"150\" \/>\u00a0 \u00a0<img loading=\"lazy\" decoding=\"async\" class=\"vc_gitem-zone-img alignnone\" title=\"oak\" src=\"https:\/\/rastdesign.de\/wp-content\/uploads\/2017\/01\/Eiche_braun.png\" alt=\"\" width=\"150\" height=\"150\" \/>\u00a0 \u00a0<img loading=\"lazy\" decoding=\"async\" class=\"vc_gitem-zone-img alignnone\" title=\"white oak\" src=\"https:\/\/rastdesign.de\/wp-content\/uploads\/2017\/01\/Eiche.png\" alt=\"\" width=\"150\" height=\"150\" \/><\/p>\n<p>&nbsp;<\/p>\n<p>&nbsp;<\/p>\n<p>&nbsp;<\/p>\n","protected":false},"excerpt":{"rendered":"<p data-start=\"174\" data-end=\"351\"><span style=\"color: #000000;\">Ravenna steht f\u00fcr klare Linien und konsequentes Design. Die fl\u00e4chige Rahmenkonstruktion und das gradlinige Kopfteil verleihen dem Bett eine moderne, architektonische Anmutung.<\/span><\/p>\n<p data-start=\"353\" data-end=\"626\"><span style=\"color: #000000;\">Durch die integrierten, schwebend wirkenden Nachtkonsolen entsteht ein harmonischer \u00dcbergang zwischen Funktion und Form. Ravenna wirkt reduziert und zugleich markant \u2013 ein Bett, das durch Pr\u00e4zision und Ausgewogenheit \u00fcberzeugt und jedem Raum eine klare Struktur verleiht.<\/span><\/p>\n","protected":false},"featured_media":3811,"comment_status":"open","ping_status":"closed","template":"","meta":{"_acf_changed":false},"product_brand":[],"product_cat":[82],"product_tag":[76],"class_list":{"0":"post-3287","1":"product","2":"type-product","3":"status-publish","4":"has-post-thumbnail","6":"product_cat-betten","7":"product_tag-wood","9":"first","10":"instock","11":"featured","12":"shipping-taxable","13":"product-type-simple","14":"layout-style-2","15":"col-md-4 col-sm-4 col-xs-6","16":"col-lg-3","17":"product-has-gallery","18":"product-style-quickview"},"acf":[],"_links":{"self":[{"href":"http:\/\/stage.degree361.net:8080\/rast\/wp-json\/wp\/v2\/product\/3287","targetHints":{"allow":["GET"]}}],"collection":[{"href":"http:\/\/stage.degree361.net:8080\/rast\/wp-json\/wp\/v2\/product"}],"about":[{"href":"http:\/\/stage.degree361.net:8080\/rast\/wp-json\/wp\/v2\/types\/product"}],"replies":[{"embeddable":true,"href":"http:\/\/stage.degree361.net:8080\/rast\/wp-json\/wp\/v2\/comments?post=3287"}],"wp:featuredmedia":[{"embeddable":true,"href":"http:\/\/stage.degree361.net:8080\/rast\/wp-json\/wp\/v2\/media\/3811"}],"wp:attachment":[{"href":"http:\/\/stage.degree361.net:8080\/rast\/wp-json\/wp\/v2\/media?parent=3287"}],"wp:term":[{"taxonomy":"product_brand","embeddable":true,"href":"http:\/\/stage.degree361.net:8080\/rast\/wp-json\/wp\/v2\/product_brand?post=3287"},{"taxonomy":"product_cat","embeddable":true,"href":"http:\/\/stage.degree361.net:8080\/rast\/wp-json\/wp\/v2\/product_cat?post=3287"},{"taxonomy":"product_tag","embeddable":true,"href":"http:\/\/stage.degree361.net:8080\/rast\/wp-json\/wp\/v2\/product_tag?post=3287"}],"curies":[{"name":"wp","href":"https:\/\/api.w.org\/{rel}","templated":true}]}}