{"id":4498,"date":"2026-01-12T11:25:55","date_gmt":"2026-01-12T11:25:55","guid":{"rendered":"http:\/\/stage.degree361.net:8080\/rast\/?page_id=4498"},"modified":"2026-01-12T11:25:57","modified_gmt":"2026-01-12T11:25:57","slug":"datenschutzerklaerung","status":"publish","type":"page","link":"http:\/\/stage.degree361.net:8080\/rast\/datenschutzerklaerung\/","title":{"rendered":"Datenschutzerkl\u00e4rung"},"content":{"rendered":"<h2 class=\"wp-block-heading has-black-color has-text-color has-link-color wp-elements-8bfd25bc10b4ffce40f8a07da2ecca70\">1. Datenschutz auf einen Blick<\/h2><h3 class=\"wp-block-heading has-black-color has-text-color has-link-color wp-elements-87e4a2910737f5ab06724412fed9392d\">Allgemeine Hinweise<br><\/h3><p class=\"has-black-color has-text-color has-link-color wp-elements-12e2bc841cf1a69cc0f3a8f0a14f39ff\">Die folgenden Hinweise geben einen \u00dcberblick dar\u00fcber, was mit Ihren personenbezogenen Daten passiert, wenn Sie diese Website besuchen. Personenbezogene Daten sind alle Daten, mit denen Sie pers\u00f6nlich identifiziert werden k\u00f6nnen.<\/p><h3 class=\"wp-block-heading has-black-color has-text-color has-link-color wp-elements-4be33f27bd020e71770afe36a208663c\">Datenerfassung auf dieser Website<\/h3><p class=\"has-black-color has-text-color has-link-color wp-elements-d618aede6072b18b69af9f79419c78a4\">Die Datenverarbeitung auf dieser Website erfolgt durch den Websitebetreiber. Dessen Kontaktdaten finden Sie im Abschnitt \u201eVerantwortliche Stelle\u201c.<\/p><p class=\"has-black-color has-text-color has-link-color wp-elements-b187347d38b3602d0f939049ae36cbe8\">Ein Teil der Daten wird automatisch beim Besuch der Website durch unsere IT-Systeme erfasst. Das sind vor allem technische Daten, wie Internetbrowser, Betriebssystem oder Uhrzeit des Seitenaufrufs. Andere Daten werden dadurch erhoben, dass Sie uns diese mitteilen, zum Beispiel \u00fcber ein Kontaktformular oder bei der Anmeldung zu unserem Newsletter.<\/p><h3 class=\"wp-block-heading has-black-color has-text-color has-link-color wp-elements-4d9e98f73ed7ea5acbecd3c7343ea49f\">Wof\u00fcr nutzen wir Ihre Daten?<\/h3><p class=\"has-black-color has-text-color has-link-color wp-elements-e0b3a17fed900346d80357523ef83165\">Ein Teil der Daten wird erhoben, um eine fehlerfreie Bereitstellung der Website zu gew\u00e4hrleisten. Andere Daten dienen der Bearbeitung von Anfragen, der Kommunikation mit Interessenten und Kunden sowie dem Versand unseres Newsletters.<\/p><h3 class=\"wp-block-heading has-black-color has-text-color has-link-color wp-elements-1994e3ebd5a18fbc00e2d497ea1933f7\">Welche Rechte haben Sie?<\/h3><p class=\"has-black-color has-text-color has-link-color wp-elements-8b729016a8dcdd8ec68782c9d0228224\">Sie haben jederzeit das Recht auf unentgeltliche Auskunft \u00fcber Herkunft, Empf\u00e4nger und Zweck Ihrer gespeicherten personenbezogenen Daten. Sie haben au\u00dferdem ein Recht auf Berichtigung, L\u00f6schung oder Einschr\u00e4nkung der Verarbeitung dieser Daten sowie ein Beschwerderecht bei der zust\u00e4ndigen Aufsichtsbeh\u00f6rde.<\/p><h2 class=\"wp-block-heading has-black-color has-text-color has-link-color wp-elements-e8460772db682fbc08f3acb753fc84aa\">2. Verantwortliche Stelle<\/h2><p class=\"has-black-color has-text-color has-link-color wp-elements-16f3f440d53eb576008ef580590963ea\">Verantwortliche Stelle f\u00fcr die Datenverarbeitung auf dieser Website ist:<\/p><p class=\"has-black-color has-text-color has-link-color wp-elements-e7a6de8c20cb7b11abb4ca93125b876e\">RAST M\u00f6beldesign e.K.<br>businessPARK<br>Osterhofener Stra\u00dfe 10a<br>93055 Regensburg<\/p><p class=\"has-black-color has-text-color has-link-color wp-elements-9f050bcca8e9064a67a5e4509ab8c487\">Gesch\u00e4ftsinhaberin: Cecilia Nedeljkovic<br>Prokurist (Einzelprokura): Stefan Th\u00fcring<\/p><p class=\"has-black-color has-text-color has-link-color wp-elements-0fd7f1023612635f69bed1ba3e86e02a\">Telefon: 0941 \/ 8979764<br>E-Mail: <a>info@rastdesign.de<\/a><\/p><p class=\"has-black-color has-text-color has-link-color wp-elements-8afaeaabab2be83f3c69b3371addd2db\">Verantwortliche Stelle ist die nat\u00fcrliche oder juristische Person, die allein oder gemeinsam mit anderen \u00fcber die Zwecke und Mittel der Verarbeitung personenbezogener Daten entscheidet.<\/p><h2 class=\"wp-block-heading has-black-color has-text-color has-link-color wp-elements-87c10d9b00cf8bed0979f6c5ab18d03d\">3. Hosting<\/h2><p class=\"has-black-color has-text-color has-link-color wp-elements-393a30d62307bf9e8b5c3a6508d5ff8a\">Diese Website wird bei einem externen Dienstleister gehostet.<\/p><p class=\"has-black-color has-text-color has-link-color wp-elements-e5f6b5c7c2a828412c86c4b14996e90b\">Beim Besuch der Website werden personenbezogene Daten auf den Servern des Hosters verarbeitet. Hierbei kann es sich insbesondere um IP-Adressen, Meta- und Kommunikationsdaten, Websitezugriffe sowie sonstige Daten handeln, die \u00fcber eine Website generiert werden.<\/p><p class=\"has-black-color has-text-color has-link-color wp-elements-65959af7a96a1c5d3f64ad8b073fa1f3\">Die Verarbeitung erfolgt zur Erf\u00fcllung vertraglicher Pflichten sowie im Interesse einer sicheren, schnellen und effizienten Bereitstellung unseres Online-Angebots auf Grundlage von Art. 6 Abs. 1 lit. b und lit. f DSGVO.<\/p><h2 class=\"wp-block-heading has-black-color has-text-color has-link-color wp-elements-f9efcb78ebcb04db1a85032d1aff9351\">4. Cookies und Einwilligungsmanagement<\/h2><p class=\"has-black-color has-text-color has-link-color wp-elements-33881cfe27c7d8fab768165a05d89903\">Unsere Website verwendet Cookies. Cookies sind kleine Textdateien, die auf Ihrem Endger\u00e4t gespeichert werden.<\/p><p class=\"has-black-color has-text-color has-link-color wp-elements-83b510afc6403405936786823bd822d0\">Ein Teil der Cookies ist technisch notwendig, um den Betrieb der Website zu erm\u00f6glichen. Andere Cookies dienen der Einbindung externer Inhalte.<\/p><p class=\"has-black-color has-text-color has-link-color wp-elements-0af4b71edf41e15321464da263e08d4b\">Zur Verwaltung der Einwilligungen nutzen wir ein Consent-Management-Tool. Dabei werden insbesondere folgende Daten verarbeitet:<\/p><ul class=\"wp-block-list\"><li class=\"has-black-color has-text-color has-link-color wp-elements-c489d42fd02506e871e6b7bb385808e6\">Ihre erteilten oder widerrufenen Einwilligungen<\/li>\n\n<li class=\"has-black-color has-text-color has-link-color wp-elements-1ed8a2054e217d53a8ae19d975bf6810\">Ihre IP-Adresse<\/li>\n\n<li class=\"has-black-color has-text-color has-link-color wp-elements-85ce86729b45196acf2814b1c03e03a3\">Informationen zu Browser und Endger\u00e4t<\/li>\n\n<li class=\"has-black-color has-text-color has-link-color wp-elements-7d2a3ec52c359f319eb6d77fabe2f46d\">Zeitpunkt des Besuchs<\/li><\/ul><p class=\"has-black-color has-text-color has-link-color wp-elements-c82368bac3ea5c6018459716fbc54624\">Rechtsgrundlage ist Art. 6 Abs. 1 lit. c DSGVO in Verbindung mit \u00a7 25 TTDSG.<\/p><h2 class=\"wp-block-heading has-black-color has-text-color has-link-color wp-elements-804ce9008bb3f11f0f3e08c0538c0e8d\">5. Server-Log-Dateien<\/h2><p class=\"has-black-color has-text-color has-link-color wp-elements-6588b446f77a2f44d0d0fd57f9bb8b3e\">Der Hosting-Provider erhebt und speichert automatisch Informationen in sogenannten Server-Log-Dateien. Diese umfassen:<\/p><ul class=\"wp-block-list\"><li class=\"has-black-color has-text-color has-link-color wp-elements-e0e401daa21f051abd689445f2c9a1ee\">Browsertyp und Browserversion<\/li>\n\n<li class=\"has-black-color has-text-color has-link-color wp-elements-9f854461c30f93e4beebdcc287ea4f17\">verwendetes Betriebssystem<\/li>\n\n<li class=\"has-black-color has-text-color has-link-color wp-elements-e5250656b446aac62ba6978b3fce4eb3\">Referrer URL<\/li>\n\n<li class=\"has-black-color has-text-color has-link-color wp-elements-7cd2d3f93c43efa63a561ea5740cc6f1\">Hostname des zugreifenden Rechners<\/li>\n\n<li class=\"has-black-color has-text-color has-link-color wp-elements-ff4cfe87b67d266fe863270f65251f5e\">Uhrzeit der Serveranfrage<\/li>\n\n<li class=\"has-black-color has-text-color has-link-color wp-elements-8d8bbe8acb6ea702eff872e8dd2fb6fd\">IP-Adresse<\/li><\/ul><p class=\"has-black-color has-text-color has-link-color wp-elements-8f4070b9a7a69db199d9ed5f5edf213d\">Eine Zusammenf\u00fchrung dieser Daten mit anderen Datenquellen erfolgt nicht.<br>Rechtsgrundlage ist Art. 6 Abs. 1 lit. f DSGVO.<\/p><h2 class=\"wp-block-heading has-black-color has-text-color has-link-color wp-elements-3d2dd1e968b16e0e974804763b029f7b\">6. Kontaktformular und Kontaktaufnahme<\/h2><ol start=\"6\" class=\"wp-block-list\"><\/ol><p class=\"has-black-color has-text-color has-link-color wp-elements-3a1cff93e552a3c9cd6e7f8bbd1b4aa0\">Wenn Sie uns per Kontaktformular, E-Mail oder Telefon kontaktieren, werden Ihre Angaben inklusive der daraus hervorgehenden personenbezogenen Daten zum Zwecke der Bearbeitung Ihrer Anfrage gespeichert.<\/p><p class=\"has-black-color has-text-color has-link-color wp-elements-38799a85f5a0591c1c745be7cf450411\">Die Verarbeitung erfolgt:<\/p><ul class=\"wp-block-list\"><li class=\"has-black-color has-text-color has-link-color wp-elements-a3bc17e5955e1530db1d43cf5ebc2a29\">zur Durchf\u00fchrung vorvertraglicher Ma\u00dfnahmen oder zur Vertragserf\u00fcllung gem\u00e4\u00df Art. 6 Abs. 1 lit. b DSGVO oder<\/li>\n\n<li class=\"has-black-color has-text-color has-link-color wp-elements-3a718a1ec371bb5165c0b1d9d96b5691\">auf Grundlage unseres berechtigten Interesses gem\u00e4\u00df Art. 6 Abs. 1 lit. f DSGVO.<\/li><\/ul><p class=\"has-black-color has-text-color has-link-color wp-elements-ee1e8661e1489b6c08a49620af95a85a\">Die Daten werden gel\u00f6scht, sobald der Zweck der Verarbeitung entf\u00e4llt und keine gesetzlichen Aufbewahrungspflichten bestehen.<\/p><h2 class=\"wp-block-heading has-black-color has-text-color has-link-color wp-elements-495a32947613859733b0979074d58279\">7. Newsletter<\/h2><p class=\"has-black-color has-text-color has-link-color wp-elements-0b6f70c4c9cb4e0b6981c25d9c638f07\">Wenn Sie unseren Newsletter abonnieren, verarbeiten wir Ihre E-Mail-Adresse sowie ggf. weitere freiwillig angegebene Daten.<\/p><p class=\"has-black-color has-text-color has-link-color wp-elements-671a709b0bde3970c4663b2f4319c0f5\">Die Anmeldung erfolgt im sogenannten Double-Opt-in-Verfahren. Die Verarbeitung erfolgt ausschlie\u00dflich auf Grundlage Ihrer Einwilligung gem\u00e4\u00df Art. 6 Abs. 1 lit. a DSGVO.<\/p><p class=\"has-black-color has-text-color has-link-color wp-elements-2d1481af0e0b877f197474d283ef405d\">Sie k\u00f6nnen Ihre Einwilligung jederzeit widerrufen. Nach Widerruf werden Ihre Daten aus dem Verteiler gel\u00f6scht.<\/p><h2 class=\"wp-block-heading has-black-color has-text-color has-link-color wp-elements-7a3a0cb1de5e2a042505d64f802f4e97\">8. YouTube<\/h2><p class=\"has-black-color has-text-color has-link-color wp-elements-6cc6937e9f9bb630f3ad93a9683322ce\">Auf dieser Website sind Videos eingebunden, die \u00fcber YouTube bereitgestellt werden.<\/p><p class=\"has-black-color has-text-color has-link-color wp-elements-90eed57102fc3f2a458a59eb611b75fc\">Beim Aufruf einer Seite mit eingebettetem Video kann eine Verbindung zu Servern von YouTube hergestellt werden. Dabei kann YouTube Kenntnis dar\u00fcber erlangen, welche unserer Seiten Sie besucht haben.<\/p><p class=\"has-black-color has-text-color has-link-color wp-elements-ab45169f2573f4c5dc0925e0cbdf5b44\">Die Einbindung erfolgt nur nach Ihrer Einwilligung auf Grundlage von Art. 6 Abs. 1 lit. a DSGVO und \u00a7 25 TTDSG.<\/p><h2 class=\"wp-block-heading has-black-color has-text-color has-link-color wp-elements-148b53abdaf790f0ede4c0e8fdaa4b4b\">9. Google Maps<\/h2><p class=\"has-black-color has-text-color has-link-color wp-elements-7de30c0a667691643f7b8812d945d4ee\">Diese Website nutzt den Kartendienst Google Maps zur Darstellung von Standorten.<\/p><p class=\"has-black-color has-text-color has-link-color wp-elements-203e4e14c7d100090896eef4118dbe4a\">Zur Nutzung der Kartenfunktion ist es erforderlich, Ihre IP-Adresse zu verarbeiten. Die Einbindung erfolgt nur nach Ihrer Einwilligung auf Grundlage von Art. 6 Abs. 1 lit. a DSGVO und \u00a7 25 TTDSG.<\/p><h2 class=\"wp-block-heading has-black-color has-text-color has-link-color wp-elements-d2f961b2d583b73524e48071ec12bfbf\">10. Speicherdauer<\/h2><p class=\"has-black-color has-text-color has-link-color wp-elements-c15aadb995bcbf269cc1d75ef74ceaf4\">Personenbezogene Daten werden nur so lange gespeichert, wie dies f\u00fcr die jeweiligen Verarbeitungszwecke erforderlich ist oder gesetzliche Aufbewahrungspflichten bestehen.<\/p><h2 class=\"wp-block-heading has-black-color has-text-color has-link-color wp-elements-14e8a7d4f13ccd70fce313a40fbdfb61\">11. Rechte der betroffenen Personen<\/h2><p class=\"has-black-color has-text-color has-link-color wp-elements-7bfd6dcf2880605a0d737eaa9eadfde6\">Sie haben folgende Rechte:<\/p><ul class=\"wp-block-list\"><li class=\"has-black-color has-text-color has-link-color wp-elements-07e0f8a5974ee50848e1689aa6c17979\">Auskunft \u00fcber Ihre gespeicherten Daten<\/li>\n\n<li class=\"has-black-color has-text-color has-link-color wp-elements-4d0d3c245f34cc03565cd2c39da8628c\">Berichtigung unrichtiger Daten<\/li>\n\n<li class=\"has-black-color has-text-color has-link-color wp-elements-e90f3f3e7f245d0df1c1dfca5cd02468\">L\u00f6schung Ihrer Daten<\/li>\n\n<li class=\"has-black-color has-text-color has-link-color wp-elements-46484e42a9ca3f08d581a96630ca754a\">Einschr\u00e4nkung der Verarbeitung<\/li>\n\n<li class=\"has-black-color has-text-color has-link-color wp-elements-c4ff6d55a129d50bd088b9cbd6a996b4\">Daten\u00fcbertragbarkeit<\/li>\n\n<li class=\"has-black-color has-text-color has-link-color wp-elements-f5eed6049ea45b1797c5478ba8f5457e\">Widerspruch gegen die Verarbeitung<\/li>\n\n<li class=\"has-black-color has-text-color has-link-color wp-elements-8bbc9f40dcbcd913cef85a3e12967917\">Widerruf erteilter Einwilligungen<\/li><\/ul><p class=\"has-black-color has-text-color has-link-color wp-elements-cf093cd6ab2d56033757a52c762a134c\">Zudem steht Ihnen ein Beschwerderecht bei der zust\u00e4ndigen Aufsichtsbeh\u00f6rde zu.<\/p><h2 class=\"wp-block-heading has-black-color has-text-color has-link-color wp-elements-f4e83365c1df0498edad8336039a4aad\">12. SSL- bzw. TLS-Verschl\u00fcsselung<\/h2><p class=\"has-black-color has-text-color has-link-color wp-elements-d285e333b9a568c05b07df9d5c30b3d4\">Diese Website nutzt aus Sicherheitsgr\u00fcnden eine SSL- bzw. TLS-Verschl\u00fcsselung. Daten, die Sie an uns \u00fcbermitteln, k\u00f6nnen dadurch nicht von Dritten mitgelesen werden.<\/p><h2 class=\"wp-block-heading has-black-color has-text-color has-link-color wp-elements-d4e4513a94c67de86759749b8d1ec531\">13. Widerspruch gegen Werbe-E-Mails<\/h2><p class=\"has-black-color has-text-color has-link-color wp-elements-af10c0eabf24a7300d168528dec5792f\">Der Nutzung der im Rahmen der Impressumspflicht ver\u00f6ffentlichten Kontaktdaten zur \u00dcbersendung nicht ausdr\u00fccklich angeforderter Werbung wird widersprochen.<\/p><p><\/p>","protected":false},"excerpt":{"rendered":"<p>1. Datenschutz auf einen Blick Allgemeine Hinweise Die folgenden Hinweise geben einen \u00dcberblick dar\u00fcber, was mit Ihren personenbezogenen Daten passiert, wenn Sie diese Website besuchen. Personenbezogene Daten sind alle Daten,&hellip;<\/p>\n","protected":false},"author":2,"featured_media":0,"parent":0,"menu_order":0,"comment_status":"closed","ping_status":"closed","template":"","meta":{"_acf_changed":false,"footnotes":""},"class_list":["post-4498","page","type-page","status-publish","hentry"],"acf":[],"_links":{"self":[{"href":"http:\/\/stage.degree361.net:8080\/rast\/wp-json\/wp\/v2\/pages\/4498","targetHints":{"allow":["GET"]}}],"collection":[{"href":"http:\/\/stage.degree361.net:8080\/rast\/wp-json\/wp\/v2\/pages"}],"about":[{"href":"http:\/\/stage.degree361.net:8080\/rast\/wp-json\/wp\/v2\/types\/page"}],"author":[{"embeddable":true,"href":"http:\/\/stage.degree361.net:8080\/rast\/wp-json\/wp\/v2\/users\/2"}],"replies":[{"embeddable":true,"href":"http:\/\/stage.degree361.net:8080\/rast\/wp-json\/wp\/v2\/comments?post=4498"}],"version-history":[{"count":2,"href":"http:\/\/stage.degree361.net:8080\/rast\/wp-json\/wp\/v2\/pages\/4498\/revisions"}],"predecessor-version":[{"id":4500,"href":"http:\/\/stage.degree361.net:8080\/rast\/wp-json\/wp\/v2\/pages\/4498\/revisions\/4500"}],"wp:attachment":[{"href":"http:\/\/stage.degree361.net:8080\/rast\/wp-json\/wp\/v2\/media?parent=4498"}],"curies":[{"name":"wp","href":"https:\/\/api.w.org\/{rel}","templated":true}]}}