{"id":4493,"date":"2026-01-12T10:49:27","date_gmt":"2026-01-12T10:49:27","guid":{"rendered":"http:\/\/stage.degree361.net:8080\/rast\/?page_id=4493"},"modified":"2026-01-12T10:49:28","modified_gmt":"2026-01-12T10:49:28","slug":"impressum","status":"publish","type":"page","link":"http:\/\/stage.degree361.net:8080\/rast\/impressum\/","title":{"rendered":"Impressum"},"content":{"rendered":"<h2 class=\"wp-block-heading alignwide has-black-color has-text-color has-link-color has-large-font-size wp-elements-c9df568b65d664c8b4033339194cc679\" id=\"we-re-a-studio-in-berlin-with-an-international-practice-in-architecture-urban-planning-and-interior-design-we-believe-in-sharing-knowledge-and-promoting-dialogue-to-increase-the-creative-potential-of-collaboration\" style=\"line-height:1.1\">Angaben gem\u00e4\u00df \u00a7 5 TMG<\/h2><p class=\"has-black-color has-text-color has-link-color wp-elements-e7a6de8c20cb7b11abb4ca93125b876e\">RAST M\u00f6beldesign e.K.<br>businessPARK<br>Osterhofener Stra\u00dfe 10a<br>93055 Regensburg<\/p><p class=\"has-black-color has-text-color has-link-color wp-elements-9f050bcca8e9064a67a5e4509ab8c487\">Gesch\u00e4ftsinhaberin: Cecilia Nedeljkovic<br>Prokurist (Einzelprokura): Stefan Th\u00fcring<\/p><p class=\"has-black-color has-text-color has-link-color wp-elements-3561b3b4809b63978b8cd0e24b108e8c\">Telefon: 0941\/8979764<br>Telefax: 0941\/8979766<br>E-Mail: info@rastdesign.de<\/p><p class=\"has-black-color has-text-color has-link-color wp-elements-70168841233fd84bd6f43dcf627ed809\">Handelsregister: HRA 8137<br>Registergericht: Amtsgericht Regensburg<\/p><h2 class=\"wp-block-heading has-black-color has-text-color has-link-color wp-elements-6588b557a7dc5a5c0a8fd93e112b8b41\">Verantwortlich f\u00fcr den Inhalt nach \u00a7 18 Abs. 2 MStV<\/h2><p class=\"has-black-color has-text-color has-link-color wp-elements-ecbc7f9bd91d240ff289c62a6fadacbe\">Stefan Th\u00fcring<br>Anschrift wie oben<\/p><h2 class=\"wp-block-heading has-black-color has-text-color has-link-color wp-elements-eacdcb1032c4f9c45f039f882e2acb8a\">Umsatzsteuer-ID<\/h2><p class=\"has-black-color has-text-color has-link-color wp-elements-74fc47734b23c9210c6ed46ed18622a8\">Umsatzsteuer-Identifikationsnummer gem\u00e4\u00df \u00a7 27 a Umsatzsteuergesetz:<br>DE 336045949<\/p><h2 class=\"wp-block-heading has-black-color has-text-color has-link-color wp-elements-53345026096c39e1cd7e5a5fc092baf5\">Angaben zur Berufshaftpflichtversicherung<\/h2><p class=\"has-black-color has-text-color has-link-color wp-elements-83b84d77d485d6644be34635a497e144\">Gothaer Versicherungsbank VVaG<br>Arnoldiplatz 1<br>50969 K\u00f6ln<\/p><h2 class=\"wp-block-heading has-black-color has-text-color has-link-color wp-elements-b2b02c66b583fb1fb3f4b35e683ccb34\">EU-Streitschlichtung<\/h2><p class=\"has-black-color has-text-color has-link-color wp-elements-1c9c4a634734236d5292f4163e5d4476\">Wir sind nicht bereit oder verpflichtet, an Streitbeilegungsverfahren vor einer Verbraucherschlichtungsstelle teilzunehmen.<\/p><p><\/p>","protected":false},"excerpt":{"rendered":"<p>Angaben gem\u00e4\u00df \u00a7 5 TMG RAST M\u00f6beldesign e.K.businessPARKOsterhofener Stra\u00dfe 10a93055 Regensburg Gesch\u00e4ftsinhaberin: Cecilia NedeljkovicProkurist (Einzelprokura): Stefan Th\u00fcring Telefon: 0941\/8979764Telefax: 0941\/8979766E-Mail: info@rastdesign.de Handelsregister: HRA 8137Registergericht: Amtsgericht Regensburg Verantwortlich f\u00fcr den Inhalt&hellip;<\/p>\n","protected":false},"author":2,"featured_media":0,"parent":0,"menu_order":0,"comment_status":"closed","ping_status":"closed","template":"","meta":{"_acf_changed":false,"footnotes":""},"class_list":["post-4493","page","type-page","status-publish","hentry"],"acf":[],"_links":{"self":[{"href":"http:\/\/stage.degree361.net:8080\/rast\/wp-json\/wp\/v2\/pages\/4493","targetHints":{"allow":["GET"]}}],"collection":[{"href":"http:\/\/stage.degree361.net:8080\/rast\/wp-json\/wp\/v2\/pages"}],"about":[{"href":"http:\/\/stage.degree361.net:8080\/rast\/wp-json\/wp\/v2\/types\/page"}],"author":[{"embeddable":true,"href":"http:\/\/stage.degree361.net:8080\/rast\/wp-json\/wp\/v2\/users\/2"}],"replies":[{"embeddable":true,"href":"http:\/\/stage.degree361.net:8080\/rast\/wp-json\/wp\/v2\/comments?post=4493"}],"version-history":[{"count":2,"href":"http:\/\/stage.degree361.net:8080\/rast\/wp-json\/wp\/v2\/pages\/4493\/revisions"}],"predecessor-version":[{"id":4495,"href":"http:\/\/stage.degree361.net:8080\/rast\/wp-json\/wp\/v2\/pages\/4493\/revisions\/4495"}],"wp:attachment":[{"href":"http:\/\/stage.degree361.net:8080\/rast\/wp-json\/wp\/v2\/media?parent=4493"}],"curies":[{"name":"wp","href":"https:\/\/api.w.org\/{rel}","templated":true}]}}