{"id":999,"date":"2025-02-20T17:06:19","date_gmt":"2025-02-20T17:06:19","guid":{"rendered":"http:\/\/stage.degree361.net:8080\/lux-sofa\/?post_type=product&#038;p=999"},"modified":"2025-03-26T12:48:08","modified_gmt":"2025-03-26T12:48:08","slug":"trosed-maxi-ginosa","status":"publish","type":"product","link":"http:\/\/stage.degree361.net:8080\/lux-sofa\/product\/trosed-maxi-ginosa\/","title":{"rendered":"Trosed maxi Limos"},"content":{"rendered":"<p><strong>Trosed maxi Limos \u2013 Udobnost koja traje i savr\u0161en dizajn za va\u0161 prostor<\/strong><\/p>\n<p>Trosed maxi Limos je savr\u0161en izbor za sve koji \u017eele da unesu luksuz i komfor u svoj dnevni boravak. Ovaj trosed nije samo mesto za sedenje \u2013 on je oaza opu\u0161tanja koja nudi beskompromisan komfor, elegantan dizajn i dugotrajan kvalitet.<\/p>\n<p>Izuzetno udoban, model Limos je dizajniran tako da pru\u017ei maksimalnu podr\u0161ku i udobnost. Njegova prostrana sedi\u0161ta i mekani nasloni omogu\u0107avaju vam da se potpuno opustite, bilo da u\u017eivate u filmu, \u010ditate knjigu ili provodite kvalitetno vreme sa porodicom i prijateljima. Svi detalji ovog troseda pa\u017eljivo su osmi\u0161ljeni kako bi vam pru\u017eili savr\u0161en do\u017eivljaj komfora i relaksacije, dan za danom.<\/p>\n<p>Moderan dizajn i elegantne linije \u010dine trosed maxi Limos idealnim za svaki enterijer. Bilo da je va\u0161 prostor minimalisti\u010dki, klasi\u010dan ili savremen, ovaj trosed se savr\u0161eno uklapa, unose\u0107i u va\u0161 dom sofisticiranost i udobnost koja traje.<\/p>\n<p>Kvalitetni materijali i izrada garantuju dugoro\u010dnu izdr\u017eljivost, a istovremeno odr\u017eavaju udobnost koja se ne menja. Maxi Limos nije samo komad name\u0161taja \u2013 to je investicija u va\u0161 prostor i svakodnevnu udobnost.<\/p>\n<p>Izaberite trosed maxi Limos \u2013 jer zaslu\u017eujete maksimalnu udobnost u stilu koji traje.<\/p>\n<p>Za izradu troseda na raspolaganju je veliki izbor \u0161tofa.<\/p>\n","protected":false},"excerpt":{"rendered":"<p>Trosed maxi Limos \u2013 Udobnost koja traje i savr\u0161en dizajn za va\u0161 prostor Trosed maxi Limos je savr\u0161en izbor za sve koji \u017eele da unesu luksuz i komfor u svoj dnevni boravak. Ovaj trosed nije samo mesto za sedenje \u2013 on je oaza opu\u0161tanja koja nudi beskompromisan komfor, elegantan dizajn i dugotrajan kvalitet. Izuzetno udoban, [&hellip;]<\/p>\n","protected":false},"featured_media":1000,"comment_status":"open","ping_status":"closed","template":"","meta":[],"product_cat":[17,64,19],"product_tag":[],"class_list":{"0":"post-999","1":"product","2":"type-product","3":"status-publish","4":"has-post-thumbnail","6":"product_cat-sofe-i-fotelje","7":"product_cat-trosedi","8":"product_cat-dvosedi-i-trosedi","10":"first","11":"instock","12":"shipping-taxable","13":"purchasable","14":"product-type-simple"},"_links":{"self":[{"href":"http:\/\/stage.degree361.net:8080\/lux-sofa\/wp-json\/wp\/v2\/product\/999","targetHints":{"allow":["GET"]}}],"collection":[{"href":"http:\/\/stage.degree361.net:8080\/lux-sofa\/wp-json\/wp\/v2\/product"}],"about":[{"href":"http:\/\/stage.degree361.net:8080\/lux-sofa\/wp-json\/wp\/v2\/types\/product"}],"replies":[{"embeddable":true,"href":"http:\/\/stage.degree361.net:8080\/lux-sofa\/wp-json\/wp\/v2\/comments?post=999"}],"wp:featuredmedia":[{"embeddable":true,"href":"http:\/\/stage.degree361.net:8080\/lux-sofa\/wp-json\/wp\/v2\/media\/1000"}],"wp:attachment":[{"href":"http:\/\/stage.degree361.net:8080\/lux-sofa\/wp-json\/wp\/v2\/media?parent=999"}],"wp:term":[{"taxonomy":"product_cat","embeddable":true,"href":"http:\/\/stage.degree361.net:8080\/lux-sofa\/wp-json\/wp\/v2\/product_cat?post=999"},{"taxonomy":"product_tag","embeddable":true,"href":"http:\/\/stage.degree361.net:8080\/lux-sofa\/wp-json\/wp\/v2\/product_tag?post=999"}],"curies":[{"name":"wp","href":"https:\/\/api.w.org\/{rel}","templated":true}]}}