{"id":994,"date":"2025-02-20T16:30:29","date_gmt":"2025-02-20T16:30:29","guid":{"rendered":"http:\/\/stage.degree361.net:8080\/lux-sofa\/?post_type=product&#038;p=994"},"modified":"2025-03-26T12:54:37","modified_gmt":"2025-03-26T12:54:37","slug":"francuski-lezaj-grazia","status":"publish","type":"product","link":"http:\/\/stage.degree361.net:8080\/lux-sofa\/product\/francuski-lezaj-grazia\/","title":{"rendered":"Francuski le\u017eaj Makronis"},"content":{"rendered":"<p><strong>Francuski le\u017eaj Makronis \u2013 Udobnost koja vas nosi u san<\/strong><\/p>\n<p>Francuski le\u017eaj Makronis je savr\u0161en spoj vrhunskog komfora i elegantnog dizajna, idealan za sve koji \u017eele da unaprede kvalitet svog sna. Sa du\u0161ekom dimenzija 160 x 200 cm, ovaj le\u017eaj pru\u017ea dovoljno prostora za opu\u0161tanje i dubok san, bez kompromisa na udobnosti.<\/p>\n<p>Izuzetno udoban, le\u017eaj Makronis je dizajniran da vam pru\u017ei optimalnu podr\u0161ku tokom no\u0107i, omogu\u0107avaju\u0107i vam da se probudite osve\u017eeni i spremni za novi dan. Njegova visokokvalitetna izrada garantuje dugotrajan u\u017eitak, dok materijali koji \u010dine le\u017eaj omogu\u0107avaju cirkulaciju vazduha, \u0161to doprinosi sve\u017eini i udobnosti tokom spavanja.<\/p>\n<p>Sofisticiranog i modernog izgleda, le\u017eaj Makronis lako se uklapa u svaki enterijer, unose\u0107i eleganciju i luksuz u va\u0161u spava\u0107u sobu. Bilo da preferirate klasi\u010dan ili savremeni stil, ovaj le\u017eaj \u0107e biti centralni komad koji privla\u010di pa\u017enju i stvara prijatan, umiruju\u0107i ambijent.<\/p>\n<p>Francuski le\u017eaj Makronis nije samo komad name\u0161taja, ve\u0107 investicija u va\u0161 zdrav san i udobnost. Njegova prostrana dimenzija i izuzetni materijali \u010dine ga savr\u0161enim re\u0161enjem za one koji \u017eele da u\u017eivaju u kvalitetnom odmoru i savr\u0161enom snu.<\/p>\n<p>Izaberite francuski le\u017eaj Makronis \u2013 jer zaslu\u017eujete le\u017eaj koji vam pru\u017ea vi\u0161e od spavanja, on vam donosi pravi odmor.<\/p>\n<p>Ovaj model francuskog le\u017eaja mogu\u0107e je naru\u010diti u nekoliko razli\u010ditih dimenzija. Tako\u0111e postoji opcija sa kutijom za odlaganje stvari.<\/p>\n","protected":false},"excerpt":{"rendered":"<p>Francuski le\u017eaj Makronis \u2013 Udobnost koja vas nosi u san Francuski le\u017eaj Makronis je savr\u0161en spoj vrhunskog komfora i elegantnog dizajna, idealan za sve koji \u017eele da unaprede kvalitet svog sna. Sa du\u0161ekom dimenzija 160 x 200 cm, ovaj le\u017eaj pru\u017ea dovoljno prostora za opu\u0161tanje i dubok san, bez kompromisa na udobnosti. Izuzetno udoban, le\u017eaj [&hellip;]<\/p>\n","protected":false},"featured_media":995,"comment_status":"open","ping_status":"closed","template":"","meta":[],"product_cat":[32],"product_tag":[],"class_list":{"0":"post-994","1":"product","2":"type-product","3":"status-publish","4":"has-post-thumbnail","6":"product_cat-francuski-lezajevi","8":"first","9":"instock","10":"shipping-taxable","11":"purchasable","12":"product-type-simple"},"_links":{"self":[{"href":"http:\/\/stage.degree361.net:8080\/lux-sofa\/wp-json\/wp\/v2\/product\/994","targetHints":{"allow":["GET"]}}],"collection":[{"href":"http:\/\/stage.degree361.net:8080\/lux-sofa\/wp-json\/wp\/v2\/product"}],"about":[{"href":"http:\/\/stage.degree361.net:8080\/lux-sofa\/wp-json\/wp\/v2\/types\/product"}],"replies":[{"embeddable":true,"href":"http:\/\/stage.degree361.net:8080\/lux-sofa\/wp-json\/wp\/v2\/comments?post=994"}],"wp:featuredmedia":[{"embeddable":true,"href":"http:\/\/stage.degree361.net:8080\/lux-sofa\/wp-json\/wp\/v2\/media\/995"}],"wp:attachment":[{"href":"http:\/\/stage.degree361.net:8080\/lux-sofa\/wp-json\/wp\/v2\/media?parent=994"}],"wp:term":[{"taxonomy":"product_cat","embeddable":true,"href":"http:\/\/stage.degree361.net:8080\/lux-sofa\/wp-json\/wp\/v2\/product_cat?post=994"},{"taxonomy":"product_tag","embeddable":true,"href":"http:\/\/stage.degree361.net:8080\/lux-sofa\/wp-json\/wp\/v2\/product_tag?post=994"}],"curies":[{"name":"wp","href":"https:\/\/api.w.org\/{rel}","templated":true}]}}