{"id":988,"date":"2025-02-20T15:57:53","date_gmt":"2025-02-20T15:57:53","guid":{"rendered":"http:\/\/stage.degree361.net:8080\/lux-sofa\/?post_type=product&#038;p=988"},"modified":"2025-03-26T12:57:59","modified_gmt":"2025-03-26T12:57:59","slug":"ugaona-garnitura-lira","status":"publish","type":"product","link":"http:\/\/stage.degree361.net:8080\/lux-sofa\/product\/ugaona-garnitura-lira\/","title":{"rendered":"Ugaona garnitura Naksos"},"content":{"rendered":"<p><strong>Ugaona garnitura Naksos \u2013 Neprevazi\u0111eni komfor i prefinjen dizajn za va\u0161 prostor<\/strong><\/p>\n<p>Ugaona garnitura Naksos je pravi izbor za one koji \u017eele da unesu luksuz, udobnost i modernu eleganciju u svoj dom. Sa savr\u0161enim balansima izme\u0111u funkcionalnosti i stila, Naksos je vi\u0161e od obi\u010dnog komada name\u0161taja \u2013 ona je oaza opu\u0161tanja, koja \u0107e svaki prostor u\u010diniti toplim, sofisticiranim i pozivaju\u0107im.<\/p>\n<p>Izuzetno komforna, ova garnitura pru\u017ea savr\u0161enu podr\u0161ku za va\u0161e telo, omogu\u0107avaju\u0107i vam da se opustite i u\u017eivate u svakom trenutku provedenom na njoj. Svojim prostranim sedi\u0161tima i ergonomskim naslonima, Naksos je idealna za u\u017eivanje u filmovima, dru\u017eenjima sa prijateljima ili jednostavnom opu\u0161tanju nakon napornog dana.<\/p>\n<p>Dopadljiv dizajn garniture Naksos \u010dini je savr\u0161enim izborom za svaki enterijer \u2013 bilo da je va\u0161 prostor moderan, klasi\u010dan ili minimalisti\u010dki, ova garnitura se uklapa sa lako\u0107om, dodaju\u0107i \u0161arm i sofisticiranost va\u0161em domu. \u010ciste linije i pa\u017eljivo odabrani materijali daju joj elegantan i suvremen izgled, koji nikada ne izlazi iz mode.<\/p>\n<p>Pored atraktivnog izgleda, garnitura Naksos je izuzetno dugotrajna i izdr\u017eljiva, \u0161to zna\u010di da \u0107e vam pru\u017eati maksimalan komfor i lepotu dugi niz godina. Njena vrhunska izrada garantuje visok kvalitet koji se oslikava u svakom detalju.<\/p>\n<p>Ugaona garnitura Naksos nije samo komad name\u0161taja \u2013 ona je pravo mesto za u\u017eivanje, opu\u0161tanje i stvaranje nezaboravnih trenutaka sa va\u0161im najbli\u017eima.<\/p>\n<p>Izaberite garnituru Naksos \u2013 zato \u0161to va\u0161 prostor zaslu\u017euje najbolje.<\/p>\n<p>Za izradu ganiture na raspolaganju je veliki izbor \u0161tofa, kao i mogu\u0107nost kombinovanja ve\u0107eg broja elemenata razli\u010ditih dimenzija.<\/p>\n","protected":false},"excerpt":{"rendered":"<p>Ugaona garnitura Naksos \u2013 Neprevazi\u0111eni komfor i prefinjen dizajn za va\u0161 prostor Ugaona garnitura Naksos je pravi izbor za one koji \u017eele da unesu luksuz, udobnost i modernu eleganciju u svoj dom. Sa savr\u0161enim balansima izme\u0111u funkcionalnosti i stila, Naksos je vi\u0161e od obi\u010dnog komada name\u0161taja \u2013 ona je oaza opu\u0161tanja, koja \u0107e svaki prostor [&hellip;]<\/p>\n","protected":false},"featured_media":989,"comment_status":"open","ping_status":"closed","template":"","meta":[],"product_cat":[62,60,18,57],"product_tag":[],"class_list":{"0":"post-988","1":"product","2":"type-product","3":"status-publish","4":"has-post-thumbnail","6":"product_cat-moderne-ugaone-garniture","7":"product_cat-modularne-ugaone-garniture","8":"product_cat-ugaone-garniture","9":"product_cat-velike-ugaone-garniture","11":"first","12":"instock","13":"shipping-taxable","14":"purchasable","15":"product-type-simple"},"_links":{"self":[{"href":"http:\/\/stage.degree361.net:8080\/lux-sofa\/wp-json\/wp\/v2\/product\/988","targetHints":{"allow":["GET"]}}],"collection":[{"href":"http:\/\/stage.degree361.net:8080\/lux-sofa\/wp-json\/wp\/v2\/product"}],"about":[{"href":"http:\/\/stage.degree361.net:8080\/lux-sofa\/wp-json\/wp\/v2\/types\/product"}],"replies":[{"embeddable":true,"href":"http:\/\/stage.degree361.net:8080\/lux-sofa\/wp-json\/wp\/v2\/comments?post=988"}],"wp:featuredmedia":[{"embeddable":true,"href":"http:\/\/stage.degree361.net:8080\/lux-sofa\/wp-json\/wp\/v2\/media\/989"}],"wp:attachment":[{"href":"http:\/\/stage.degree361.net:8080\/lux-sofa\/wp-json\/wp\/v2\/media?parent=988"}],"wp:term":[{"taxonomy":"product_cat","embeddable":true,"href":"http:\/\/stage.degree361.net:8080\/lux-sofa\/wp-json\/wp\/v2\/product_cat?post=988"},{"taxonomy":"product_tag","embeddable":true,"href":"http:\/\/stage.degree361.net:8080\/lux-sofa\/wp-json\/wp\/v2\/product_tag?post=988"}],"curies":[{"name":"wp","href":"https:\/\/api.w.org\/{rel}","templated":true}]}}