{"id":981,"date":"2025-02-20T14:35:33","date_gmt":"2025-02-20T14:35:33","guid":{"rendered":"http:\/\/stage.degree361.net:8080\/lux-sofa\/?post_type=product&#038;p=981"},"modified":"2025-03-26T13:04:03","modified_gmt":"2025-03-26T13:04:03","slug":"ugaona-garnitura-lucia","status":"publish","type":"product","link":"http:\/\/stage.degree361.net:8080\/lux-sofa\/product\/ugaona-garnitura-lucia\/","title":{"rendered":"Ugaona garnitura Paros"},"content":{"rendered":"<p><strong>Ugaona garnitura Paros \u2013 Elegancija i komfor u jednom savr\u0161enom komadu name\u0161taja<\/strong><\/p>\n<p>Ugaona garnitura Paros je pravo otkri\u0107e za sve koji \u017eele da unesu sofisticiranost i vrhunski komfor u svoj prostor. S njenim modernim dizajnom i izuzetnim materijalima, Paros je garnitura koja ne samo da pru\u017ea ultimativnu udobnost, ve\u0107 i vizuelno upotpunjava svaki enterijer.<\/p>\n<p>Svaka linija i detalj ove garniture pa\u017eljivo je osmi\u0161ljen kako bi vam omogu\u0107io potpuni u\u017eitak i opu\u0161tanje. Izuzetno komforna, sa savr\u0161enim balansima izme\u0111u mekane povr\u0161ine i \u010dvrstog oslonca, Lucia je idealna za sedenje, opu\u0161tanje ili u\u017eivanje u trenucima sa porodicom i prijateljima. Njena prostrana, ergonomi\u010dna forma omogu\u0107ava da se svi udobno smeste, a istovremeno pru\u017ea prostor za nesmetano kretanje i komfornu upotrebu.<\/p>\n<p>Dopadljiv dizajn ove ugaone garniture \u010dini je savr\u0161enim izborom za bilo koji prostor \u2013 bilo da je va\u0161 enterijer klasi\u010dan, modernisti\u010dki ili savremen, Paros se s lako\u0107om uklapa, dodaju\u0107i da\u0161ak elegancije svakom detalju.<\/p>\n<p>Napravljena od najkvalitetnijih materijala, garnitura Paros je dugotrajan i pouzdan izbor, dizajniran da izdr\u017ei svakodnevnu upotrebu, dok njena izuzetna udobnost ostaje nepromenjena tokom vremena.<\/p>\n<p>Ugaona garnitura Paros nije samo name\u0161taj \u2013 ona je va\u0161a oaza komfora, elegancije i stila.<\/p>\n<p>Izaberite Paros \u2013 zato \u0161to zaslu\u017eujete prostor u kojem se svaki trenutak opu\u0161tanja pretvara u pravi luksuz.<\/p>\n<p>Za izradu ganiture na raspolaganju je veliki izbor \u0161tofa, kao i mogu\u0107nost kombinovanja ve\u0107eg broja elemenata razli\u010ditih dimenzija.<\/p>\n","protected":false},"excerpt":{"rendered":"<p>Ugaona garnitura Paros \u2013 Elegancija i komfor u jednom savr\u0161enom komadu name\u0161taja Ugaona garnitura Paros je pravo otkri\u0107e za sve koji \u017eele da unesu sofisticiranost i vrhunski komfor u svoj prostor. S njenim modernim dizajnom i izuzetnim materijalima, Paros je garnitura koja ne samo da pru\u017ea ultimativnu udobnost, ve\u0107 i vizuelno upotpunjava svaki enterijer. Svaka [&hellip;]<\/p>\n","protected":false},"featured_media":982,"comment_status":"open","ping_status":"closed","template":"","meta":[],"product_cat":[62,60,18,57],"product_tag":[],"class_list":{"0":"post-981","1":"product","2":"type-product","3":"status-publish","4":"has-post-thumbnail","6":"product_cat-moderne-ugaone-garniture","7":"product_cat-modularne-ugaone-garniture","8":"product_cat-ugaone-garniture","9":"product_cat-velike-ugaone-garniture","11":"first","12":"instock","13":"shipping-taxable","14":"purchasable","15":"product-type-simple"},"_links":{"self":[{"href":"http:\/\/stage.degree361.net:8080\/lux-sofa\/wp-json\/wp\/v2\/product\/981","targetHints":{"allow":["GET"]}}],"collection":[{"href":"http:\/\/stage.degree361.net:8080\/lux-sofa\/wp-json\/wp\/v2\/product"}],"about":[{"href":"http:\/\/stage.degree361.net:8080\/lux-sofa\/wp-json\/wp\/v2\/types\/product"}],"replies":[{"embeddable":true,"href":"http:\/\/stage.degree361.net:8080\/lux-sofa\/wp-json\/wp\/v2\/comments?post=981"}],"wp:featuredmedia":[{"embeddable":true,"href":"http:\/\/stage.degree361.net:8080\/lux-sofa\/wp-json\/wp\/v2\/media\/982"}],"wp:attachment":[{"href":"http:\/\/stage.degree361.net:8080\/lux-sofa\/wp-json\/wp\/v2\/media?parent=981"}],"wp:term":[{"taxonomy":"product_cat","embeddable":true,"href":"http:\/\/stage.degree361.net:8080\/lux-sofa\/wp-json\/wp\/v2\/product_cat?post=981"},{"taxonomy":"product_tag","embeddable":true,"href":"http:\/\/stage.degree361.net:8080\/lux-sofa\/wp-json\/wp\/v2\/product_tag?post=981"}],"curies":[{"name":"wp","href":"https:\/\/api.w.org\/{rel}","templated":true}]}}