{"id":968,"date":"2025-02-20T11:52:05","date_gmt":"2025-02-20T11:52:05","guid":{"rendered":"http:\/\/stage.degree361.net:8080\/lux-sofa\/?post_type=product&#038;p=968"},"modified":"2025-03-26T13:13:58","modified_gmt":"2025-03-26T13:13:58","slug":"fotelja-miranda","status":"publish","type":"product","link":"http:\/\/stage.degree361.net:8080\/lux-sofa\/product\/fotelja-miranda\/","title":{"rendered":"Fotelja Patmos"},"content":{"rendered":"<p><strong>Fotelja Patmos \u2013 Udobnost koja inspiri\u0161e svaki trenutak opu\u0161tanja<\/strong><\/p>\n<p>Fotelja Patmos je savr\u0161en izbor za sve koji \u017eele da unesu luksuz i udobnost u svoj prostor. S pa\u017eljivim dizajnom i visokokvalitetnim materijalima, ova fotelja pru\u017ea bezpremostnu udobnost koja \u0107e zadovoljiti \u010dak i najzahtevnije ljubitelje name\u0161taja.<\/p>\n<p>Svaka detalj ove fotelje govori o savr\u0161enoj ravnote\u017ei izme\u0111u funkcionalnosti i elegancije. Njena ergonomska konstrukcija omogu\u0107ava optimalnu podr\u0161ku za telo, \u010dine\u0107i je idealnim mestom za opu\u0161tanje nakon napornog dana. Bilo da u\u017eivate u trenutku ti\u0161ine sa knjigom u ruci ili se opu\u0161tate uz omiljeni film, fotelja Patmos je va\u0161e savr\u0161eno uto\u010di\u0161te.<\/p>\n<p>Izuzetno udobna, ali i modernog dizajna, fotelja Patmos lako se uklapa u razli\u010dite stilove enterijera. Njen sofisticirani izgled donosi da\u0161ak elegancije, a njena vrhunska izrada garantuje dugotrajan u\u017eitak.<\/p>\n<p>Fotelja Patmos je vi\u0161e od obi\u010dnog komada name\u0161taja \u2013 to je poziv na opu\u0161tanje, kvalitetan odmor i luksuzni do\u017eivljaj svakog dana.<\/p>\n<p>Izaberite fotelju Patmos \u2013 jer zaslu\u017eujete udobnost koja traje i stvori\u0107e prostor u kojem \u0107ete u\u017eivati u svakom trenutku.<\/p>\n<p>Za izradu fotelje na raspolaganju je veliki izbor \u0161tofa.<\/p>\n","protected":false},"excerpt":{"rendered":"<p>Fotelja Patmos \u2013 Udobnost koja inspiri\u0161e svaki trenutak opu\u0161tanja Fotelja Patmos je savr\u0161en izbor za sve koji \u017eele da unesu luksuz i udobnost u svoj prostor. S pa\u017eljivim dizajnom i visokokvalitetnim materijalima, ova fotelja pru\u017ea bezpremostnu udobnost koja \u0107e zadovoljiti \u010dak i najzahtevnije ljubitelje name\u0161taja. Svaka detalj ove fotelje govori o savr\u0161enoj ravnote\u017ei izme\u0111u funkcionalnosti [&hellip;]<\/p>\n","protected":false},"featured_media":969,"comment_status":"open","ping_status":"closed","template":"","meta":[],"product_cat":[66,104,103,105,17,33,19],"product_tag":[],"class_list":{"0":"post-968","1":"product","2":"type-product","3":"status-publish","4":"has-post-thumbnail","6":"product_cat-fotelje","7":"product_cat-klub-fotelje","8":"product_cat-male-fotelje","9":"product_cat-moderne-fotelje","10":"product_cat-sofe-i-fotelje","11":"product_cat-stolice-i-fotelje","12":"product_cat-dvosedi-i-trosedi","14":"first","15":"instock","16":"shipping-taxable","17":"purchasable","18":"product-type-simple"},"_links":{"self":[{"href":"http:\/\/stage.degree361.net:8080\/lux-sofa\/wp-json\/wp\/v2\/product\/968","targetHints":{"allow":["GET"]}}],"collection":[{"href":"http:\/\/stage.degree361.net:8080\/lux-sofa\/wp-json\/wp\/v2\/product"}],"about":[{"href":"http:\/\/stage.degree361.net:8080\/lux-sofa\/wp-json\/wp\/v2\/types\/product"}],"replies":[{"embeddable":true,"href":"http:\/\/stage.degree361.net:8080\/lux-sofa\/wp-json\/wp\/v2\/comments?post=968"}],"wp:featuredmedia":[{"embeddable":true,"href":"http:\/\/stage.degree361.net:8080\/lux-sofa\/wp-json\/wp\/v2\/media\/969"}],"wp:attachment":[{"href":"http:\/\/stage.degree361.net:8080\/lux-sofa\/wp-json\/wp\/v2\/media?parent=968"}],"wp:term":[{"taxonomy":"product_cat","embeddable":true,"href":"http:\/\/stage.degree361.net:8080\/lux-sofa\/wp-json\/wp\/v2\/product_cat?post=968"},{"taxonomy":"product_tag","embeddable":true,"href":"http:\/\/stage.degree361.net:8080\/lux-sofa\/wp-json\/wp\/v2\/product_tag?post=968"}],"curies":[{"name":"wp","href":"https:\/\/api.w.org\/{rel}","templated":true}]}}