{"id":962,"date":"2025-02-20T11:08:05","date_gmt":"2025-02-20T11:08:05","guid":{"rendered":"http:\/\/stage.degree361.net:8080\/lux-sofa\/?post_type=product&#038;p=962"},"modified":"2025-03-26T13:16:51","modified_gmt":"2025-03-26T13:16:51","slug":"trosed-maxi-nick","status":"publish","type":"product","link":"http:\/\/stage.degree361.net:8080\/lux-sofa\/product\/trosed-maxi-nick\/","title":{"rendered":"Trosed maxi Samos"},"content":{"rendered":"<p><strong>Trosed maxi Samos \u2013 Izuzetna udobnost za savr\u0161en odmor<\/strong><\/p>\n<p>Trosed maxi Samos je pravi izbor za sve koji \u017eele da svoj dnevni boravak transformi\u0161u u prostor pun udobnosti i stila. S dizajnom koji spaja modernu estetiku i vrhunski komfor, ovaj trosed je stvoren za one koji cene kvalitet i luksuz u svakom detalju.<\/p>\n<p>Njegova posebnost le\u017ei u savr\u0161enoj ravnote\u017ei izme\u0111u \u010dvrstog oslonca i mekanog, prijatnog sedi\u0161ta, pru\u017eaju\u0107i vam nezaboravno iskustvo udobnosti. Bilo da se opu\u0161tate uz omiljeni film ili u\u017eivate u dru\u017eenjima sa prijateljima i porodicom, maxi Samos \u0107e vam omogu\u0107iti potpuni odmor i relaksaciju.<\/p>\n<p>Dizajn troseda je savremen, sa \u010distim linijama i sofisticiranim detaljima koji lako uskla\u0111uju sa razli\u010ditim enterijerima. Izra\u0111en od visokokvalitetnih materijala, garantuje dugotrajan i pouzdan proizvod koji ne\u0107e izneveriti ni nakon godina upotrebe.<\/p>\n<p>Maxi Samos je idealan za sve koji \u017eele prostor koji ne samo da odi\u0161e elegancijom, ve\u0107 pru\u017ea i vrhunski komfor. Bilo da tra\u017eite prostor za opu\u0161tanje ili mesto za razgovor, ovaj trosed \u0107e svakako biti centar va\u0161eg dnevnog boravka.<\/p>\n<p>Ovaj trosed nije samo komad name\u0161taja \u2013 to je poziv na u\u017eivanje u svakom trenutku, savr\u0161en spoj stila, udobnosti i dugotrajnog kvaliteta.<\/p>\n<p>Izaberite trosed maxi Samos \u2013 jer zaslu\u017eujete udobnost koja traje.<\/p>\n<p>Za izradu troseda na raspolaganju je veliki izbor \u0161tofa.<\/p>\n","protected":false},"excerpt":{"rendered":"<p>Trosed maxi Samos \u2013 Izuzetna udobnost za savr\u0161en odmor Trosed maxi Samos je pravi izbor za sve koji \u017eele da svoj dnevni boravak transformi\u0161u u prostor pun udobnosti i stila. S dizajnom koji spaja modernu estetiku i vrhunski komfor, ovaj trosed je stvoren za one koji cene kvalitet i luksuz u svakom detalju. Njegova posebnost [&hellip;]<\/p>\n","protected":false},"featured_media":963,"comment_status":"open","ping_status":"closed","template":"","meta":[],"product_cat":[17,64,19],"product_tag":[],"class_list":{"0":"post-962","1":"product","2":"type-product","3":"status-publish","4":"has-post-thumbnail","6":"product_cat-sofe-i-fotelje","7":"product_cat-trosedi","8":"product_cat-dvosedi-i-trosedi","10":"first","11":"instock","12":"shipping-taxable","13":"purchasable","14":"product-type-simple"},"_links":{"self":[{"href":"http:\/\/stage.degree361.net:8080\/lux-sofa\/wp-json\/wp\/v2\/product\/962","targetHints":{"allow":["GET"]}}],"collection":[{"href":"http:\/\/stage.degree361.net:8080\/lux-sofa\/wp-json\/wp\/v2\/product"}],"about":[{"href":"http:\/\/stage.degree361.net:8080\/lux-sofa\/wp-json\/wp\/v2\/types\/product"}],"replies":[{"embeddable":true,"href":"http:\/\/stage.degree361.net:8080\/lux-sofa\/wp-json\/wp\/v2\/comments?post=962"}],"wp:featuredmedia":[{"embeddable":true,"href":"http:\/\/stage.degree361.net:8080\/lux-sofa\/wp-json\/wp\/v2\/media\/963"}],"wp:attachment":[{"href":"http:\/\/stage.degree361.net:8080\/lux-sofa\/wp-json\/wp\/v2\/media?parent=962"}],"wp:term":[{"taxonomy":"product_cat","embeddable":true,"href":"http:\/\/stage.degree361.net:8080\/lux-sofa\/wp-json\/wp\/v2\/product_cat?post=962"},{"taxonomy":"product_tag","embeddable":true,"href":"http:\/\/stage.degree361.net:8080\/lux-sofa\/wp-json\/wp\/v2\/product_tag?post=962"}],"curies":[{"name":"wp","href":"https:\/\/api.w.org\/{rel}","templated":true}]}}