{"id":956,"date":"2025-02-20T10:37:44","date_gmt":"2025-02-20T10:37:44","guid":{"rendered":"http:\/\/stage.degree361.net:8080\/lux-sofa\/?post_type=product&#038;p=956"},"modified":"2025-03-26T13:21:33","modified_gmt":"2025-03-26T13:21:33","slug":"ugaona-garnitura-nila","status":"publish","type":"product","link":"http:\/\/stage.degree361.net:8080\/lux-sofa\/product\/ugaona-garnitura-nila\/","title":{"rendered":"Ugaona garnitura Tira"},"content":{"rendered":"<p><strong>Ugaona garnitura Tira \u2013 Savr\u0161en spoj komfora i stila za va\u0161 dom<\/strong><\/p>\n<p>Ugaona garnitura Tira je sinonim za luksuz, udobnost i vrhunski dizajn. S pa\u017eljivo biranim materijalima i savremenim stilom, Tira je idealan izbor za one koji tra\u017ee ne samo udoban, ve\u0107 i estetski prelep name\u0161taj koji \u0107e upotpuniti svaki prostor.<\/p>\n<p>Ova garnitura pru\u017ea beskompromisnu udobnost zahvaljuju\u0107i mekanim jastucima i ergonomski dizajniranoj povr\u0161ini za sedenje, koja omogu\u0107ava opu\u0161tanje u svim trenucima. Bez obzira da li se opu\u0161tate uz omiljeni film ili provodite vreme sa porodicom i prijateljima, Tira je tu da vam pru\u017ei vrhunski do\u017eivljaj komfora.<\/p>\n<p>Prostran, moderan i funkcionalan dizajn \u010dini ovu ugaonu garnituru savr\u0161enim re\u0161enjem za dnevne boravke, \u010dine\u0107i prostor prozra\u010dnijim i ve\u0107im. Njena svestranost i prilagodljivost razli\u010ditim enterijerima \u010dine je idealnim izborom za svaku vrstu prostora \u2013 bilo da je va\u0161 dom minimalisti\u010dki, klasi\u010dan ili savremeni.<\/p>\n<p>Zahvaljuju\u0107i izdr\u017eljivim materijalima, garnitura Tira je dugotrajan i pouzdan izbor, spreman da izdr\u017ei sve izazove svakodnevnog kori\u0161\u0107enja, dok njena elegantna boja i \u010distih linija donose sofisticiranost svakom prostoru.<\/p>\n<p>Za one koji vrednuju luksuz, kvalitet i komfor, Tira nije samo komad name\u0161taja \u2013 to je investicija u udoban i lep \u017eivotni prostor.<\/p>\n<p>Izaberite ugaonu garnituru Tira \u2013 va\u0161a oaza mira i stila.<\/p>\n<p>Za izradu ganiture na raspolaganju je veliki izbor \u0161tofa, kao i mogu\u0107nost kombinovanja ve\u0107eg broja elemenata razli\u010ditih dimenzija.<\/p>\n","protected":false},"excerpt":{"rendered":"<p>Ugaona garnitura Tira \u2013 Savr\u0161en spoj komfora i stila za va\u0161 dom Ugaona garnitura Tira je sinonim za luksuz, udobnost i vrhunski dizajn. S pa\u017eljivo biranim materijalima i savremenim stilom, Tira je idealan izbor za one koji tra\u017ee ne samo udoban, ve\u0107 i estetski prelep name\u0161taj koji \u0107e upotpuniti svaki prostor. Ova garnitura pru\u017ea beskompromisnu [&hellip;]<\/p>\n","protected":false},"featured_media":957,"comment_status":"open","ping_status":"closed","template":"","meta":[],"product_cat":[62,60,18,57],"product_tag":[],"class_list":{"0":"post-956","1":"product","2":"type-product","3":"status-publish","4":"has-post-thumbnail","6":"product_cat-moderne-ugaone-garniture","7":"product_cat-modularne-ugaone-garniture","8":"product_cat-ugaone-garniture","9":"product_cat-velike-ugaone-garniture","11":"first","12":"instock","13":"shipping-taxable","14":"purchasable","15":"product-type-simple"},"_links":{"self":[{"href":"http:\/\/stage.degree361.net:8080\/lux-sofa\/wp-json\/wp\/v2\/product\/956","targetHints":{"allow":["GET"]}}],"collection":[{"href":"http:\/\/stage.degree361.net:8080\/lux-sofa\/wp-json\/wp\/v2\/product"}],"about":[{"href":"http:\/\/stage.degree361.net:8080\/lux-sofa\/wp-json\/wp\/v2\/types\/product"}],"replies":[{"embeddable":true,"href":"http:\/\/stage.degree361.net:8080\/lux-sofa\/wp-json\/wp\/v2\/comments?post=956"}],"wp:featuredmedia":[{"embeddable":true,"href":"http:\/\/stage.degree361.net:8080\/lux-sofa\/wp-json\/wp\/v2\/media\/957"}],"wp:attachment":[{"href":"http:\/\/stage.degree361.net:8080\/lux-sofa\/wp-json\/wp\/v2\/media?parent=956"}],"wp:term":[{"taxonomy":"product_cat","embeddable":true,"href":"http:\/\/stage.degree361.net:8080\/lux-sofa\/wp-json\/wp\/v2\/product_cat?post=956"},{"taxonomy":"product_tag","embeddable":true,"href":"http:\/\/stage.degree361.net:8080\/lux-sofa\/wp-json\/wp\/v2\/product_tag?post=956"}],"curies":[{"name":"wp","href":"https:\/\/api.w.org\/{rel}","templated":true}]}}