{"id":947,"date":"2025-02-19T14:57:41","date_gmt":"2025-02-19T14:57:41","guid":{"rendered":"http:\/\/stage.degree361.net:8080\/lux-sofa\/?post_type=product&#038;p=947"},"modified":"2025-03-26T13:31:58","modified_gmt":"2025-03-26T13:31:58","slug":"trosed-lanai","status":"publish","type":"product","link":"http:\/\/stage.degree361.net:8080\/lux-sofa\/product\/trosed-lanai\/","title":{"rendered":"Trosed Hydra"},"content":{"rendered":"<p><strong>Trosed Hydra \u2013 Savr\u0161ena udobnost za svaki trenutak opu\u0161tanja<\/strong><\/p>\n<p>Trosed Hydra<strong>\u00a0<\/strong>je idealan izbor za sve koji \u017eele spoj luksuza, komfora i stila u svom domu. Sa pa\u017eljivo odabranim materijalima i savremenim dizajnom, ovaj trosed pru\u017ea ne samo vrhunsku udobnost, ve\u0107 i sofisticirani izgled koji \u0107e unaprediti svaki prostor.<\/p>\n<p>Mekan i izuzetno udoban, Hydra je dizajniran da pru\u017ei savr\u0161enu podr\u0161ku va\u0161em telu, bilo da se opu\u0161tate, \u010ditate ili u\u017eivate u dru\u0161tvu. Njegove prostrane sedi\u0161ne povr\u0161ine i komforni nasloni omogu\u0107avaju dugotrajnu udobnost, dok moderni detalji i kvalitetna tkanina \u010dine ga sredi\u0161njim delom svakog prostora. Hydra\u00a0je jednostavan za odr\u017eavanje, a istovremeno dovoljno luksuzan da unese eleganciju u va\u0161 dom.<\/p>\n<p>Bez obzira na to da li \u017eelite kreirati miran kutak za opu\u0161tanje ili dodati da\u0161ak sofisticiranosti va\u0161em dnevnom boravku, trosed Hydra je pravi izbor za vas. Neka svaki trenutak proveden na njemu bude izvor potpunog zadovoljstva \u2013 odaberite Hydra\u00a0i u\u017eivajte u udobnosti koja traje!<\/p>\n<p>Za izradu troseda na raspolaganju je veliki izbor \u0161tofa.<\/p>\n","protected":false},"excerpt":{"rendered":"<p>Trosed Hydra \u2013 Savr\u0161ena udobnost za svaki trenutak opu\u0161tanja Trosed Hydra\u00a0je idealan izbor za sve koji \u017eele spoj luksuza, komfora i stila u svom domu. Sa pa\u017eljivo odabranim materijalima i savremenim dizajnom, ovaj trosed pru\u017ea ne samo vrhunsku udobnost, ve\u0107 i sofisticirani izgled koji \u0107e unaprediti svaki prostor. Mekan i izuzetno udoban, Hydra je dizajniran [&hellip;]<\/p>\n","protected":false},"featured_media":948,"comment_status":"open","ping_status":"closed","template":"","meta":[],"product_cat":[17,64,19],"product_tag":[],"class_list":{"0":"post-947","1":"product","2":"type-product","3":"status-publish","4":"has-post-thumbnail","6":"product_cat-sofe-i-fotelje","7":"product_cat-trosedi","8":"product_cat-dvosedi-i-trosedi","10":"first","11":"instock","12":"shipping-taxable","13":"purchasable","14":"product-type-simple"},"_links":{"self":[{"href":"http:\/\/stage.degree361.net:8080\/lux-sofa\/wp-json\/wp\/v2\/product\/947","targetHints":{"allow":["GET"]}}],"collection":[{"href":"http:\/\/stage.degree361.net:8080\/lux-sofa\/wp-json\/wp\/v2\/product"}],"about":[{"href":"http:\/\/stage.degree361.net:8080\/lux-sofa\/wp-json\/wp\/v2\/types\/product"}],"replies":[{"embeddable":true,"href":"http:\/\/stage.degree361.net:8080\/lux-sofa\/wp-json\/wp\/v2\/comments?post=947"}],"wp:featuredmedia":[{"embeddable":true,"href":"http:\/\/stage.degree361.net:8080\/lux-sofa\/wp-json\/wp\/v2\/media\/948"}],"wp:attachment":[{"href":"http:\/\/stage.degree361.net:8080\/lux-sofa\/wp-json\/wp\/v2\/media?parent=947"}],"wp:term":[{"taxonomy":"product_cat","embeddable":true,"href":"http:\/\/stage.degree361.net:8080\/lux-sofa\/wp-json\/wp\/v2\/product_cat?post=947"},{"taxonomy":"product_tag","embeddable":true,"href":"http:\/\/stage.degree361.net:8080\/lux-sofa\/wp-json\/wp\/v2\/product_tag?post=947"}],"curies":[{"name":"wp","href":"https:\/\/api.w.org\/{rel}","templated":true}]}}