{"id":940,"date":"2025-02-19T14:53:13","date_gmt":"2025-02-19T14:53:13","guid":{"rendered":"http:\/\/stage.degree361.net:8080\/lux-sofa\/?post_type=product&#038;p=940"},"modified":"2025-03-26T13:36:51","modified_gmt":"2025-03-26T13:36:51","slug":"trosed-maxi-lanai","status":"publish","type":"product","link":"http:\/\/stage.degree361.net:8080\/lux-sofa\/product\/trosed-maxi-lanai\/","title":{"rendered":"Trosed maxi Hydra"},"content":{"rendered":"<p><strong>Trosed maxi Hydra \u2013 Preporodite svoj prostor sa vrhunskom udobno\u0161\u0107u<\/strong><\/p>\n<p>Trosed maxi<em> Hydra<\/em>\u00a0je vi\u0161e od obi\u010dnog name\u0161taja \u2013 to je oaza udobnosti koja unosi eleganciju i funkcionalnost u va\u0161 dom. Sa svojom izuzetnom dimenzijom i modernim dizajnom, ovaj trosed pru\u017ea ne samo prostor, ve\u0107 i savr\u0161eno okru\u017eenje za opu\u0161tanje i u\u017eivanje. Bez obzira na to da li \u017eelite da se opustite uz knjigu, u\u017eivate u filmu ili ugostite prijatelje, maxi<em> Hydra<\/em>\u00a0je idealan izbor za svaki trenutak.<\/p>\n<p>Napravljen od visokokvalitetnih materijala, sa svojim prostranim sedi\u0161tima i mekanim naslonima, garantuje da svaki trenutak proveden na njemu bude potpuni u\u017eitak. Nema vi\u0161e kompromisa izme\u0111u stila i udobnosti \u2013 maxi<em> Hydra<\/em>\u00a0vam nudi oboje.<\/p>\n<p>Svojim savremenim, minimalisti\u010dkim izgledom, ovaj trosed se lako uklapa u razli\u010dite stilove enterijera, bilo da je re\u010d o modernom, klasi\u010dnom ili skandinavskom dizajnu. Savr\u0161en za dnevne boravke, ali i za prostrane salone, maxi<em> Hydra<\/em>\u00a0pru\u017ea luksuz koji mo\u017eete svakodnevno do\u017eiveti.<\/p>\n<p>Neka va\u0161 prostor postane sinonim za udobnost i stil \u2013 odaberite trosed maxi<em> Hydra<\/em>\u00a0i uverite se za\u0161to je pravi izbor za va\u0161 dom!<\/p>\n<p>Za izradu troseda na raspolaganju je veliki izbor \u0161tofa.<\/p>\n","protected":false},"excerpt":{"rendered":"<p>Trosed maxi Hydra \u2013 Preporodite svoj prostor sa vrhunskom udobno\u0161\u0107u Trosed maxi Hydra\u00a0je vi\u0161e od obi\u010dnog name\u0161taja \u2013 to je oaza udobnosti koja unosi eleganciju i funkcionalnost u va\u0161 dom. Sa svojom izuzetnom dimenzijom i modernim dizajnom, ovaj trosed pru\u017ea ne samo prostor, ve\u0107 i savr\u0161eno okru\u017eenje za opu\u0161tanje i u\u017eivanje. Bez obzira na to [&hellip;]<\/p>\n","protected":false},"featured_media":941,"comment_status":"open","ping_status":"closed","template":"","meta":[],"product_cat":[17,64,19],"product_tag":[],"class_list":{"0":"post-940","1":"product","2":"type-product","3":"status-publish","4":"has-post-thumbnail","6":"product_cat-sofe-i-fotelje","7":"product_cat-trosedi","8":"product_cat-dvosedi-i-trosedi","10":"first","11":"instock","12":"shipping-taxable","13":"purchasable","14":"product-type-simple"},"_links":{"self":[{"href":"http:\/\/stage.degree361.net:8080\/lux-sofa\/wp-json\/wp\/v2\/product\/940","targetHints":{"allow":["GET"]}}],"collection":[{"href":"http:\/\/stage.degree361.net:8080\/lux-sofa\/wp-json\/wp\/v2\/product"}],"about":[{"href":"http:\/\/stage.degree361.net:8080\/lux-sofa\/wp-json\/wp\/v2\/types\/product"}],"replies":[{"embeddable":true,"href":"http:\/\/stage.degree361.net:8080\/lux-sofa\/wp-json\/wp\/v2\/comments?post=940"}],"wp:featuredmedia":[{"embeddable":true,"href":"http:\/\/stage.degree361.net:8080\/lux-sofa\/wp-json\/wp\/v2\/media\/941"}],"wp:attachment":[{"href":"http:\/\/stage.degree361.net:8080\/lux-sofa\/wp-json\/wp\/v2\/media?parent=940"}],"wp:term":[{"taxonomy":"product_cat","embeddable":true,"href":"http:\/\/stage.degree361.net:8080\/lux-sofa\/wp-json\/wp\/v2\/product_cat?post=940"},{"taxonomy":"product_tag","embeddable":true,"href":"http:\/\/stage.degree361.net:8080\/lux-sofa\/wp-json\/wp\/v2\/product_tag?post=940"}],"curies":[{"name":"wp","href":"https:\/\/api.w.org\/{rel}","templated":true}]}}