{"id":934,"date":"2025-02-19T14:20:42","date_gmt":"2025-02-19T14:20:42","guid":{"rendered":"http:\/\/stage.degree361.net:8080\/lux-sofa\/?post_type=product&#038;p=934"},"modified":"2025-03-26T13:46:35","modified_gmt":"2025-03-26T13:46:35","slug":"ugaona-garnitura-nissa","status":"publish","type":"product","link":"http:\/\/stage.degree361.net:8080\/lux-sofa\/product\/ugaona-garnitura-nissa\/","title":{"rendered":"Ugaona garnitura Skopelos"},"content":{"rendered":"<p><strong>Ugaona garnitura Skopelos \u2013 Savr\u0161ena simfonija udobnosti i funkcionalnosti<\/strong><\/p>\n<p>Ugaona garnitura Skopelos\u00a0predstavlja savr\u0161en spoj luksuza, udobnosti i funkcionalnosti, idealna za svakodnevni odmor, ali i za stvaranje modernog ambijenta u va\u0161em prostoru. Ova garnitura, dizajnirana sa pa\u017enjom na svaki detalj, nudi izuzetnu udobnost i dugotrajan kvalitet, \u010dine\u0107i je nezaobilaznim komadom name\u0161taja u svakom domu.<\/p>\n<p>Zahvaljuju\u0107i ergonomskom dizajnu i visoko kvalitetnim materijalima, Skopelos ugaona garnitura pru\u017ea ne samo savr\u0161en odmor, ve\u0107 i optimalnu podr\u0161ku telu. Mekani jastuci, uz elegantne linije i modernu estetiku, \u010dine je savr\u0161enim izborom za opu\u0161tanje nakon napornog dana. Tako\u0111e, zahvaljuju\u0107i prakti\u010dnim funkcijama poput funkcionalnih naslona za ruke i prostora za odlaganje, Skopelos\u00a0postavlja novi standard u udobnosti.<\/p>\n<p>Bilo da \u017eelite da kreirate sofisticiran prostor za u\u017eivanje u dru\u0161tvu ili da prona\u0111ete idealno mesto za opu\u0161tanje, ova garnitura je dizajnirana da unese harmoni\u010dan izgled u svaki enterijer, savr\u0161eno se uklapaju\u0107i u razli\u010dite stilove. Kvalitetan materijal koji je lako odr\u017eavati i dugotrajan, \u010dini Skopelos\u00a0odli\u010dnim izborom za sve koji \u017eele funkcionalnost u kombinaciji sa luksuznim dizajnom.<\/p>\n<p>Iskoristite priliku da va\u0161 dom postane pravi kutak za u\u017eivanje uz ugaonu garnituru Skopelos\u00a0\u2013 investicija u udobnost koja traje!<\/p>\n<p>Za izradu ganiture na raspolaganju je veliki izbor \u0161tofa, kao i mogu\u0107nost kombinovanja ve\u0107eg broja elemenata razli\u010ditih dimenzija.<\/p>\n","protected":false},"excerpt":{"rendered":"<p>Ugaona garnitura Skopelos \u2013 Savr\u0161ena simfonija udobnosti i funkcionalnosti Ugaona garnitura Skopelos\u00a0predstavlja savr\u0161en spoj luksuza, udobnosti i funkcionalnosti, idealna za svakodnevni odmor, ali i za stvaranje modernog ambijenta u va\u0161em prostoru. Ova garnitura, dizajnirana sa pa\u017enjom na svaki detalj, nudi izuzetnu udobnost i dugotrajan kvalitet, \u010dine\u0107i je nezaobilaznim komadom name\u0161taja u svakom domu. Zahvaljuju\u0107i ergonomskom [&hellip;]<\/p>\n","protected":false},"featured_media":935,"comment_status":"open","ping_status":"closed","template":"","meta":[],"product_cat":[62,60,18,57],"product_tag":[],"class_list":{"0":"post-934","1":"product","2":"type-product","3":"status-publish","4":"has-post-thumbnail","6":"product_cat-moderne-ugaone-garniture","7":"product_cat-modularne-ugaone-garniture","8":"product_cat-ugaone-garniture","9":"product_cat-velike-ugaone-garniture","11":"first","12":"instock","13":"shipping-taxable","14":"purchasable","15":"product-type-simple"},"_links":{"self":[{"href":"http:\/\/stage.degree361.net:8080\/lux-sofa\/wp-json\/wp\/v2\/product\/934","targetHints":{"allow":["GET"]}}],"collection":[{"href":"http:\/\/stage.degree361.net:8080\/lux-sofa\/wp-json\/wp\/v2\/product"}],"about":[{"href":"http:\/\/stage.degree361.net:8080\/lux-sofa\/wp-json\/wp\/v2\/types\/product"}],"replies":[{"embeddable":true,"href":"http:\/\/stage.degree361.net:8080\/lux-sofa\/wp-json\/wp\/v2\/comments?post=934"}],"wp:featuredmedia":[{"embeddable":true,"href":"http:\/\/stage.degree361.net:8080\/lux-sofa\/wp-json\/wp\/v2\/media\/935"}],"wp:attachment":[{"href":"http:\/\/stage.degree361.net:8080\/lux-sofa\/wp-json\/wp\/v2\/media?parent=934"}],"wp:term":[{"taxonomy":"product_cat","embeddable":true,"href":"http:\/\/stage.degree361.net:8080\/lux-sofa\/wp-json\/wp\/v2\/product_cat?post=934"},{"taxonomy":"product_tag","embeddable":true,"href":"http:\/\/stage.degree361.net:8080\/lux-sofa\/wp-json\/wp\/v2\/product_tag?post=934"}],"curies":[{"name":"wp","href":"https:\/\/api.w.org\/{rel}","templated":true}]}}