{"id":928,"date":"2025-02-14T17:06:17","date_gmt":"2025-02-14T17:06:17","guid":{"rendered":"http:\/\/stage.degree361.net:8080\/lux-sofa\/?post_type=product&#038;p=928"},"modified":"2025-03-26T13:48:17","modified_gmt":"2025-03-26T13:48:17","slug":"ugaona-garnitura-octavia","status":"publish","type":"product","link":"http:\/\/stage.degree361.net:8080\/lux-sofa\/product\/ugaona-garnitura-octavia\/","title":{"rendered":"Ugaona garnitura Tirasia"},"content":{"rendered":"<p>Ugaona garnitura Tirasia je savr\u0161en izbor za one koji tra\u017ee udobnost, funkcionalnost i estetski dizajn. Sa sofisticiranim linijama i pa\u017eljivo odabranim materijalima, pru\u017ea vrhunski komfor za opu\u0161tanje i dru\u017eenja. Njena modularna struktura omogu\u0107ava prilagodljivost svakom prostoru, dok elegantan izgled \u010dini da svaki kutak va\u0161eg doma postane savr\u0161en. Idealna za porodi\u010dne trenutke ili prijatne ve\u010deri s prijateljima, Tirasia je garnitura koja \u0107e obogatiti va\u0161 prostor i \u017eivot.<\/p>\n<p>Za izradu ganiture na raspolaganju je veliki izbor \u0161tofa, kao i mogu\u0107nost kombinovanja ve\u0107eg broja elemenata razli\u010ditih dimenzija.<\/p>\n","protected":false},"excerpt":{"rendered":"<p>Ugaona garnitura Tirasia je savr\u0161en izbor za one koji tra\u017ee udobnost, funkcionalnost i estetski dizajn. Sa sofisticiranim linijama i pa\u017eljivo odabranim materijalima, pru\u017ea vrhunski komfor za opu\u0161tanje i dru\u017eenja. Njena modularna struktura omogu\u0107ava prilagodljivost svakom prostoru, dok elegantan izgled \u010dini da svaki kutak va\u0161eg doma postane savr\u0161en. Idealna za porodi\u010dne trenutke ili prijatne ve\u010deri s [&hellip;]<\/p>\n","protected":false},"featured_media":929,"comment_status":"open","ping_status":"closed","template":"","meta":[],"product_cat":[56,62,60,18],"product_tag":[],"class_list":{"0":"post-928","1":"product","2":"type-product","3":"status-publish","4":"has-post-thumbnail","6":"product_cat-male-ugaone-garniture","7":"product_cat-moderne-ugaone-garniture","8":"product_cat-modularne-ugaone-garniture","9":"product_cat-ugaone-garniture","11":"first","12":"instock","13":"shipping-taxable","14":"purchasable","15":"product-type-simple"},"_links":{"self":[{"href":"http:\/\/stage.degree361.net:8080\/lux-sofa\/wp-json\/wp\/v2\/product\/928","targetHints":{"allow":["GET"]}}],"collection":[{"href":"http:\/\/stage.degree361.net:8080\/lux-sofa\/wp-json\/wp\/v2\/product"}],"about":[{"href":"http:\/\/stage.degree361.net:8080\/lux-sofa\/wp-json\/wp\/v2\/types\/product"}],"replies":[{"embeddable":true,"href":"http:\/\/stage.degree361.net:8080\/lux-sofa\/wp-json\/wp\/v2\/comments?post=928"}],"wp:featuredmedia":[{"embeddable":true,"href":"http:\/\/stage.degree361.net:8080\/lux-sofa\/wp-json\/wp\/v2\/media\/929"}],"wp:attachment":[{"href":"http:\/\/stage.degree361.net:8080\/lux-sofa\/wp-json\/wp\/v2\/media?parent=928"}],"wp:term":[{"taxonomy":"product_cat","embeddable":true,"href":"http:\/\/stage.degree361.net:8080\/lux-sofa\/wp-json\/wp\/v2\/product_cat?post=928"},{"taxonomy":"product_tag","embeddable":true,"href":"http:\/\/stage.degree361.net:8080\/lux-sofa\/wp-json\/wp\/v2\/product_tag?post=928"}],"curies":[{"name":"wp","href":"https:\/\/api.w.org\/{rel}","templated":true}]}}