{"id":913,"date":"2025-02-13T13:30:02","date_gmt":"2025-02-13T13:30:02","guid":{"rendered":"http:\/\/stage.degree361.net:8080\/lux-sofa\/?post_type=product&#038;p=913"},"modified":"2025-03-26T13:52:55","modified_gmt":"2025-03-26T13:52:55","slug":"ugaona-garnitura-vulcano","status":"publish","type":"product","link":"http:\/\/stage.degree361.net:8080\/lux-sofa\/product\/ugaona-garnitura-vulcano\/","title":{"rendered":"Ugaona garnitura Tinos"},"content":{"rendered":"<p>Ugaona garnitura <strong>Tinos<\/strong> je savr\u0161en izbor za one koji tra\u017ee eleganciju, udobnost i funkcionalnost. Sa modernim dizajnom koji se lako uklapa u svaki enterijer, pru\u017ea vrhunski komfor za opu\u0161tanje i u\u017eivanje. Prostrana i ergonomi\u010dna, idealna je za porodi\u010dne trenutke ili opu\u0161tanje nakon napornog dana. Kvalitetni materijali i precizna izrada garantuju dugotrajnost, dok sofisticirani detalji donose luksuz i stil u va\u0161 dom. <strong>Tinos<\/strong>\u00a0nije samo garnitura, ve\u0107 pravi centar udobnosti i savr\u0161en prostor za va\u0161u svakodnevnu inspiraciju.<\/p>\n<p>Za izradu ganiture na raspolaganju je veliki izbor \u0161tofa, kao i mogu\u0107nost kombinovanja ve\u0107eg broja elemenata razli\u010ditih dimenzija.<\/p>\n","protected":false},"excerpt":{"rendered":"<p>Ugaona garnitura Tinos je savr\u0161en izbor za one koji tra\u017ee eleganciju, udobnost i funkcionalnost. Sa modernim dizajnom koji se lako uklapa u svaki enterijer, pru\u017ea vrhunski komfor za opu\u0161tanje i u\u017eivanje. Prostrana i ergonomi\u010dna, idealna je za porodi\u010dne trenutke ili opu\u0161tanje nakon napornog dana. Kvalitetni materijali i precizna izrada garantuju dugotrajnost, dok sofisticirani detalji donose [&hellip;]<\/p>\n","protected":false},"featured_media":914,"comment_status":"open","ping_status":"closed","template":"","meta":[],"product_cat":[62,60,18,57],"product_tag":[],"class_list":{"0":"post-913","1":"product","2":"type-product","3":"status-publish","4":"has-post-thumbnail","6":"product_cat-moderne-ugaone-garniture","7":"product_cat-modularne-ugaone-garniture","8":"product_cat-ugaone-garniture","9":"product_cat-velike-ugaone-garniture","11":"first","12":"instock","13":"shipping-taxable","14":"purchasable","15":"product-type-simple"},"_links":{"self":[{"href":"http:\/\/stage.degree361.net:8080\/lux-sofa\/wp-json\/wp\/v2\/product\/913","targetHints":{"allow":["GET"]}}],"collection":[{"href":"http:\/\/stage.degree361.net:8080\/lux-sofa\/wp-json\/wp\/v2\/product"}],"about":[{"href":"http:\/\/stage.degree361.net:8080\/lux-sofa\/wp-json\/wp\/v2\/types\/product"}],"replies":[{"embeddable":true,"href":"http:\/\/stage.degree361.net:8080\/lux-sofa\/wp-json\/wp\/v2\/comments?post=913"}],"wp:featuredmedia":[{"embeddable":true,"href":"http:\/\/stage.degree361.net:8080\/lux-sofa\/wp-json\/wp\/v2\/media\/914"}],"wp:attachment":[{"href":"http:\/\/stage.degree361.net:8080\/lux-sofa\/wp-json\/wp\/v2\/media?parent=913"}],"wp:term":[{"taxonomy":"product_cat","embeddable":true,"href":"http:\/\/stage.degree361.net:8080\/lux-sofa\/wp-json\/wp\/v2\/product_cat?post=913"},{"taxonomy":"product_tag","embeddable":true,"href":"http:\/\/stage.degree361.net:8080\/lux-sofa\/wp-json\/wp\/v2\/product_tag?post=913"}],"curies":[{"name":"wp","href":"https:\/\/api.w.org\/{rel}","templated":true}]}}