{"id":903,"date":"2025-02-12T15:54:59","date_gmt":"2025-02-12T15:54:59","guid":{"rendered":"http:\/\/stage.degree361.net:8080\/lux-sofa\/?post_type=product&#038;p=903"},"modified":"2025-03-21T16:07:39","modified_gmt":"2025-03-21T16:07:39","slug":"klub-sto-ada-sa-fiokama","status":"publish","type":"product","link":"http:\/\/stage.degree361.net:8080\/lux-sofa\/product\/klub-sto-ada-sa-fiokama\/","title":{"rendered":"Klub sto Ada sa fiokama"},"content":{"rendered":"<p>Klub sto Ada \u2013 Savr\u0161en spoj funkcionalnosti i stila<\/p>\n<p>Klub sto Ada je dizajniran za one koji \u017eele maksimalnu iskoristivost prostora, ali i sofisticiran izgled. Njegova kombinacija orah i bele boje daje mu modernu, ali suptilnu eleganciju koja se uklapa u svaki enterijer. Sa dimenzijama 39x90x60 cm u klasi\u010dnom polo\u017eaju, ovaj sto je idealan za dnevnu sobu, a u trenutku se pretvara u prostrani trpezarijski sto sa dimenzijama 71x120x90 cm \u2013 dovoljno veliki da ugosti porodicu i prijatelje.<\/p>\n<p>Nema vi\u0161e potrebe za odvojenim trpezarijskim stolom \u2013 Ada klub sto pru\u017ea vrhunski dizajn i funkcionalnost u jednom komadu name\u0161taja. Prakti\u010dan, elegantan i savr\u0161en za manje prostore, ovaj sto \u0107e zadovoljiti sve va\u0161e potrebe, bilo da se opu\u0161tate uz kafu ili organizujete obede. Dodajte Ada klub sto u svoj dom i u\u017eivajte u savr\u0161enoj kombinaciji stila i prakti\u010dnosti.<\/p>\n","protected":false},"excerpt":{"rendered":"<p>Klub sto Ada \u2013 Savr\u0161en spoj funkcionalnosti i stila Klub sto Ada je dizajniran za one koji \u017eele maksimalnu iskoristivost prostora, ali i sofisticiran izgled. Njegova kombinacija orah i bele boje daje mu modernu, ali suptilnu eleganciju koja se uklapa u svaki enterijer. Sa dimenzijama 39x90x60 cm u klasi\u010dnom polo\u017eaju, ovaj sto je idealan za [&hellip;]<\/p>\n","protected":false},"featured_media":3777,"comment_status":"open","ping_status":"closed","template":"","meta":[],"product_cat":[34,91,43,55],"product_tag":[],"class_list":{"0":"post-903","1":"product","2":"type-product","3":"status-publish","4":"has-post-thumbnail","6":"product_cat-dnevne-sobe","7":"product_cat-klub-stolovi-stolovi","8":"product_cat-klub-stolovi","9":"product_cat-stolovi","11":"first","12":"instock","13":"shipping-taxable","14":"purchasable","15":"product-type-simple"},"_links":{"self":[{"href":"http:\/\/stage.degree361.net:8080\/lux-sofa\/wp-json\/wp\/v2\/product\/903","targetHints":{"allow":["GET"]}}],"collection":[{"href":"http:\/\/stage.degree361.net:8080\/lux-sofa\/wp-json\/wp\/v2\/product"}],"about":[{"href":"http:\/\/stage.degree361.net:8080\/lux-sofa\/wp-json\/wp\/v2\/types\/product"}],"replies":[{"embeddable":true,"href":"http:\/\/stage.degree361.net:8080\/lux-sofa\/wp-json\/wp\/v2\/comments?post=903"}],"wp:featuredmedia":[{"embeddable":true,"href":"http:\/\/stage.degree361.net:8080\/lux-sofa\/wp-json\/wp\/v2\/media\/3777"}],"wp:attachment":[{"href":"http:\/\/stage.degree361.net:8080\/lux-sofa\/wp-json\/wp\/v2\/media?parent=903"}],"wp:term":[{"taxonomy":"product_cat","embeddable":true,"href":"http:\/\/stage.degree361.net:8080\/lux-sofa\/wp-json\/wp\/v2\/product_cat?post=903"},{"taxonomy":"product_tag","embeddable":true,"href":"http:\/\/stage.degree361.net:8080\/lux-sofa\/wp-json\/wp\/v2\/product_tag?post=903"}],"curies":[{"name":"wp","href":"https:\/\/api.w.org\/{rel}","templated":true}]}}