{"id":893,"date":"2025-02-12T11:45:00","date_gmt":"2025-02-12T11:45:00","guid":{"rendered":"http:\/\/stage.degree361.net:8080\/lux-sofa\/?post_type=product&#038;p=893"},"modified":"2025-03-26T13:56:26","modified_gmt":"2025-03-26T13:56:26","slug":"fotelja-i-tabure-cori","status":"publish","type":"product","link":"http:\/\/stage.degree361.net:8080\/lux-sofa\/product\/fotelja-i-tabure-cori\/","title":{"rendered":"Fotelja i tabure Ikaria"},"content":{"rendered":"<p>Komplet fotelja i tabure <strong>Ikaria<\/strong> donosi savr\u0161en spoj udobnosti, stila i funkcionalnosti. Sa pa\u017eljivo dizajniranim elementima, ovaj komplet je stvoren da pru\u017ei izuzetnu potporu i opu\u0161tanje. Fotelja Ikaria nudi vrhunski komfor za sve va\u0161e trenutke opu\u0161tanja, dok tabure omogu\u0107ava dodatnu podr\u0161ku i prilagodljivost. Bilo da \u017eelite da se opustite ili u\u017eivate u razgovoru, ovaj komplet je idealan za svaki prostor, pru\u017eaju\u0107i sofisticiranost i luksuz. Fotelja i tabure Ikaria \u2013 va\u0161a savr\u0161ena kombinacija za potpuni u\u017eitak i udobnost.<\/p>\n","protected":false},"excerpt":{"rendered":"<p>Komplet fotelja i tabure Ikaria donosi savr\u0161en spoj udobnosti, stila i funkcionalnosti. Sa pa\u017eljivo dizajniranim elementima, ovaj komplet je stvoren da pru\u017ei izuzetnu potporu i opu\u0161tanje. Fotelja Ikaria nudi vrhunski komfor za sve va\u0161e trenutke opu\u0161tanja, dok tabure omogu\u0107ava dodatnu podr\u0161ku i prilagodljivost. Bilo da \u017eelite da se opustite ili u\u017eivate u razgovoru, ovaj komplet [&hellip;]<\/p>\n","protected":false},"featured_media":894,"comment_status":"open","ping_status":"closed","template":"","meta":[],"product_cat":[66,104,103,105,17,33,19],"product_tag":[],"class_list":{"0":"post-893","1":"product","2":"type-product","3":"status-publish","4":"has-post-thumbnail","6":"product_cat-fotelje","7":"product_cat-klub-fotelje","8":"product_cat-male-fotelje","9":"product_cat-moderne-fotelje","10":"product_cat-sofe-i-fotelje","11":"product_cat-stolice-i-fotelje","12":"product_cat-dvosedi-i-trosedi","14":"first","15":"instock","16":"shipping-taxable","17":"purchasable","18":"product-type-simple"},"_links":{"self":[{"href":"http:\/\/stage.degree361.net:8080\/lux-sofa\/wp-json\/wp\/v2\/product\/893","targetHints":{"allow":["GET"]}}],"collection":[{"href":"http:\/\/stage.degree361.net:8080\/lux-sofa\/wp-json\/wp\/v2\/product"}],"about":[{"href":"http:\/\/stage.degree361.net:8080\/lux-sofa\/wp-json\/wp\/v2\/types\/product"}],"replies":[{"embeddable":true,"href":"http:\/\/stage.degree361.net:8080\/lux-sofa\/wp-json\/wp\/v2\/comments?post=893"}],"wp:featuredmedia":[{"embeddable":true,"href":"http:\/\/stage.degree361.net:8080\/lux-sofa\/wp-json\/wp\/v2\/media\/894"}],"wp:attachment":[{"href":"http:\/\/stage.degree361.net:8080\/lux-sofa\/wp-json\/wp\/v2\/media?parent=893"}],"wp:term":[{"taxonomy":"product_cat","embeddable":true,"href":"http:\/\/stage.degree361.net:8080\/lux-sofa\/wp-json\/wp\/v2\/product_cat?post=893"},{"taxonomy":"product_tag","embeddable":true,"href":"http:\/\/stage.degree361.net:8080\/lux-sofa\/wp-json\/wp\/v2\/product_tag?post=893"}],"curies":[{"name":"wp","href":"https:\/\/api.w.org\/{rel}","templated":true}]}}