{"id":887,"date":"2025-02-12T11:37:29","date_gmt":"2025-02-12T11:37:29","guid":{"rendered":"http:\/\/stage.degree361.net:8080\/lux-sofa\/?post_type=product&#038;p=887"},"modified":"2025-03-26T13:58:44","modified_gmt":"2025-03-26T13:58:44","slug":"fotelja-arty","status":"publish","type":"product","link":"http:\/\/stage.degree361.net:8080\/lux-sofa\/product\/fotelja-arty\/","title":{"rendered":"Fotelja Halki"},"content":{"rendered":"<p>Fotelja <strong>Halki<\/strong> je savr\u0161en izbor za one koji tra\u017ee izuzetnu udobnost i sofisticirani dizajn. Njena ergonomija pru\u017ea potpunu podr\u0161ku i savr\u0161en je kutak za opu\u0161tanje nakon napornog dana. Sa modernim izgledom i vrhunskim materijalima, Halki fotelja postaje pravi centar pa\u017enje u svakom prostoru. Bilo da je koristite za odmor ili kao elegantan detalj u va\u0161em domu, fotelja Halki stvorena je da unapredi va\u0161 svakodnevni u\u017eitak i donese da\u0161ak luksuza. Do\u017eivite savr\u0161en spoj stila i komfora \u2013 Halki fotelja je va\u0161a oaza mira.<\/p>\n","protected":false},"excerpt":{"rendered":"<p>Fotelja Halki je savr\u0161en izbor za one koji tra\u017ee izuzetnu udobnost i sofisticirani dizajn. Njena ergonomija pru\u017ea potpunu podr\u0161ku i savr\u0161en je kutak za opu\u0161tanje nakon napornog dana. Sa modernim izgledom i vrhunskim materijalima, Halki fotelja postaje pravi centar pa\u017enje u svakom prostoru. Bilo da je koristite za odmor ili kao elegantan detalj u va\u0161em [&hellip;]<\/p>\n","protected":false},"featured_media":888,"comment_status":"open","ping_status":"closed","template":"","meta":[],"product_cat":[66,104,103,105,17,33,19],"product_tag":[],"class_list":{"0":"post-887","1":"product","2":"type-product","3":"status-publish","4":"has-post-thumbnail","6":"product_cat-fotelje","7":"product_cat-klub-fotelje","8":"product_cat-male-fotelje","9":"product_cat-moderne-fotelje","10":"product_cat-sofe-i-fotelje","11":"product_cat-stolice-i-fotelje","12":"product_cat-dvosedi-i-trosedi","14":"first","15":"instock","16":"shipping-taxable","17":"purchasable","18":"product-type-simple"},"_links":{"self":[{"href":"http:\/\/stage.degree361.net:8080\/lux-sofa\/wp-json\/wp\/v2\/product\/887","targetHints":{"allow":["GET"]}}],"collection":[{"href":"http:\/\/stage.degree361.net:8080\/lux-sofa\/wp-json\/wp\/v2\/product"}],"about":[{"href":"http:\/\/stage.degree361.net:8080\/lux-sofa\/wp-json\/wp\/v2\/types\/product"}],"replies":[{"embeddable":true,"href":"http:\/\/stage.degree361.net:8080\/lux-sofa\/wp-json\/wp\/v2\/comments?post=887"}],"wp:featuredmedia":[{"embeddable":true,"href":"http:\/\/stage.degree361.net:8080\/lux-sofa\/wp-json\/wp\/v2\/media\/888"}],"wp:attachment":[{"href":"http:\/\/stage.degree361.net:8080\/lux-sofa\/wp-json\/wp\/v2\/media?parent=887"}],"wp:term":[{"taxonomy":"product_cat","embeddable":true,"href":"http:\/\/stage.degree361.net:8080\/lux-sofa\/wp-json\/wp\/v2\/product_cat?post=887"},{"taxonomy":"product_tag","embeddable":true,"href":"http:\/\/stage.degree361.net:8080\/lux-sofa\/wp-json\/wp\/v2\/product_tag?post=887"}],"curies":[{"name":"wp","href":"https:\/\/api.w.org\/{rel}","templated":true}]}}