{"id":881,"date":"2025-02-12T10:50:45","date_gmt":"2025-02-12T10:50:45","guid":{"rendered":"http:\/\/stage.degree361.net:8080\/lux-sofa\/?post_type=product&#038;p=881"},"modified":"2025-03-26T14:23:01","modified_gmt":"2025-03-26T14:23:01","slug":"fotelja-maxxim","status":"publish","type":"product","link":"http:\/\/stage.degree361.net:8080\/lux-sofa\/product\/fotelja-maxxim\/","title":{"rendered":"Fotelja Giaros"},"content":{"rendered":"<p>Fotelja <strong>Giaros<\/strong> predstavlja savr\u0161eni spoj udobnosti i modernog dizajna. Sa pa\u017eljivo odabranim materijalima i ergonomskom strukturom, pru\u017ea izuzetnu podr\u0161ku i potpunu relaksaciju. Bilo da je postavite u dnevni boravak, kancelariju ili omiljeni kutak, Giaros fotelja \u0107e uneti eleganciju u svaki prostor. Njen luksuzni dizajn i vrhunski komfor \u010dine je idealnim izborom za sve koji \u017eele kvalitetan i dugotrajan name\u0161taj. Iskusite udobnost koja traje \u2013 fotelja Giaros je vi\u0161e od komada name\u0161taja, to je poziv na u\u017eivanje.<\/p>\n","protected":false},"excerpt":{"rendered":"<p>Fotelja Giaros predstavlja savr\u0161eni spoj udobnosti i modernog dizajna. Sa pa\u017eljivo odabranim materijalima i ergonomskom strukturom, pru\u017ea izuzetnu podr\u0161ku i potpunu relaksaciju. Bilo da je postavite u dnevni boravak, kancelariju ili omiljeni kutak, Giaros fotelja \u0107e uneti eleganciju u svaki prostor. Njen luksuzni dizajn i vrhunski komfor \u010dine je idealnim izborom za sve koji \u017eele [&hellip;]<\/p>\n","protected":false},"featured_media":882,"comment_status":"open","ping_status":"closed","template":"","meta":[],"product_cat":[66,104,103,105,17,33],"product_tag":[],"class_list":{"0":"post-881","1":"product","2":"type-product","3":"status-publish","4":"has-post-thumbnail","6":"product_cat-fotelje","7":"product_cat-klub-fotelje","8":"product_cat-male-fotelje","9":"product_cat-moderne-fotelje","10":"product_cat-sofe-i-fotelje","11":"product_cat-stolice-i-fotelje","13":"first","14":"instock","15":"shipping-taxable","16":"purchasable","17":"product-type-simple"},"_links":{"self":[{"href":"http:\/\/stage.degree361.net:8080\/lux-sofa\/wp-json\/wp\/v2\/product\/881","targetHints":{"allow":["GET"]}}],"collection":[{"href":"http:\/\/stage.degree361.net:8080\/lux-sofa\/wp-json\/wp\/v2\/product"}],"about":[{"href":"http:\/\/stage.degree361.net:8080\/lux-sofa\/wp-json\/wp\/v2\/types\/product"}],"replies":[{"embeddable":true,"href":"http:\/\/stage.degree361.net:8080\/lux-sofa\/wp-json\/wp\/v2\/comments?post=881"}],"wp:featuredmedia":[{"embeddable":true,"href":"http:\/\/stage.degree361.net:8080\/lux-sofa\/wp-json\/wp\/v2\/media\/882"}],"wp:attachment":[{"href":"http:\/\/stage.degree361.net:8080\/lux-sofa\/wp-json\/wp\/v2\/media?parent=881"}],"wp:term":[{"taxonomy":"product_cat","embeddable":true,"href":"http:\/\/stage.degree361.net:8080\/lux-sofa\/wp-json\/wp\/v2\/product_cat?post=881"},{"taxonomy":"product_tag","embeddable":true,"href":"http:\/\/stage.degree361.net:8080\/lux-sofa\/wp-json\/wp\/v2\/product_tag?post=881"}],"curies":[{"name":"wp","href":"https:\/\/api.w.org\/{rel}","templated":true}]}}