{"id":815,"date":"2025-02-03T13:14:59","date_gmt":"2025-02-03T13:14:59","guid":{"rendered":"http:\/\/stage.degree361.net:8080\/lux-sofa\/?post_type=product&#038;p=815"},"modified":"2025-02-12T13:26:35","modified_gmt":"2025-02-12T13:26:35","slug":"fotelja-siva-017","status":"publish","type":"product","link":"http:\/\/stage.degree361.net:8080\/lux-sofa\/product\/fotelja-siva-017\/","title":{"rendered":"Fotelja 017"},"content":{"rendered":"<p><strong>Fotelja 017<\/strong> u sofisticiranoj sivoj boji savr\u0161en je izbor za svaki prostor koji tra\u017ei eleganciju i udobnost. Njena jednostavna, ali modernizovana estetika uklapa se u razli\u010dite enterijere, dok visokokvalitetni materijali osiguravaju dugotrajan komfor. Idealna za dnevne boravke, kancelarije ili luksuzne prostore, fotelja 017 je sinteza stila, udobnosti i funkcionalnosti. Unesite sofisticiranost u svoj prostor uz fotelju 017.<\/p>\n","protected":false},"excerpt":{"rendered":"<p>Fotelja 017 u sofisticiranoj sivoj boji savr\u0161en je izbor za svaki prostor koji tra\u017ei eleganciju i udobnost. Njena jednostavna, ali modernizovana estetika uklapa se u razli\u010dite enterijere, dok visokokvalitetni materijali osiguravaju dugotrajan komfor. Idealna za dnevne boravke, kancelarije ili luksuzne prostore, fotelja 017 je sinteza stila, udobnosti i funkcionalnosti. Unesite sofisticiranost u svoj prostor uz [&hellip;]<\/p>\n","protected":false},"featured_media":816,"comment_status":"open","ping_status":"closed","template":"","meta":[],"product_cat":[104,103,105,17,33,19],"product_tag":[],"class_list":{"0":"post-815","1":"product","2":"type-product","3":"status-publish","4":"has-post-thumbnail","6":"product_cat-klub-fotelje","7":"product_cat-male-fotelje","8":"product_cat-moderne-fotelje","9":"product_cat-sofe-i-fotelje","10":"product_cat-stolice-i-fotelje","11":"product_cat-dvosedi-i-trosedi","13":"first","14":"instock","15":"shipping-taxable","16":"purchasable","17":"product-type-simple"},"_links":{"self":[{"href":"http:\/\/stage.degree361.net:8080\/lux-sofa\/wp-json\/wp\/v2\/product\/815","targetHints":{"allow":["GET"]}}],"collection":[{"href":"http:\/\/stage.degree361.net:8080\/lux-sofa\/wp-json\/wp\/v2\/product"}],"about":[{"href":"http:\/\/stage.degree361.net:8080\/lux-sofa\/wp-json\/wp\/v2\/types\/product"}],"replies":[{"embeddable":true,"href":"http:\/\/stage.degree361.net:8080\/lux-sofa\/wp-json\/wp\/v2\/comments?post=815"}],"wp:featuredmedia":[{"embeddable":true,"href":"http:\/\/stage.degree361.net:8080\/lux-sofa\/wp-json\/wp\/v2\/media\/816"}],"wp:attachment":[{"href":"http:\/\/stage.degree361.net:8080\/lux-sofa\/wp-json\/wp\/v2\/media?parent=815"}],"wp:term":[{"taxonomy":"product_cat","embeddable":true,"href":"http:\/\/stage.degree361.net:8080\/lux-sofa\/wp-json\/wp\/v2\/product_cat?post=815"},{"taxonomy":"product_tag","embeddable":true,"href":"http:\/\/stage.degree361.net:8080\/lux-sofa\/wp-json\/wp\/v2\/product_tag?post=815"}],"curies":[{"name":"wp","href":"https:\/\/api.w.org\/{rel}","templated":true}]}}