{"id":808,"date":"2025-01-31T16:56:18","date_gmt":"2025-01-31T16:56:18","guid":{"rendered":"http:\/\/stage.degree361.net:8080\/lux-sofa\/?post_type=product&#038;p=808"},"modified":"2025-01-31T16:56:20","modified_gmt":"2025-01-31T16:56:20","slug":"lima-toaletni-sto","status":"publish","type":"product","link":"http:\/\/stage.degree361.net:8080\/lux-sofa\/product\/lima-toaletni-sto\/","title":{"rendered":"Lima toaletni sto"},"content":{"rendered":"<p><strong>Lima toaletni sto<\/strong> savr\u0161en je spoj elegancije i funkcionalnosti, idealan za stvaranje sofisticiranog ambijenta u va\u0161em prostoru. Njegov minimalisti\u010dki dizajn i \u010diste linije \u010dine ga pogodnim za razli\u010dite stilove enterijera. Lima toaletni sto donosi luksuz i urednost, a istovremeno pru\u017ea maksimalnu funkcionalnost za va\u0161u svakodnevnu upotrebu.<\/p>\n","protected":false},"excerpt":{"rendered":"<p>Lima toaletni sto savr\u0161en je spoj elegancije i funkcionalnosti, idealan za stvaranje sofisticiranog ambijenta u va\u0161em prostoru. Njegov minimalisti\u010dki dizajn i \u010diste linije \u010dine ga pogodnim za razli\u010dite stilove enterijera. Lima toaletni sto donosi luksuz i urednost, a istovremeno pru\u017ea maksimalnu funkcionalnost za va\u0161u svakodnevnu upotrebu.<\/p>\n","protected":false},"featured_media":809,"comment_status":"open","ping_status":"closed","template":"","meta":[],"product_cat":[38],"product_tag":[],"class_list":{"0":"post-808","1":"product","2":"type-product","3":"status-publish","4":"has-post-thumbnail","6":"product_cat-spavace-sobe","8":"first","9":"instock","10":"shipping-taxable","11":"purchasable","12":"product-type-simple"},"_links":{"self":[{"href":"http:\/\/stage.degree361.net:8080\/lux-sofa\/wp-json\/wp\/v2\/product\/808","targetHints":{"allow":["GET"]}}],"collection":[{"href":"http:\/\/stage.degree361.net:8080\/lux-sofa\/wp-json\/wp\/v2\/product"}],"about":[{"href":"http:\/\/stage.degree361.net:8080\/lux-sofa\/wp-json\/wp\/v2\/types\/product"}],"replies":[{"embeddable":true,"href":"http:\/\/stage.degree361.net:8080\/lux-sofa\/wp-json\/wp\/v2\/comments?post=808"}],"wp:featuredmedia":[{"embeddable":true,"href":"http:\/\/stage.degree361.net:8080\/lux-sofa\/wp-json\/wp\/v2\/media\/809"}],"wp:attachment":[{"href":"http:\/\/stage.degree361.net:8080\/lux-sofa\/wp-json\/wp\/v2\/media?parent=808"}],"wp:term":[{"taxonomy":"product_cat","embeddable":true,"href":"http:\/\/stage.degree361.net:8080\/lux-sofa\/wp-json\/wp\/v2\/product_cat?post=808"},{"taxonomy":"product_tag","embeddable":true,"href":"http:\/\/stage.degree361.net:8080\/lux-sofa\/wp-json\/wp\/v2\/product_tag?post=808"}],"curies":[{"name":"wp","href":"https:\/\/api.w.org\/{rel}","templated":true}]}}