{"id":806,"date":"2025-01-31T16:52:14","date_gmt":"2025-01-31T16:52:14","guid":{"rendered":"http:\/\/stage.degree361.net:8080\/lux-sofa\/?post_type=product&#038;p=806"},"modified":"2025-02-12T13:52:46","modified_gmt":"2025-02-12T13:52:46","slug":"lima-ogledalo","status":"publish","type":"product","link":"http:\/\/stage.degree361.net:8080\/lux-sofa\/product\/lima-ogledalo\/","title":{"rendered":"Lima ogledalo"},"content":{"rendered":"<p><strong>Lima ogledalo<\/strong> donosi eleganciju i sofisticiranost svakom prostoru. Sa \u010distim, modernim dizajnom, idealno je za oboga\u0107ivanje va\u0161eg enterijera, bilo da je u pitanju hodnik, kupatilo ili spava\u0107a soba. Pru\u017ea savr\u0161en odraz stila i funkcionalnosti, \u010dine\u0107i va\u0161 prostor vizuelno ve\u0107im i svetlijim. Lima ogledalo \u2013 jednostavno, ali efektno re\u0161enje za svaki dom.<\/p>\n","protected":false},"excerpt":{"rendered":"<p>Lima ogledalo donosi eleganciju i sofisticiranost svakom prostoru. Sa \u010distim, modernim dizajnom, idealno je za oboga\u0107ivanje va\u0161eg enterijera, bilo da je u pitanju hodnik, kupatilo ili spava\u0107a soba. Pru\u017ea savr\u0161en odraz stila i funkcionalnosti, \u010dine\u0107i va\u0161 prostor vizuelno ve\u0107im i svetlijim. Lima ogledalo \u2013 jednostavno, ali efektno re\u0161enje za svaki dom.<\/p>\n","protected":false},"featured_media":807,"comment_status":"open","ping_status":"closed","template":"","meta":[],"product_cat":[53,85,38,87],"product_tag":[],"class_list":{"0":"post-806","1":"product","2":"type-product","3":"status-publish","4":"has-post-thumbnail","6":"product_cat-ogledala","7":"product_cat-ogledala-za-hodnik","8":"product_cat-spavace-sobe","9":"product_cat-zidna-ogledala","11":"first","12":"instock","13":"shipping-taxable","14":"purchasable","15":"product-type-simple"},"_links":{"self":[{"href":"http:\/\/stage.degree361.net:8080\/lux-sofa\/wp-json\/wp\/v2\/product\/806","targetHints":{"allow":["GET"]}}],"collection":[{"href":"http:\/\/stage.degree361.net:8080\/lux-sofa\/wp-json\/wp\/v2\/product"}],"about":[{"href":"http:\/\/stage.degree361.net:8080\/lux-sofa\/wp-json\/wp\/v2\/types\/product"}],"replies":[{"embeddable":true,"href":"http:\/\/stage.degree361.net:8080\/lux-sofa\/wp-json\/wp\/v2\/comments?post=806"}],"wp:featuredmedia":[{"embeddable":true,"href":"http:\/\/stage.degree361.net:8080\/lux-sofa\/wp-json\/wp\/v2\/media\/807"}],"wp:attachment":[{"href":"http:\/\/stage.degree361.net:8080\/lux-sofa\/wp-json\/wp\/v2\/media?parent=806"}],"wp:term":[{"taxonomy":"product_cat","embeddable":true,"href":"http:\/\/stage.degree361.net:8080\/lux-sofa\/wp-json\/wp\/v2\/product_cat?post=806"},{"taxonomy":"product_tag","embeddable":true,"href":"http:\/\/stage.degree361.net:8080\/lux-sofa\/wp-json\/wp\/v2\/product_tag?post=806"}],"curies":[{"name":"wp","href":"https:\/\/api.w.org\/{rel}","templated":true}]}}