{"id":804,"date":"2025-01-31T16:47:08","date_gmt":"2025-01-31T16:47:08","guid":{"rendered":"http:\/\/stage.degree361.net:8080\/lux-sofa\/?post_type=product&#038;p=804"},"modified":"2025-02-12T13:53:46","modified_gmt":"2025-02-12T13:53:46","slug":"nocni-ormaric-kapri","status":"publish","type":"product","link":"http:\/\/stage.degree361.net:8080\/lux-sofa\/product\/nocni-ormaric-kapri\/","title":{"rendered":"No\u0107ni ormari\u0107 Kapri"},"content":{"rendered":"<p><strong>No\u0107ni ormari\u0107 Kapri<\/strong> je savr\u0161en spoj funkcionalnosti i sofisticiranog dizajna. Sa prakti\u010dnom policom i fiokom, pru\u017ea dovoljno prostora za sitnice koje \u017eelite imati pri ruci, dok njegov moderni izgled upotpunjuje svaki spava\u0107i prostor. Kompaktan, elegantan i izuzetno prakti\u010dan \u2013 Kapri ormari\u0107 je idealan izbor za va\u0161 dom.<\/p>\n","protected":false},"excerpt":{"rendered":"<p>No\u0107ni ormari\u0107 Kapri je savr\u0161en spoj funkcionalnosti i sofisticiranog dizajna. Sa prakti\u010dnom policom i fiokom, pru\u017ea dovoljno prostora za sitnice koje \u017eelite imati pri ruci, dok njegov moderni izgled upotpunjuje svaki spava\u0107i prostor. Kompaktan, elegantan i izuzetno prakti\u010dan \u2013 Kapri ormari\u0107 je idealan izbor za va\u0161 dom.<\/p>\n","protected":false},"featured_media":805,"comment_status":"open","ping_status":"closed","template":"","meta":[],"product_cat":[54,38],"product_tag":[],"class_list":{"0":"post-804","1":"product","2":"type-product","3":"status-publish","4":"has-post-thumbnail","6":"product_cat-nocni-ormarici","7":"product_cat-spavace-sobe","9":"first","10":"instock","11":"shipping-taxable","12":"purchasable","13":"product-type-simple"},"_links":{"self":[{"href":"http:\/\/stage.degree361.net:8080\/lux-sofa\/wp-json\/wp\/v2\/product\/804","targetHints":{"allow":["GET"]}}],"collection":[{"href":"http:\/\/stage.degree361.net:8080\/lux-sofa\/wp-json\/wp\/v2\/product"}],"about":[{"href":"http:\/\/stage.degree361.net:8080\/lux-sofa\/wp-json\/wp\/v2\/types\/product"}],"replies":[{"embeddable":true,"href":"http:\/\/stage.degree361.net:8080\/lux-sofa\/wp-json\/wp\/v2\/comments?post=804"}],"wp:featuredmedia":[{"embeddable":true,"href":"http:\/\/stage.degree361.net:8080\/lux-sofa\/wp-json\/wp\/v2\/media\/805"}],"wp:attachment":[{"href":"http:\/\/stage.degree361.net:8080\/lux-sofa\/wp-json\/wp\/v2\/media?parent=804"}],"wp:term":[{"taxonomy":"product_cat","embeddable":true,"href":"http:\/\/stage.degree361.net:8080\/lux-sofa\/wp-json\/wp\/v2\/product_cat?post=804"},{"taxonomy":"product_tag","embeddable":true,"href":"http:\/\/stage.degree361.net:8080\/lux-sofa\/wp-json\/wp\/v2\/product_tag?post=804"}],"curies":[{"name":"wp","href":"https:\/\/api.w.org\/{rel}","templated":true}]}}