{"id":802,"date":"2025-01-31T16:45:01","date_gmt":"2025-01-31T16:45:01","guid":{"rendered":"http:\/\/stage.degree361.net:8080\/lux-sofa\/?post_type=product&#038;p=802"},"modified":"2025-02-12T13:54:42","modified_gmt":"2025-02-12T13:54:42","slug":"lima-nocni-ormaric","status":"publish","type":"product","link":"http:\/\/stage.degree361.net:8080\/lux-sofa\/product\/lima-nocni-ormaric\/","title":{"rendered":"Lima no\u0107ni ormari\u0107"},"content":{"rendered":"<p><strong>Lima no\u0107ni ormari\u0107<\/strong> spaja funkcionalnost i moderni dizajn u kompaktnom formatu. Sa jednom policom i fiokom, nudi dovoljno prostora za va\u0161u potrebnu opremu, dok jednostavan, ali sofisticiran izgled savr\u0161eno odgovara svakom enterijeru. Idealan izbor za organizovan i uredan spava\u0107i prostor, Lima ormari\u0107 je prakti\u010dan i elegantan dodatak va\u0161em domu.<\/p>\n","protected":false},"excerpt":{"rendered":"<p>Lima no\u0107ni ormari\u0107 spaja funkcionalnost i moderni dizajn u kompaktnom formatu. Sa jednom policom i fiokom, nudi dovoljno prostora za va\u0161u potrebnu opremu, dok jednostavan, ali sofisticiran izgled savr\u0161eno odgovara svakom enterijeru. Idealan izbor za organizovan i uredan spava\u0107i prostor, Lima ormari\u0107 je prakti\u010dan i elegantan dodatak va\u0161em domu.<\/p>\n","protected":false},"featured_media":803,"comment_status":"open","ping_status":"closed","template":"","meta":[],"product_cat":[54,38],"product_tag":[],"class_list":{"0":"post-802","1":"product","2":"type-product","3":"status-publish","4":"has-post-thumbnail","6":"product_cat-nocni-ormarici","7":"product_cat-spavace-sobe","9":"first","10":"instock","11":"shipping-taxable","12":"purchasable","13":"product-type-simple"},"_links":{"self":[{"href":"http:\/\/stage.degree361.net:8080\/lux-sofa\/wp-json\/wp\/v2\/product\/802","targetHints":{"allow":["GET"]}}],"collection":[{"href":"http:\/\/stage.degree361.net:8080\/lux-sofa\/wp-json\/wp\/v2\/product"}],"about":[{"href":"http:\/\/stage.degree361.net:8080\/lux-sofa\/wp-json\/wp\/v2\/types\/product"}],"replies":[{"embeddable":true,"href":"http:\/\/stage.degree361.net:8080\/lux-sofa\/wp-json\/wp\/v2\/comments?post=802"}],"wp:featuredmedia":[{"embeddable":true,"href":"http:\/\/stage.degree361.net:8080\/lux-sofa\/wp-json\/wp\/v2\/media\/803"}],"wp:attachment":[{"href":"http:\/\/stage.degree361.net:8080\/lux-sofa\/wp-json\/wp\/v2\/media?parent=802"}],"wp:term":[{"taxonomy":"product_cat","embeddable":true,"href":"http:\/\/stage.degree361.net:8080\/lux-sofa\/wp-json\/wp\/v2\/product_cat?post=802"},{"taxonomy":"product_tag","embeddable":true,"href":"http:\/\/stage.degree361.net:8080\/lux-sofa\/wp-json\/wp\/v2\/product_tag?post=802"}],"curies":[{"name":"wp","href":"https:\/\/api.w.org\/{rel}","templated":true}]}}