{"id":789,"date":"2025-01-30T14:45:49","date_gmt":"2025-01-30T14:45:49","guid":{"rendered":"http:\/\/stage.degree361.net:8080\/lux-sofa\/?post_type=product&#038;p=789"},"modified":"2025-01-30T14:50:48","modified_gmt":"2025-01-30T14:50:48","slug":"cipelar-2v","status":"publish","type":"product","link":"http:\/\/stage.degree361.net:8080\/lux-sofa\/product\/cipelar-2v\/","title":{"rendered":"Cipelar 2V"},"content":{"rendered":"<p><strong>Cipelar 2V<\/strong> je elegantno re\u0161enje za va\u0161u obu\u0107u, sa osam pa\u017eljivo raspore\u0111enih polica koje omogu\u0107avaju optimalno organizovanje. Izra\u0111en u sofisticiranoj artisan boji, ovaj cipelar ne samo da pru\u017ea funkcionalnost, ve\u0107 i unosi \u0161arm i toplinu u svaki prostor. Savr\u0161en je za ljubitelje urednog i modernog enterijera, koji \u017eele da njihova obu\u0107a bude uredno i stilizovano postavljena. Neka va\u0161 prostor zasija sa Cipelarom 2V.<\/p>\n","protected":false},"excerpt":{"rendered":"<p>Cipelar 2V je elegantno re\u0161enje za va\u0161u obu\u0107u, sa osam pa\u017eljivo raspore\u0111enih polica koje omogu\u0107avaju optimalno organizovanje. Izra\u0111en u sofisticiranoj artisan boji, ovaj cipelar ne samo da pru\u017ea funkcionalnost, ve\u0107 i unosi \u0161arm i toplinu u svaki prostor. Savr\u0161en je za ljubitelje urednog i modernog enterijera, koji \u017eele da njihova obu\u0107a bude uredno i stilizovano [&hellip;]<\/p>\n","protected":false},"featured_media":798,"comment_status":"open","ping_status":"closed","template":"","meta":[],"product_cat":[40],"product_tag":[],"class_list":{"0":"post-789","1":"product","2":"type-product","3":"status-publish","4":"has-post-thumbnail","6":"product_cat-cipelari","8":"first","9":"instock","10":"shipping-taxable","11":"purchasable","12":"product-type-simple"},"_links":{"self":[{"href":"http:\/\/stage.degree361.net:8080\/lux-sofa\/wp-json\/wp\/v2\/product\/789","targetHints":{"allow":["GET"]}}],"collection":[{"href":"http:\/\/stage.degree361.net:8080\/lux-sofa\/wp-json\/wp\/v2\/product"}],"about":[{"href":"http:\/\/stage.degree361.net:8080\/lux-sofa\/wp-json\/wp\/v2\/types\/product"}],"replies":[{"embeddable":true,"href":"http:\/\/stage.degree361.net:8080\/lux-sofa\/wp-json\/wp\/v2\/comments?post=789"}],"wp:featuredmedia":[{"embeddable":true,"href":"http:\/\/stage.degree361.net:8080\/lux-sofa\/wp-json\/wp\/v2\/media\/798"}],"wp:attachment":[{"href":"http:\/\/stage.degree361.net:8080\/lux-sofa\/wp-json\/wp\/v2\/media?parent=789"}],"wp:term":[{"taxonomy":"product_cat","embeddable":true,"href":"http:\/\/stage.degree361.net:8080\/lux-sofa\/wp-json\/wp\/v2\/product_cat?post=789"},{"taxonomy":"product_tag","embeddable":true,"href":"http:\/\/stage.degree361.net:8080\/lux-sofa\/wp-json\/wp\/v2\/product_tag?post=789"}],"curies":[{"name":"wp","href":"https:\/\/api.w.org\/{rel}","templated":true}]}}