{"id":786,"date":"2025-01-30T11:03:31","date_gmt":"2025-01-30T11:03:31","guid":{"rendered":"http:\/\/stage.degree361.net:8080\/lux-sofa\/?post_type=product&#038;p=786"},"modified":"2025-02-12T13:57:33","modified_gmt":"2025-02-12T13:57:33","slug":"komoda-merlin-4f1k-120","status":"publish","type":"product","link":"http:\/\/stage.degree361.net:8080\/lux-sofa\/product\/komoda-merlin-4f1k-120\/","title":{"rendered":"Komoda Merlin 4F1K 120"},"content":{"rendered":"<p><strong>Komoda Merlin 4F1K 120<\/strong> \u2013 Savr\u0161en spoj stila i funkcionalnosti. Dostupna u <em>artisan<\/em> ili beloj boji, komoda Merlin 4F1K 120 donosi sofisticiran izgled u va\u0161 prostor. Sa dve police i \u010detiri fioke, nudi optimalan prostor za organizaciju, \u010dine\u0107i va\u0161 dom urednim i prakti\u010dnim. Dimenzije (85 cm visine, 120 cm \u0161irine i 38,5 cm dubine) omogu\u0107avaju jednostavno uklapanje u manji ili srednji prostor. Idealna za dnevne sobe, hodnike ili spava\u0107e sobe, komoda Merlin 4F1K 120 je pravi izbor za one koji tra\u017ee kvalitet, funkcionalnost i moderan dizajn.<\/p>\n","protected":false},"excerpt":{"rendered":"<p>Komoda Merlin 4F1K 120 \u2013 Savr\u0161en spoj stila i funkcionalnosti. Dostupna u artisan ili beloj boji, komoda Merlin 4F1K 120 donosi sofisticiran izgled u va\u0161 prostor. Sa dve police i \u010detiri fioke, nudi optimalan prostor za organizaciju, \u010dine\u0107i va\u0161 dom urednim i prakti\u010dnim. Dimenzije (85 cm visine, 120 cm \u0161irine i 38,5 cm dubine) omogu\u0107avaju [&hellip;]<\/p>\n","protected":false},"featured_media":787,"comment_status":"open","ping_status":"closed","template":"","meta":[],"product_cat":[39,83],"product_tag":[],"class_list":{"0":"post-786","1":"product","2":"type-product","3":"status-publish","4":"has-post-thumbnail","6":"product_cat-komode","7":"product_cat-komode-sa-fiokama","9":"first","10":"instock","11":"shipping-taxable","12":"purchasable","13":"product-type-simple"},"_links":{"self":[{"href":"http:\/\/stage.degree361.net:8080\/lux-sofa\/wp-json\/wp\/v2\/product\/786","targetHints":{"allow":["GET"]}}],"collection":[{"href":"http:\/\/stage.degree361.net:8080\/lux-sofa\/wp-json\/wp\/v2\/product"}],"about":[{"href":"http:\/\/stage.degree361.net:8080\/lux-sofa\/wp-json\/wp\/v2\/types\/product"}],"replies":[{"embeddable":true,"href":"http:\/\/stage.degree361.net:8080\/lux-sofa\/wp-json\/wp\/v2\/comments?post=786"}],"wp:featuredmedia":[{"embeddable":true,"href":"http:\/\/stage.degree361.net:8080\/lux-sofa\/wp-json\/wp\/v2\/media\/787"}],"wp:attachment":[{"href":"http:\/\/stage.degree361.net:8080\/lux-sofa\/wp-json\/wp\/v2\/media?parent=786"}],"wp:term":[{"taxonomy":"product_cat","embeddable":true,"href":"http:\/\/stage.degree361.net:8080\/lux-sofa\/wp-json\/wp\/v2\/product_cat?post=786"},{"taxonomy":"product_tag","embeddable":true,"href":"http:\/\/stage.degree361.net:8080\/lux-sofa\/wp-json\/wp\/v2\/product_tag?post=786"}],"curies":[{"name":"wp","href":"https:\/\/api.w.org\/{rel}","templated":true}]}}