{"id":784,"date":"2025-01-30T11:00:04","date_gmt":"2025-01-30T11:00:04","guid":{"rendered":"http:\/\/stage.degree361.net:8080\/lux-sofa\/?post_type=product&#038;p=784"},"modified":"2025-02-12T13:58:05","modified_gmt":"2025-02-12T13:58:05","slug":"komoda-merlin-4f1k-80","status":"publish","type":"product","link":"http:\/\/stage.degree361.net:8080\/lux-sofa\/product\/komoda-merlin-4f1k-80\/","title":{"rendered":"Komoda Merlin 4F1K 80"},"content":{"rendered":"<p><strong>Komoda Merlin 4F1K 80<\/strong> \u2013 Kompaktna i funkcionalna komoda u sofisticiranoj <em>artisan<\/em> boji. Sa dve prostrane police i \u010detiri fioke, pru\u017ea obilje prostora za organizaciju va\u0161ih stvari, uz zadr\u017eavanje modernog dizajna. Njene dimenzije (85 cm visine, 80 cm \u0161irine i 38,5 cm dubine) \u010dine je savr\u0161enim re\u0161enjem za manje prostore. Idealna za dnevne sobe, hodnike ili spava\u0107e sobe, komoda Merlin 4F1K 80 je prakti\u010dan i stilski komad name\u0161taja koji unosi urednost i eleganciju u svaki prostor.<\/p>\n","protected":false},"excerpt":{"rendered":"<p>Komoda Merlin 4F1K 80 \u2013 Kompaktna i funkcionalna komoda u sofisticiranoj artisan boji. Sa dve prostrane police i \u010detiri fioke, pru\u017ea obilje prostora za organizaciju va\u0161ih stvari, uz zadr\u017eavanje modernog dizajna. Njene dimenzije (85 cm visine, 80 cm \u0161irine i 38,5 cm dubine) \u010dine je savr\u0161enim re\u0161enjem za manje prostore. Idealna za dnevne sobe, hodnike [&hellip;]<\/p>\n","protected":false},"featured_media":785,"comment_status":"open","ping_status":"closed","template":"","meta":[],"product_cat":[39,83],"product_tag":[],"class_list":{"0":"post-784","1":"product","2":"type-product","3":"status-publish","4":"has-post-thumbnail","6":"product_cat-komode","7":"product_cat-komode-sa-fiokama","9":"first","10":"instock","11":"shipping-taxable","12":"purchasable","13":"product-type-simple"},"_links":{"self":[{"href":"http:\/\/stage.degree361.net:8080\/lux-sofa\/wp-json\/wp\/v2\/product\/784","targetHints":{"allow":["GET"]}}],"collection":[{"href":"http:\/\/stage.degree361.net:8080\/lux-sofa\/wp-json\/wp\/v2\/product"}],"about":[{"href":"http:\/\/stage.degree361.net:8080\/lux-sofa\/wp-json\/wp\/v2\/types\/product"}],"replies":[{"embeddable":true,"href":"http:\/\/stage.degree361.net:8080\/lux-sofa\/wp-json\/wp\/v2\/comments?post=784"}],"wp:featuredmedia":[{"embeddable":true,"href":"http:\/\/stage.degree361.net:8080\/lux-sofa\/wp-json\/wp\/v2\/media\/785"}],"wp:attachment":[{"href":"http:\/\/stage.degree361.net:8080\/lux-sofa\/wp-json\/wp\/v2\/media?parent=784"}],"wp:term":[{"taxonomy":"product_cat","embeddable":true,"href":"http:\/\/stage.degree361.net:8080\/lux-sofa\/wp-json\/wp\/v2\/product_cat?post=784"},{"taxonomy":"product_tag","embeddable":true,"href":"http:\/\/stage.degree361.net:8080\/lux-sofa\/wp-json\/wp\/v2\/product_tag?post=784"}],"curies":[{"name":"wp","href":"https:\/\/api.w.org\/{rel}","templated":true}]}}