{"id":780,"date":"2025-01-30T10:57:30","date_gmt":"2025-01-30T10:57:30","guid":{"rendered":"http:\/\/stage.degree361.net:8080\/lux-sofa\/?post_type=product&#038;p=780"},"modified":"2025-02-12T13:58:44","modified_gmt":"2025-02-12T13:58:44","slug":"komoda-merlin-4f","status":"publish","type":"product","link":"http:\/\/stage.degree361.net:8080\/lux-sofa\/product\/komoda-merlin-4f\/","title":{"rendered":"Komoda Merlin 4F"},"content":{"rendered":"<p><strong>Komoda Merlin 4F<\/strong> \u2013 Elegantna komoda u sofisticiranoj <em>artisan<\/em> ili beloj boji, savr\u0161ena za svaki prostor. Sa \u010detiri prostrane fioke, nudi prakti\u010dno re\u0161enje za organizaciju, dok njene dimenzije (85 cm visine, 80 cm \u0161irine i 38,5 cm dubine) omogu\u0107avaju jednostavno uklapanje u manje i srednje prostore. Komoda Merlin 4F Artisan donosi moderni dizajn i funkcionalnost, \u010dine\u0107i je idealnim izborom za dnevne sobe, hodnike ili spava\u0107e sobe. Unesite kvalitet, stil i urednost u va\u0161 dom!<\/p>\n","protected":false},"excerpt":{"rendered":"<p>Komoda Merlin 4F \u2013 Elegantna komoda u sofisticiranoj artisan ili beloj boji, savr\u0161ena za svaki prostor. Sa \u010detiri prostrane fioke, nudi prakti\u010dno re\u0161enje za organizaciju, dok njene dimenzije (85 cm visine, 80 cm \u0161irine i 38,5 cm dubine) omogu\u0107avaju jednostavno uklapanje u manje i srednje prostore. Komoda Merlin 4F Artisan donosi moderni dizajn i funkcionalnost, [&hellip;]<\/p>\n","protected":false},"featured_media":782,"comment_status":"open","ping_status":"closed","template":"","meta":[],"product_cat":[39,83],"product_tag":[],"class_list":{"0":"post-780","1":"product","2":"type-product","3":"status-publish","4":"has-post-thumbnail","6":"product_cat-komode","7":"product_cat-komode-sa-fiokama","9":"first","10":"instock","11":"shipping-taxable","12":"purchasable","13":"product-type-simple"},"_links":{"self":[{"href":"http:\/\/stage.degree361.net:8080\/lux-sofa\/wp-json\/wp\/v2\/product\/780","targetHints":{"allow":["GET"]}}],"collection":[{"href":"http:\/\/stage.degree361.net:8080\/lux-sofa\/wp-json\/wp\/v2\/product"}],"about":[{"href":"http:\/\/stage.degree361.net:8080\/lux-sofa\/wp-json\/wp\/v2\/types\/product"}],"replies":[{"embeddable":true,"href":"http:\/\/stage.degree361.net:8080\/lux-sofa\/wp-json\/wp\/v2\/comments?post=780"}],"wp:featuredmedia":[{"embeddable":true,"href":"http:\/\/stage.degree361.net:8080\/lux-sofa\/wp-json\/wp\/v2\/media\/782"}],"wp:attachment":[{"href":"http:\/\/stage.degree361.net:8080\/lux-sofa\/wp-json\/wp\/v2\/media?parent=780"}],"wp:term":[{"taxonomy":"product_cat","embeddable":true,"href":"http:\/\/stage.degree361.net:8080\/lux-sofa\/wp-json\/wp\/v2\/product_cat?post=780"},{"taxonomy":"product_tag","embeddable":true,"href":"http:\/\/stage.degree361.net:8080\/lux-sofa\/wp-json\/wp\/v2\/product_tag?post=780"}],"curies":[{"name":"wp","href":"https:\/\/api.w.org\/{rel}","templated":true}]}}