{"id":777,"date":"2025-01-30T10:53:45","date_gmt":"2025-01-30T10:53:45","guid":{"rendered":"http:\/\/stage.degree361.net:8080\/lux-sofa\/?post_type=product&#038;p=777"},"modified":"2025-02-12T13:59:35","modified_gmt":"2025-02-12T13:59:35","slug":"komoda-merlin-2k4f-160","status":"publish","type":"product","link":"http:\/\/stage.degree361.net:8080\/lux-sofa\/product\/komoda-merlin-2k4f-160\/","title":{"rendered":"Komoda Merlin 2K4F 160"},"content":{"rendered":"<p><strong>Komoda Merlin 2K4F 160<\/strong> \u2013 Funkcionalna i elegantna, komoda Merlin 2K4F 160 savr\u0161en je izbor za svaki prostor. Dostupna u sofisticiranoj <em>artisan<\/em> ili beloj boji, pru\u017ea moderni izgled i lako se uklapa u razli\u010dite stilove enterijera. Sa \u010detiri police i \u010detiri fioke, nudi obilje prostora za organizaciju, \u010dine\u0107i va\u0161u svakodnevnu rutinu lak\u0161om i urednijom. Njene dimenzije (85 cm visine, 160 cm \u0161irine i 38,5 cm dubine) omogu\u0107avaju savr\u0161en balans izme\u0111u prostranosti i kompaktnosti. Idealna za dnevne sobe, hodnike ili spava\u0107e sobe, komoda Merlin 2K4F 160 donosi kvalitet, funkcionalnost i stil.<\/p>\n","protected":false},"excerpt":{"rendered":"<p>Komoda Merlin 2K4F 160 \u2013 Funkcionalna i elegantna, komoda Merlin 2K4F 160 savr\u0161en je izbor za svaki prostor. Dostupna u sofisticiranoj artisan ili beloj boji, pru\u017ea moderni izgled i lako se uklapa u razli\u010dite stilove enterijera. Sa \u010detiri police i \u010detiri fioke, nudi obilje prostora za organizaciju, \u010dine\u0107i va\u0161u svakodnevnu rutinu lak\u0161om i urednijom. Njene [&hellip;]<\/p>\n","protected":false},"featured_media":778,"comment_status":"open","ping_status":"closed","template":"","meta":[],"product_cat":[39,83],"product_tag":[],"class_list":{"0":"post-777","1":"product","2":"type-product","3":"status-publish","4":"has-post-thumbnail","6":"product_cat-komode","7":"product_cat-komode-sa-fiokama","9":"first","10":"instock","11":"shipping-taxable","12":"purchasable","13":"product-type-simple"},"_links":{"self":[{"href":"http:\/\/stage.degree361.net:8080\/lux-sofa\/wp-json\/wp\/v2\/product\/777","targetHints":{"allow":["GET"]}}],"collection":[{"href":"http:\/\/stage.degree361.net:8080\/lux-sofa\/wp-json\/wp\/v2\/product"}],"about":[{"href":"http:\/\/stage.degree361.net:8080\/lux-sofa\/wp-json\/wp\/v2\/types\/product"}],"replies":[{"embeddable":true,"href":"http:\/\/stage.degree361.net:8080\/lux-sofa\/wp-json\/wp\/v2\/comments?post=777"}],"wp:featuredmedia":[{"embeddable":true,"href":"http:\/\/stage.degree361.net:8080\/lux-sofa\/wp-json\/wp\/v2\/media\/778"}],"wp:attachment":[{"href":"http:\/\/stage.degree361.net:8080\/lux-sofa\/wp-json\/wp\/v2\/media?parent=777"}],"wp:term":[{"taxonomy":"product_cat","embeddable":true,"href":"http:\/\/stage.degree361.net:8080\/lux-sofa\/wp-json\/wp\/v2\/product_cat?post=777"},{"taxonomy":"product_tag","embeddable":true,"href":"http:\/\/stage.degree361.net:8080\/lux-sofa\/wp-json\/wp\/v2\/product_tag?post=777"}],"curies":[{"name":"wp","href":"https:\/\/api.w.org\/{rel}","templated":true}]}}