{"id":774,"date":"2025-01-29T11:11:59","date_gmt":"2025-01-29T11:11:59","guid":{"rendered":"http:\/\/stage.degree361.net:8080\/lux-sofa\/?post_type=product&#038;p=774"},"modified":"2025-02-12T14:00:33","modified_gmt":"2025-02-12T14:00:33","slug":"komoda-2k1f","status":"publish","type":"product","link":"http:\/\/stage.degree361.net:8080\/lux-sofa\/product\/komoda-2k1f\/","title":{"rendered":"Komoda 2K1F"},"content":{"rendered":"<p><strong>Komoda 2K1F<\/strong> \u2013 Prakti\u010dan i elegantan komad name\u0161taja u sofisticiranoj <em>artisan<\/em> boji. Sa \u010detiri police i jednom fiokom, komoda 2K1F nudi optimalan prostor za organizaciju, dok njene dimenzije (85 cm visine, 80 cm \u0161irine i 38,5 cm dubine) omogu\u0107avaju lako uklapanje u razli\u010dite prostore. Idealna za dnevne sobe, hodnike ili spava\u0107e sobe, komoda 2K1F kombinuje funkcionalnost, stil i kompaktnost, pru\u017eaju\u0107i va\u0161em prostoru uredan i modern izgled.<\/p>\n","protected":false},"excerpt":{"rendered":"<p>Komoda 2K1F \u2013 Prakti\u010dan i elegantan komad name\u0161taja u sofisticiranoj artisan boji. Sa \u010detiri police i jednom fiokom, komoda 2K1F nudi optimalan prostor za organizaciju, dok njene dimenzije (85 cm visine, 80 cm \u0161irine i 38,5 cm dubine) omogu\u0107avaju lako uklapanje u razli\u010dite prostore. Idealna za dnevne sobe, hodnike ili spava\u0107e sobe, komoda 2K1F kombinuje [&hellip;]<\/p>\n","protected":false},"featured_media":775,"comment_status":"open","ping_status":"closed","template":"","meta":[],"product_cat":[39,83],"product_tag":[],"class_list":{"0":"post-774","1":"product","2":"type-product","3":"status-publish","4":"has-post-thumbnail","6":"product_cat-komode","7":"product_cat-komode-sa-fiokama","9":"first","10":"instock","11":"shipping-taxable","12":"purchasable","13":"product-type-simple"},"_links":{"self":[{"href":"http:\/\/stage.degree361.net:8080\/lux-sofa\/wp-json\/wp\/v2\/product\/774","targetHints":{"allow":["GET"]}}],"collection":[{"href":"http:\/\/stage.degree361.net:8080\/lux-sofa\/wp-json\/wp\/v2\/product"}],"about":[{"href":"http:\/\/stage.degree361.net:8080\/lux-sofa\/wp-json\/wp\/v2\/types\/product"}],"replies":[{"embeddable":true,"href":"http:\/\/stage.degree361.net:8080\/lux-sofa\/wp-json\/wp\/v2\/comments?post=774"}],"wp:featuredmedia":[{"embeddable":true,"href":"http:\/\/stage.degree361.net:8080\/lux-sofa\/wp-json\/wp\/v2\/media\/775"}],"wp:attachment":[{"href":"http:\/\/stage.degree361.net:8080\/lux-sofa\/wp-json\/wp\/v2\/media?parent=774"}],"wp:term":[{"taxonomy":"product_cat","embeddable":true,"href":"http:\/\/stage.degree361.net:8080\/lux-sofa\/wp-json\/wp\/v2\/product_cat?post=774"},{"taxonomy":"product_tag","embeddable":true,"href":"http:\/\/stage.degree361.net:8080\/lux-sofa\/wp-json\/wp\/v2\/product_tag?post=774"}],"curies":[{"name":"wp","href":"https:\/\/api.w.org\/{rel}","templated":true}]}}