{"id":769,"date":"2025-01-29T10:54:35","date_gmt":"2025-01-29T10:54:35","guid":{"rendered":"http:\/\/stage.degree361.net:8080\/lux-sofa\/?post_type=product&#038;p=769"},"modified":"2025-02-12T14:01:21","modified_gmt":"2025-02-12T14:01:21","slug":"komoda-vulcano-4","status":"publish","type":"product","link":"http:\/\/stage.degree361.net:8080\/lux-sofa\/product\/komoda-vulcano-4\/","title":{"rendered":"Komoda Vulcano 4"},"content":{"rendered":"<p><strong>Komoda Vulcano 4<\/strong> \u2013 Elegantan i funkcionalan komad name\u0161taja koji \u0107e uneti sofisticiranost u va\u0161 prostor. Ura\u0111ena u kombinaciji <em>artisan<\/em> i bele boje, komoda se odlikuje modernim dizajnom i jednostavno\u0161\u0107u. Sa tri prostrane police i dve fioke, nudi dovoljno prostora za organizaciju va\u0161ih stvari, bilo da je koristite u dnevnoj sobi, hodniku ili spava\u0107oj sobi. Dimenzije komode (82 cm visine, 80 cm \u0161irine i 35 cm dubine) omogu\u0107avaju savr\u0161en balans izme\u0111u kompaktnosti i funkcionalnosti, \u010dine\u0107i je idealnim re\u0161enjem za manje i srednje prostore. Komoda Vulcano 4 je pravi izbor za one koji \u017eele kvalitet, prakti\u010dnost i moderan izgled.<\/p>\n","protected":false},"excerpt":{"rendered":"<p>Komoda Vulcano 4 \u2013 Elegantan i funkcionalan komad name\u0161taja koji \u0107e uneti sofisticiranost u va\u0161 prostor. Ura\u0111ena u kombinaciji artisan i bele boje, komoda se odlikuje modernim dizajnom i jednostavno\u0161\u0107u. Sa tri prostrane police i dve fioke, nudi dovoljno prostora za organizaciju va\u0161ih stvari, bilo da je koristite u dnevnoj sobi, hodniku ili spava\u0107oj sobi. [&hellip;]<\/p>\n","protected":false},"featured_media":770,"comment_status":"open","ping_status":"closed","template":"","meta":[],"product_cat":[39,83],"product_tag":[],"class_list":{"0":"post-769","1":"product","2":"type-product","3":"status-publish","4":"has-post-thumbnail","6":"product_cat-komode","7":"product_cat-komode-sa-fiokama","9":"first","10":"instock","11":"shipping-taxable","12":"purchasable","13":"product-type-simple"},"_links":{"self":[{"href":"http:\/\/stage.degree361.net:8080\/lux-sofa\/wp-json\/wp\/v2\/product\/769","targetHints":{"allow":["GET"]}}],"collection":[{"href":"http:\/\/stage.degree361.net:8080\/lux-sofa\/wp-json\/wp\/v2\/product"}],"about":[{"href":"http:\/\/stage.degree361.net:8080\/lux-sofa\/wp-json\/wp\/v2\/types\/product"}],"replies":[{"embeddable":true,"href":"http:\/\/stage.degree361.net:8080\/lux-sofa\/wp-json\/wp\/v2\/comments?post=769"}],"wp:featuredmedia":[{"embeddable":true,"href":"http:\/\/stage.degree361.net:8080\/lux-sofa\/wp-json\/wp\/v2\/media\/770"}],"wp:attachment":[{"href":"http:\/\/stage.degree361.net:8080\/lux-sofa\/wp-json\/wp\/v2\/media?parent=769"}],"wp:term":[{"taxonomy":"product_cat","embeddable":true,"href":"http:\/\/stage.degree361.net:8080\/lux-sofa\/wp-json\/wp\/v2\/product_cat?post=769"},{"taxonomy":"product_tag","embeddable":true,"href":"http:\/\/stage.degree361.net:8080\/lux-sofa\/wp-json\/wp\/v2\/product_tag?post=769"}],"curies":[{"name":"wp","href":"https:\/\/api.w.org\/{rel}","templated":true}]}}