{"id":759,"date":"2025-01-29T10:36:12","date_gmt":"2025-01-29T10:36:12","guid":{"rendered":"http:\/\/stage.degree361.net:8080\/lux-sofa\/?post_type=product&#038;p=759"},"modified":"2025-02-12T14:03:01","modified_gmt":"2025-02-12T14:03:01","slug":"komoda-vulcano-2","status":"publish","type":"product","link":"http:\/\/stage.degree361.net:8080\/lux-sofa\/product\/komoda-vulcano-2\/","title":{"rendered":"Komoda Vulcano 2"},"content":{"rendered":"<p><strong>Komoda Vulcano 2<\/strong> \u2013 Savr\u0161en spoj stila i funkcionalnosti. Kombinacija <em>artisan<\/em> i bele boje \u010dini je elegantnim dodatkom svakom prostoru. Sa dve ve\u0107e i jednom manjom policom, kao i dve fioke, pru\u017ea \u0161iroke mogu\u0107nosti za organizaciju va\u0161ih stvari. Njene dimenzije (82 cm visine, 120 cm \u0161irine i 35 cm dubine) omogu\u0107avaju savr\u0161eno uklapanje u razli\u010dite prostorije, nude\u0107i vam dovoljno prostora bez kompromisa u stilu. Idealna za dnevne sobe, hodnike i spava\u0107e sobe.<\/p>\n","protected":false},"excerpt":{"rendered":"<p>Komoda Vulcano 2 \u2013 Savr\u0161en spoj stila i funkcionalnosti. Kombinacija artisan i bele boje \u010dini je elegantnim dodatkom svakom prostoru. Sa dve ve\u0107e i jednom manjom policom, kao i dve fioke, pru\u017ea \u0161iroke mogu\u0107nosti za organizaciju va\u0161ih stvari. Njene dimenzije (82 cm visine, 120 cm \u0161irine i 35 cm dubine) omogu\u0107avaju savr\u0161eno uklapanje u razli\u010dite [&hellip;]<\/p>\n","protected":false},"featured_media":760,"comment_status":"open","ping_status":"closed","template":"","meta":[],"product_cat":[39,83],"product_tag":[],"class_list":{"0":"post-759","1":"product","2":"type-product","3":"status-publish","4":"has-post-thumbnail","6":"product_cat-komode","7":"product_cat-komode-sa-fiokama","9":"first","10":"instock","11":"shipping-taxable","12":"purchasable","13":"product-type-simple"},"_links":{"self":[{"href":"http:\/\/stage.degree361.net:8080\/lux-sofa\/wp-json\/wp\/v2\/product\/759","targetHints":{"allow":["GET"]}}],"collection":[{"href":"http:\/\/stage.degree361.net:8080\/lux-sofa\/wp-json\/wp\/v2\/product"}],"about":[{"href":"http:\/\/stage.degree361.net:8080\/lux-sofa\/wp-json\/wp\/v2\/types\/product"}],"replies":[{"embeddable":true,"href":"http:\/\/stage.degree361.net:8080\/lux-sofa\/wp-json\/wp\/v2\/comments?post=759"}],"wp:featuredmedia":[{"embeddable":true,"href":"http:\/\/stage.degree361.net:8080\/lux-sofa\/wp-json\/wp\/v2\/media\/760"}],"wp:attachment":[{"href":"http:\/\/stage.degree361.net:8080\/lux-sofa\/wp-json\/wp\/v2\/media?parent=759"}],"wp:term":[{"taxonomy":"product_cat","embeddable":true,"href":"http:\/\/stage.degree361.net:8080\/lux-sofa\/wp-json\/wp\/v2\/product_cat?post=759"},{"taxonomy":"product_tag","embeddable":true,"href":"http:\/\/stage.degree361.net:8080\/lux-sofa\/wp-json\/wp\/v2\/product_tag?post=759"}],"curies":[{"name":"wp","href":"https:\/\/api.w.org\/{rel}","templated":true}]}}