{"id":755,"date":"2025-01-29T10:31:34","date_gmt":"2025-01-29T10:31:34","guid":{"rendered":"http:\/\/stage.degree361.net:8080\/lux-sofa\/?post_type=product&#038;p=755"},"modified":"2025-01-29T10:31:36","modified_gmt":"2025-01-29T10:31:36","slug":"komoda-vulcano-1","status":"publish","type":"product","link":"http:\/\/stage.degree361.net:8080\/lux-sofa\/product\/komoda-vulcano-1\/","title":{"rendered":"Komoda Vulcano 1"},"content":{"rendered":"<p><strong>Komoda Vulcano 1<\/strong> \u2013 Spoj modernog dizajna i prakti\u010dnosti. Ura\u0111ena u elegantnoj kombinaciji <em>artisan<\/em> i bele boje, komoda \u0107e uneti toplinu i sofisticiranost u va\u0161 enterijer. Sa dve prostrane police, pru\u017ea dovoljno prostora za organizaciju, dok njene dimenzije (82 cm visine, 60 cm \u0161irine i 35 cm dubine) omogu\u0107avaju jednostavno uklapanje u razli\u010dite prostorije. Idealna za dnevne sobe, hodnike ili spava\u0107e sobe, komoda Vulcano 1 je savr\u0161en izbor za one koji tra\u017ee kvalitetan, funkcionalan i vizuelno privla\u010dan komad name\u0161taja.<\/p>\n","protected":false},"excerpt":{"rendered":"<p>Komoda Vulcano 1 \u2013 Spoj modernog dizajna i prakti\u010dnosti. Ura\u0111ena u elegantnoj kombinaciji artisan i bele boje, komoda \u0107e uneti toplinu i sofisticiranost u va\u0161 enterijer. Sa dve prostrane police, pru\u017ea dovoljno prostora za organizaciju, dok njene dimenzije (82 cm visine, 60 cm \u0161irine i 35 cm dubine) omogu\u0107avaju jednostavno uklapanje u razli\u010dite prostorije. Idealna [&hellip;]<\/p>\n","protected":false},"featured_media":756,"comment_status":"open","ping_status":"closed","template":"","meta":[],"product_cat":[39],"product_tag":[],"class_list":{"0":"post-755","1":"product","2":"type-product","3":"status-publish","4":"has-post-thumbnail","6":"product_cat-komode","8":"first","9":"instock","10":"shipping-taxable","11":"purchasable","12":"product-type-simple"},"_links":{"self":[{"href":"http:\/\/stage.degree361.net:8080\/lux-sofa\/wp-json\/wp\/v2\/product\/755","targetHints":{"allow":["GET"]}}],"collection":[{"href":"http:\/\/stage.degree361.net:8080\/lux-sofa\/wp-json\/wp\/v2\/product"}],"about":[{"href":"http:\/\/stage.degree361.net:8080\/lux-sofa\/wp-json\/wp\/v2\/types\/product"}],"replies":[{"embeddable":true,"href":"http:\/\/stage.degree361.net:8080\/lux-sofa\/wp-json\/wp\/v2\/comments?post=755"}],"wp:featuredmedia":[{"embeddable":true,"href":"http:\/\/stage.degree361.net:8080\/lux-sofa\/wp-json\/wp\/v2\/media\/756"}],"wp:attachment":[{"href":"http:\/\/stage.degree361.net:8080\/lux-sofa\/wp-json\/wp\/v2\/media?parent=755"}],"wp:term":[{"taxonomy":"product_cat","embeddable":true,"href":"http:\/\/stage.degree361.net:8080\/lux-sofa\/wp-json\/wp\/v2\/product_cat?post=755"},{"taxonomy":"product_tag","embeddable":true,"href":"http:\/\/stage.degree361.net:8080\/lux-sofa\/wp-json\/wp\/v2\/product_tag?post=755"}],"curies":[{"name":"wp","href":"https:\/\/api.w.org\/{rel}","templated":true}]}}