{"id":751,"date":"2025-01-28T17:36:14","date_gmt":"2025-01-28T17:36:14","guid":{"rendered":"http:\/\/stage.degree361.net:8080\/lux-sofa\/?post_type=product&#038;p=751"},"modified":"2025-02-12T14:04:36","modified_gmt":"2025-02-12T14:04:36","slug":"lima-komoda-rtv2d1sn","status":"publish","type":"product","link":"http:\/\/stage.degree361.net:8080\/lux-sofa\/product\/lima-komoda-rtv2d1sn\/","title":{"rendered":"Lima komoda RTV2D1SN"},"content":{"rendered":"<p>Lima <strong>komoda RTV2D1SN<\/strong>! Zamislite ovo: Vi, va\u0161 omiljeni film i deo kokica koje posegnu do poda. Ali nema problema, jer je va\u0161a Lima komoda tu da spase stvar! Sa kompaktnih 65 cm visine, \u0161irokih 170 cm i dubine 40 cm, ona se udobno uklapa u va\u0161u dnevnu sobu, a pritom ne gu\u0161i prostor. Njene otvorene i zatvorene police omogu\u0107avaju vam da sakrijete sve one sitnice koje ne \u017eelite na vidiku, dok otvorena polica mo\u017ee da poslu\u017ei kao savr\u0161eno mesto za va\u0161 omiljeni ukras ili deo tehnologije koju \u017eelite da prika\u017eete. I da ne zaboravimo fioku \u2013 spa\u0161ava vas od one neugodne situacije kada gosti nenajavljeno banu, a vi u treptaju oka treba da pospremite nered. Fioka je dovoljno prostrana da u nju sakrijete sve one sitne predmete koje uvek gubite po ku\u0107i.<\/p>\n","protected":false},"excerpt":{"rendered":"<p>Lima komoda RTV2D1SN! Zamislite ovo: Vi, va\u0161 omiljeni film i deo kokica koje posegnu do poda. Ali nema problema, jer je va\u0161a Lima komoda tu da spase stvar! Sa kompaktnih 65 cm visine, \u0161irokih 170 cm i dubine 40 cm, ona se udobno uklapa u va\u0161u dnevnu sobu, a pritom ne gu\u0161i prostor. Njene otvorene [&hellip;]<\/p>\n","protected":false},"featured_media":752,"comment_status":"open","ping_status":"closed","template":"","meta":[],"product_cat":[39,82,76],"product_tag":[],"class_list":{"0":"post-751","1":"product","2":"type-product","3":"status-publish","4":"has-post-thumbnail","6":"product_cat-komode","7":"product_cat-komode-za-tv","8":"product_cat-tv-police","10":"first","11":"instock","12":"shipping-taxable","13":"purchasable","14":"product-type-simple"},"_links":{"self":[{"href":"http:\/\/stage.degree361.net:8080\/lux-sofa\/wp-json\/wp\/v2\/product\/751","targetHints":{"allow":["GET"]}}],"collection":[{"href":"http:\/\/stage.degree361.net:8080\/lux-sofa\/wp-json\/wp\/v2\/product"}],"about":[{"href":"http:\/\/stage.degree361.net:8080\/lux-sofa\/wp-json\/wp\/v2\/types\/product"}],"replies":[{"embeddable":true,"href":"http:\/\/stage.degree361.net:8080\/lux-sofa\/wp-json\/wp\/v2\/comments?post=751"}],"wp:featuredmedia":[{"embeddable":true,"href":"http:\/\/stage.degree361.net:8080\/lux-sofa\/wp-json\/wp\/v2\/media\/752"}],"wp:attachment":[{"href":"http:\/\/stage.degree361.net:8080\/lux-sofa\/wp-json\/wp\/v2\/media?parent=751"}],"wp:term":[{"taxonomy":"product_cat","embeddable":true,"href":"http:\/\/stage.degree361.net:8080\/lux-sofa\/wp-json\/wp\/v2\/product_cat?post=751"},{"taxonomy":"product_tag","embeddable":true,"href":"http:\/\/stage.degree361.net:8080\/lux-sofa\/wp-json\/wp\/v2\/product_tag?post=751"}],"curies":[{"name":"wp","href":"https:\/\/api.w.org\/{rel}","templated":true}]}}