{"id":748,"date":"2025-01-28T17:17:01","date_gmt":"2025-01-28T17:17:01","guid":{"rendered":"http:\/\/stage.degree361.net:8080\/lux-sofa\/?post_type=product&#038;p=748"},"modified":"2025-02-12T14:06:56","modified_gmt":"2025-02-12T14:06:56","slug":"lima-komoda-4d1s","status":"publish","type":"product","link":"http:\/\/stage.degree361.net:8080\/lux-sofa\/product\/lima-komoda-4d1s\/","title":{"rendered":"Lima komoda 4D1S"},"content":{"rendered":"<p><strong>Lima komoda 4D1S<\/strong> je kao \u0161vajcarski no\u017e me\u0111u komodama. Sastoji se od \u0161est polica i jedne fioke, koje su tu da se va\u0161i predmeti lepo u\u0161u\u0161kaju. Dve ve\u0107e police su tu da prime one ketering tanjire koje koristite samo kad dolaze &#8220;va\u017eni&#8221; gosti. Dimenzije komode (visina 87 cm, \u0161irina 160 cm, dubina 40 cm) \u010dine je savr\u0161enom za svaki prostor \u2013 dovoljno velika za skladi\u0161tenje, a dovoljno kompaktna da ne zauzima ceo dnevni boravak. Zna\u010di, sklonili smo problem sa haosom sa stola i omogu\u0107ili prostor za nove kreativne nerede! Sad zamislite ovu komodu kako dostojanstveno stoji u va\u0161em dnevnom boravku, pri\u010daju\u0107i pri\u010du o va\u0161em besprekornom ukusu za unutra\u0161nje ure\u0111enje. Bonus poeni ako neko pita gde ste je nabavili i vi dramati\u010dno uzvratite, &#8220;Oh, to je Lima, zna\u0161!&#8221;<\/p>\n","protected":false},"excerpt":{"rendered":"<p>Lima komoda 4D1S je kao \u0161vajcarski no\u017e me\u0111u komodama. Sastoji se od \u0161est polica i jedne fioke, koje su tu da se va\u0161i predmeti lepo u\u0161u\u0161kaju. Dve ve\u0107e police su tu da prime one ketering tanjire koje koristite samo kad dolaze &#8220;va\u017eni&#8221; gosti. Dimenzije komode (visina 87 cm, \u0161irina 160 cm, dubina 40 cm) \u010dine [&hellip;]<\/p>\n","protected":false},"featured_media":749,"comment_status":"open","ping_status":"closed","template":"","meta":[],"product_cat":[39,83,38],"product_tag":[],"class_list":{"0":"post-748","1":"product","2":"type-product","3":"status-publish","4":"has-post-thumbnail","6":"product_cat-komode","7":"product_cat-komode-sa-fiokama","8":"product_cat-spavace-sobe","10":"first","11":"instock","12":"shipping-taxable","13":"purchasable","14":"product-type-simple"},"_links":{"self":[{"href":"http:\/\/stage.degree361.net:8080\/lux-sofa\/wp-json\/wp\/v2\/product\/748","targetHints":{"allow":["GET"]}}],"collection":[{"href":"http:\/\/stage.degree361.net:8080\/lux-sofa\/wp-json\/wp\/v2\/product"}],"about":[{"href":"http:\/\/stage.degree361.net:8080\/lux-sofa\/wp-json\/wp\/v2\/types\/product"}],"replies":[{"embeddable":true,"href":"http:\/\/stage.degree361.net:8080\/lux-sofa\/wp-json\/wp\/v2\/comments?post=748"}],"wp:featuredmedia":[{"embeddable":true,"href":"http:\/\/stage.degree361.net:8080\/lux-sofa\/wp-json\/wp\/v2\/media\/749"}],"wp:attachment":[{"href":"http:\/\/stage.degree361.net:8080\/lux-sofa\/wp-json\/wp\/v2\/media?parent=748"}],"wp:term":[{"taxonomy":"product_cat","embeddable":true,"href":"http:\/\/stage.degree361.net:8080\/lux-sofa\/wp-json\/wp\/v2\/product_cat?post=748"},{"taxonomy":"product_tag","embeddable":true,"href":"http:\/\/stage.degree361.net:8080\/lux-sofa\/wp-json\/wp\/v2\/product_tag?post=748"}],"curies":[{"name":"wp","href":"https:\/\/api.w.org\/{rel}","templated":true}]}}