{"id":746,"date":"2025-01-28T11:18:50","date_gmt":"2025-01-28T11:18:50","guid":{"rendered":"http:\/\/stage.degree361.net:8080\/lux-sofa\/?post_type=product&#038;p=746"},"modified":"2025-02-12T14:10:35","modified_gmt":"2025-02-12T14:10:35","slug":"lima-komoda-1d3s","status":"publish","type":"product","link":"http:\/\/stage.degree361.net:8080\/lux-sofa\/product\/lima-komoda-1d3s\/","title":{"rendered":"Lima komoda 1D3S"},"content":{"rendered":"<p>Lima <strong>komoda 1D3S<\/strong> je majstor organizacije i savr\u0161en izbor za sve one koji vole red i mir&#8230; bar u stvarima, ako ne u glavi. Sa dvema zatvorenim policama, ne samo da \u0107ete uskladiti sve svoje tajne, ve\u0107 \u0107ete kona\u010dno mo\u0107i sakriti sve one kablove od ure\u0111aja koji naporno rade na skrivanju Wi-Fi signala. A tu su i tri fioke koje \u0107e va\u0161a mala haoti\u010dna carstva, poput sve one nesparne \u010darape i kablove koji vas gledaju sa krivicom, kona\u010dno dovesti u red. Dimenzijama od 87 cm visine, 120 cm \u0161irine i 40 cm dubine, ova komoda je prava zlatna sredina \u2013 dovoljno velika da sve dr\u017ei na svom mestu, ali dovoljno kompaktna da ne preuzme kontrolu nad celim prostorom. Idealno za one dane kada jednostavno \u017eelite da se zavalite u svoj omiljeni kutak i u\u017eivate u ve\u010deri u kojoj je najednostavnije izbaciti sve iz o\u010diju!<\/p>\n","protected":false},"excerpt":{"rendered":"<p>Lima komoda 1D3S je majstor organizacije i savr\u0161en izbor za sve one koji vole red i mir&#8230; bar u stvarima, ako ne u glavi. Sa dvema zatvorenim policama, ne samo da \u0107ete uskladiti sve svoje tajne, ve\u0107 \u0107ete kona\u010dno mo\u0107i sakriti sve one kablove od ure\u0111aja koji naporno rade na skrivanju Wi-Fi signala. A tu [&hellip;]<\/p>\n","protected":false},"featured_media":747,"comment_status":"open","ping_status":"closed","template":"","meta":[],"product_cat":[34,39,83],"product_tag":[],"class_list":{"0":"post-746","1":"product","2":"type-product","3":"status-publish","4":"has-post-thumbnail","6":"product_cat-dnevne-sobe","7":"product_cat-komode","8":"product_cat-komode-sa-fiokama","10":"first","11":"instock","12":"shipping-taxable","13":"purchasable","14":"product-type-simple"},"_links":{"self":[{"href":"http:\/\/stage.degree361.net:8080\/lux-sofa\/wp-json\/wp\/v2\/product\/746","targetHints":{"allow":["GET"]}}],"collection":[{"href":"http:\/\/stage.degree361.net:8080\/lux-sofa\/wp-json\/wp\/v2\/product"}],"about":[{"href":"http:\/\/stage.degree361.net:8080\/lux-sofa\/wp-json\/wp\/v2\/types\/product"}],"replies":[{"embeddable":true,"href":"http:\/\/stage.degree361.net:8080\/lux-sofa\/wp-json\/wp\/v2\/comments?post=746"}],"wp:featuredmedia":[{"embeddable":true,"href":"http:\/\/stage.degree361.net:8080\/lux-sofa\/wp-json\/wp\/v2\/media\/747"}],"wp:attachment":[{"href":"http:\/\/stage.degree361.net:8080\/lux-sofa\/wp-json\/wp\/v2\/media?parent=746"}],"wp:term":[{"taxonomy":"product_cat","embeddable":true,"href":"http:\/\/stage.degree361.net:8080\/lux-sofa\/wp-json\/wp\/v2\/product_cat?post=746"},{"taxonomy":"product_tag","embeddable":true,"href":"http:\/\/stage.degree361.net:8080\/lux-sofa\/wp-json\/wp\/v2\/product_tag?post=746"}],"curies":[{"name":"wp","href":"https:\/\/api.w.org\/{rel}","templated":true}]}}