{"id":739,"date":"2025-01-27T15:46:20","date_gmt":"2025-01-27T15:46:20","guid":{"rendered":"http:\/\/stage.degree361.net:8080\/lux-sofa\/?post_type=product&#038;p=739"},"modified":"2025-02-12T14:14:20","modified_gmt":"2025-02-12T14:14:20","slug":"stolica-stella","status":"publish","type":"product","link":"http:\/\/stage.degree361.net:8080\/lux-sofa\/product\/stolica-stella\/","title":{"rendered":"Stolica Stella"},"content":{"rendered":"<p>Stolica Stella \u2013 za one koji \u017eele stil s dozom elegancije i pregr\u0161t udobnosti, ali ne \u017eele da se odrede za ozbiljne, dosadne pri\u010de! \ud83c\udf1f<\/p>\n<p>Evo stolice koja donosi sve \u0161to vam treba i jo\u0161 malo vi\u0161e. Prvo, tu je visokokvalitetni \u0161tof Enjoy Lux New u Petrol boji. Za\u0161to je to va\u017eno? Zato \u0161to \u0107e va\u0161a dnevna soba, trpezarija ili kancelarija biti pravi hit! Ova boja ne samo da pleni poglede, ve\u0107 i odaje utisak sofisticiranosti i moderne estetike.<\/p>\n<p>Noge stolice su u crnoj boji, \u0161to zna\u010di da su spremne za akciju! \u010cvrste, stabilne i elegantne, one podr\u017eavaju ceo va\u0161 svet, bilo da u\u017eivate u jutarnjoj kafi ili radite na slede\u0107em poslovnom uspehu. Sa dimenzijama visine 84 cm, \u0161irine 47 cm i dubine 56 cm, Stella je pravljena za udobnost i lako\u0107u snala\u017eenja u svakom prostoru. Dakle, nema vi\u0161e onog nespretnog manevrisanja kada vas iznenade gosti ili kada je vreme za ples u dnevnoj sobi!<\/p>\n<p>A za kraj, ali ne manje va\u017ean \u2013 Stella je savr\u0161ena za va\u0161 \u017eivot pun boje, \u017eivot u kom se smejete, \u0161alite i u\u017eivate. Jednostavno re\u010deno, ovo je stolica koja ne samo da osve\u017eava va\u0161 prostor ve\u0107 i va\u0161e raspolo\u017eenje. Jer ko ka\u017ee da stil mora biti ozbiljan?<\/p>\n<p>Uzmite je za trenutke opu\u0161tanja, \u0161ale i \u017eivotnih pri\u010da. Pripremite se za stolicu koja ne zna da bude dosadna!<\/p>\n<p>Stolicu je mogu\u0107e naru\u010diti u 44 razli\u010dita \u0161tofa, gde svaki \u0161tof ima vi\u0161e od 20 boja.<\/p>\n","protected":false},"excerpt":{"rendered":"<p>Stolica Stella \u2013 za one koji \u017eele stil s dozom elegancije i pregr\u0161t udobnosti, ali ne \u017eele da se odrede za ozbiljne, dosadne pri\u010de! \ud83c\udf1f Evo stolice koja donosi sve \u0161to vam treba i jo\u0161 malo vi\u0161e. Prvo, tu je visokokvalitetni \u0161tof Enjoy Lux New u Petrol boji. Za\u0161to je to va\u017eno? Zato \u0161to \u0107e [&hellip;]<\/p>\n","protected":false},"featured_media":740,"comment_status":"open","ping_status":"closed","template":"","meta":[],"product_cat":[50,33,68],"product_tag":[],"class_list":{"0":"post-739","1":"product","2":"type-product","3":"status-publish","4":"has-post-thumbnail","6":"product_cat-stolice","7":"product_cat-stolice-i-fotelje","8":"product_cat-stolice-za-trpezariju","10":"first","11":"instock","12":"shipping-taxable","13":"purchasable","14":"product-type-simple"},"_links":{"self":[{"href":"http:\/\/stage.degree361.net:8080\/lux-sofa\/wp-json\/wp\/v2\/product\/739","targetHints":{"allow":["GET"]}}],"collection":[{"href":"http:\/\/stage.degree361.net:8080\/lux-sofa\/wp-json\/wp\/v2\/product"}],"about":[{"href":"http:\/\/stage.degree361.net:8080\/lux-sofa\/wp-json\/wp\/v2\/types\/product"}],"replies":[{"embeddable":true,"href":"http:\/\/stage.degree361.net:8080\/lux-sofa\/wp-json\/wp\/v2\/comments?post=739"}],"wp:featuredmedia":[{"embeddable":true,"href":"http:\/\/stage.degree361.net:8080\/lux-sofa\/wp-json\/wp\/v2\/media\/740"}],"wp:attachment":[{"href":"http:\/\/stage.degree361.net:8080\/lux-sofa\/wp-json\/wp\/v2\/media?parent=739"}],"wp:term":[{"taxonomy":"product_cat","embeddable":true,"href":"http:\/\/stage.degree361.net:8080\/lux-sofa\/wp-json\/wp\/v2\/product_cat?post=739"},{"taxonomy":"product_tag","embeddable":true,"href":"http:\/\/stage.degree361.net:8080\/lux-sofa\/wp-json\/wp\/v2\/product_tag?post=739"}],"curies":[{"name":"wp","href":"https:\/\/api.w.org\/{rel}","templated":true}]}}