{"id":735,"date":"2025-01-27T15:43:33","date_gmt":"2025-01-27T15:43:33","guid":{"rendered":"http:\/\/stage.degree361.net:8080\/lux-sofa\/?post_type=product&#038;p=735"},"modified":"2025-02-12T14:16:38","modified_gmt":"2025-02-12T14:16:38","slug":"stolica-mona","status":"publish","type":"product","link":"http:\/\/stage.degree361.net:8080\/lux-sofa\/product\/stolica-mona\/","title":{"rendered":"Stolica Mona"},"content":{"rendered":"<p>Stolica Mona \u2013 jer Va\u0161 stambeni prostor zaslu\u017euje trenutak glamura, a vi dozu udobnosti uz smeh! Napravljena od luksuznog \u0161tofa Tiffany, ova stolica ne samo da izgleda kao milion dolara, ve\u0107 se na njoj ose\u0107ate kao da ste na oblaku od luksuza. Mo\u017eete biti sigurni da dok budete sedeli na Moni, va\u0161a ki\u010dma \u0107e pre\u017eiveti i maratonsko sedenje na porodi\u010dnim okupljanjima, sve zahvaljuju\u0107i visini od 88 cm koja je idealna za potporu va\u0161eg tela.<\/p>\n<p>Sad, da se osvrnemo na njene elegantne crne metalne noge \u2013 ne samo da daju dodatni \u0161ik ovoj stolici, ve\u0107 obezbe\u0111uju i \u010dvrst oslonac, \u0161to zna\u010di da \u0107e va\u0161a Mona ostati na visini zadatka dok vi diskutujete o najnovijim tra\u010devima. I sa \u0161irinom od 47 cm i dubinom od 52 cm, nudi taman dovoljno prostora za sve one sitne pokrete, jer znamo da ne mirujete dok pri\u010date one urnebesne anegdote.<\/p>\n<p>Ova stolica je savr\u0161ena za svaku situaciju \u2013 od opu\u0161tenih ve\u010dera sa prijateljima do ozbiljnih sastanaka koji se vrlo lako pretvore u pri\u010de o tome ko \u0107e biti slede\u0107i sre\u0107ni vlasnik ba\u0161 ovakve stolice. Napravite svoj dom zabavnijim i elegantnijim mestom uz Monu \u2013 jer \u017eivot je prekratak za dosadne stolice!<\/p>\n<p>Stolicu je mogu\u0107e naru\u010diti u 44 razli\u010dita \u0161tofa, gde svaki \u0161tof ima vi\u0161e od 20 boja.<\/p>\n","protected":false},"excerpt":{"rendered":"<p>Stolica Mona \u2013 jer Va\u0161 stambeni prostor zaslu\u017euje trenutak glamura, a vi dozu udobnosti uz smeh! Napravljena od luksuznog \u0161tofa Tiffany, ova stolica ne samo da izgleda kao milion dolara, ve\u0107 se na njoj ose\u0107ate kao da ste na oblaku od luksuza. Mo\u017eete biti sigurni da dok budete sedeli na Moni, va\u0161a ki\u010dma \u0107e pre\u017eiveti [&hellip;]<\/p>\n","protected":false},"featured_media":736,"comment_status":"open","ping_status":"closed","template":"","meta":[],"product_cat":[50,33,68],"product_tag":[],"class_list":{"0":"post-735","1":"product","2":"type-product","3":"status-publish","4":"has-post-thumbnail","6":"product_cat-stolice","7":"product_cat-stolice-i-fotelje","8":"product_cat-stolice-za-trpezariju","10":"first","11":"instock","12":"shipping-taxable","13":"purchasable","14":"product-type-simple"},"_links":{"self":[{"href":"http:\/\/stage.degree361.net:8080\/lux-sofa\/wp-json\/wp\/v2\/product\/735","targetHints":{"allow":["GET"]}}],"collection":[{"href":"http:\/\/stage.degree361.net:8080\/lux-sofa\/wp-json\/wp\/v2\/product"}],"about":[{"href":"http:\/\/stage.degree361.net:8080\/lux-sofa\/wp-json\/wp\/v2\/types\/product"}],"replies":[{"embeddable":true,"href":"http:\/\/stage.degree361.net:8080\/lux-sofa\/wp-json\/wp\/v2\/comments?post=735"}],"wp:featuredmedia":[{"embeddable":true,"href":"http:\/\/stage.degree361.net:8080\/lux-sofa\/wp-json\/wp\/v2\/media\/736"}],"wp:attachment":[{"href":"http:\/\/stage.degree361.net:8080\/lux-sofa\/wp-json\/wp\/v2\/media?parent=735"}],"wp:term":[{"taxonomy":"product_cat","embeddable":true,"href":"http:\/\/stage.degree361.net:8080\/lux-sofa\/wp-json\/wp\/v2\/product_cat?post=735"},{"taxonomy":"product_tag","embeddable":true,"href":"http:\/\/stage.degree361.net:8080\/lux-sofa\/wp-json\/wp\/v2\/product_tag?post=735"}],"curies":[{"name":"wp","href":"https:\/\/api.w.org\/{rel}","templated":true}]}}