{"id":731,"date":"2025-01-27T14:43:45","date_gmt":"2025-01-27T14:43:45","guid":{"rendered":"http:\/\/stage.degree361.net:8080\/lux-sofa\/?post_type=product&#038;p=731"},"modified":"2025-02-12T14:17:15","modified_gmt":"2025-02-12T14:17:15","slug":"stolica-kristal","status":"publish","type":"product","link":"http:\/\/stage.degree361.net:8080\/lux-sofa\/product\/stolica-kristal\/","title":{"rendered":"Stolica Kristal"},"content":{"rendered":"<p>Kad sednete na Trpezarijsku stolicu Kristal, pripremite se za do\u017eivljaj kao da ste prona\u0161li \u010darobnu lampu, ali bez Duhova i trostrukih \u017eelja. Njen neodoljivi dizajn s elegantnim nogarama od MDF materijala u beloj boji pru\u017ea notu sofisticiranosti svakom prostoru. To su moderne nogare koje su stabilne ba\u0161 kao va\u0161a odlu\u010dnost da presko\u010dite desert nakon ve\u010dere \u2013 ali bez ose\u0107aja krivice!<\/p>\n<p>Zavalite se na sedi\u0161te presvu\u010deno Legend \u0161tofom, koji svojom udobno\u0161\u0107u mami da ostanete du\u017ee za stolom, ali ne brinite \u2013 ova stolica ne\u0107e ogovarati va\u0161u naviku da se vra\u0107ate po repete! Njen dizajn ne\u0107e se uklopiti samo u va\u0161e trpezarije, ve\u0107 \u0107e postati glavni akter u va\u0161im porodi\u010dnim okupljanjima ili ve\u010derama uz sve\u0107u sa dragom osobom.<\/p>\n<p>Sa dimenzijama od 94 cm visine, 47 cm \u0161irine i 60 cm dubine, ona je kao stvorena za svaki prostor, \u010dak i ako ste mislili da je va\u0161 trpezarijski prostor manji od ormari\u0107a za metlu kod Harija Potera. Ali bez brige, Kristal donosi magiju \u2013 na\u0107i \u0107e svoje mesto i privu\u0107i sve poglede kao da je supermodel na pisti.<\/p>\n<p>Ukratko, Kristal je savr\u0161en saputnik za svaki obrok, pru\u017eaju\u0107i ose\u0107aj komfora i stabilnosti. Ako tra\u017eite stolicu koja \u0107e izdr\u017eati sav pritisak porodi\u010dnih ru\u010dkova i podsta\u0107i va\u0161e unutra\u0161nje hedoniste, ne tra\u017eite dalje. S Kristalom ne samo da sedite, ve\u0107 vladate trpezarijskom krunom!<\/p>\n","protected":false},"excerpt":{"rendered":"<p>Kad sednete na Trpezarijsku stolicu Kristal, pripremite se za do\u017eivljaj kao da ste prona\u0161li \u010darobnu lampu, ali bez Duhova i trostrukih \u017eelja. Njen neodoljivi dizajn s elegantnim nogarama od MDF materijala u beloj boji pru\u017ea notu sofisticiranosti svakom prostoru. To su moderne nogare koje su stabilne ba\u0161 kao va\u0161a odlu\u010dnost da presko\u010dite desert nakon ve\u010dere [&hellip;]<\/p>\n","protected":false},"featured_media":732,"comment_status":"open","ping_status":"closed","template":"","meta":[],"product_cat":[50,33,68],"product_tag":[],"class_list":{"0":"post-731","1":"product","2":"type-product","3":"status-publish","4":"has-post-thumbnail","6":"product_cat-stolice","7":"product_cat-stolice-i-fotelje","8":"product_cat-stolice-za-trpezariju","10":"first","11":"instock","12":"shipping-taxable","13":"purchasable","14":"product-type-simple"},"_links":{"self":[{"href":"http:\/\/stage.degree361.net:8080\/lux-sofa\/wp-json\/wp\/v2\/product\/731","targetHints":{"allow":["GET"]}}],"collection":[{"href":"http:\/\/stage.degree361.net:8080\/lux-sofa\/wp-json\/wp\/v2\/product"}],"about":[{"href":"http:\/\/stage.degree361.net:8080\/lux-sofa\/wp-json\/wp\/v2\/types\/product"}],"replies":[{"embeddable":true,"href":"http:\/\/stage.degree361.net:8080\/lux-sofa\/wp-json\/wp\/v2\/comments?post=731"}],"wp:featuredmedia":[{"embeddable":true,"href":"http:\/\/stage.degree361.net:8080\/lux-sofa\/wp-json\/wp\/v2\/media\/732"}],"wp:attachment":[{"href":"http:\/\/stage.degree361.net:8080\/lux-sofa\/wp-json\/wp\/v2\/media?parent=731"}],"wp:term":[{"taxonomy":"product_cat","embeddable":true,"href":"http:\/\/stage.degree361.net:8080\/lux-sofa\/wp-json\/wp\/v2\/product_cat?post=731"},{"taxonomy":"product_tag","embeddable":true,"href":"http:\/\/stage.degree361.net:8080\/lux-sofa\/wp-json\/wp\/v2\/product_tag?post=731"}],"curies":[{"name":"wp","href":"https:\/\/api.w.org\/{rel}","templated":true}]}}