{"id":723,"date":"2025-01-27T13:39:44","date_gmt":"2025-01-27T13:39:44","guid":{"rendered":"http:\/\/stage.degree361.net:8080\/lux-sofa\/?post_type=product&#038;p=723"},"modified":"2025-02-12T14:18:49","modified_gmt":"2025-02-12T14:18:49","slug":"stolica-dc-1903","status":"publish","type":"product","link":"http:\/\/stage.degree361.net:8080\/lux-sofa\/product\/stolica-dc-1903\/","title":{"rendered":"Stolica DC-1903"},"content":{"rendered":"<p>Trpezarijsku stolica DC-1903 ne samo da \u0107e vas dr\u017eati iznad zemlje, ve\u0107 \u0107e u\u010diniti da se ose\u0107ate kao da lebdite na oblaku sre\u0107e dok ru\u010date svoju omiljenu pitu.<\/p>\n<p>Napravljena sa crnim metalnim nogarima, DC-1903 je poput superheroja me\u0111u stolicama &#8211; stabilna do te mere da \u0107ete zaboraviti na svako klimanje pro\u0161losti. Zamislite da slu\u010dajno prosipate supu, ali va\u0161a stolica se ne pomera ni za milimetar! A s obzirom na to da je obojena u \u0161ik antracit sivoj, mo\u017eete biti sigurni da \u0107e va\u0161a trpezarija izgledati zavodljivo i sofisticirano, kao da je sama ku\u0107a spremna za modnu pistu.<\/p>\n<p>S visinom od 86 cm, \u0161irinom od 48 cm i dubinom od 55 cm, ova stolica nudi dovoljno prostora za va\u0161u kraljevsku pozu, pa \u010dak i za vi\u0161e nego po\u0161teno popodnevno dremanje nakon prekomernog ru\u010dka. Sedite, opustite se, i dopustite Trpezarijskoj stolici DC-1903 da vas obuzme prijatno\u0161\u0107u, dok upijate sve komplimente koje va\u0161i gosti ne mogu da zadr\u017ee. Pripremite se za izgovore tipa \u201estolice su prelepe&#8221; kada \u0107e prijatelji \u017eeleti da ostanu du\u017ee &#8211; dvostruka doza komplimenta i, nadamo se, duplo vi\u0161e deserta.<\/p>\n<p>Uz DC-1903, dobijate trpezarijsku stolicu kao nijedna druga, za iskustvo ve\u010deravanja koje je jednako udobno koliko i moderno. Dakle, sedi\u0161te va\u0161e trpezarije vi\u0161e ne\u0107e biti preletno, ve\u0107 pravi epicentar ku\u0107nog okupljanja. Pribavite svoju jo\u0161 danas i dozvolite da ove \u010darobne stolice postanu pravi razgovor trpezarije!<\/p>\n","protected":false},"excerpt":{"rendered":"<p>Trpezarijsku stolica DC-1903 ne samo da \u0107e vas dr\u017eati iznad zemlje, ve\u0107 \u0107e u\u010diniti da se ose\u0107ate kao da lebdite na oblaku sre\u0107e dok ru\u010date svoju omiljenu pitu. Napravljena sa crnim metalnim nogarima, DC-1903 je poput superheroja me\u0111u stolicama &#8211; stabilna do te mere da \u0107ete zaboraviti na svako klimanje pro\u0161losti. Zamislite da slu\u010dajno prosipate [&hellip;]<\/p>\n","protected":false},"featured_media":724,"comment_status":"open","ping_status":"closed","template":"","meta":[],"product_cat":[50,33,68],"product_tag":[],"class_list":{"0":"post-723","1":"product","2":"type-product","3":"status-publish","4":"has-post-thumbnail","6":"product_cat-stolice","7":"product_cat-stolice-i-fotelje","8":"product_cat-stolice-za-trpezariju","10":"first","11":"instock","12":"shipping-taxable","13":"purchasable","14":"product-type-simple"},"_links":{"self":[{"href":"http:\/\/stage.degree361.net:8080\/lux-sofa\/wp-json\/wp\/v2\/product\/723","targetHints":{"allow":["GET"]}}],"collection":[{"href":"http:\/\/stage.degree361.net:8080\/lux-sofa\/wp-json\/wp\/v2\/product"}],"about":[{"href":"http:\/\/stage.degree361.net:8080\/lux-sofa\/wp-json\/wp\/v2\/types\/product"}],"replies":[{"embeddable":true,"href":"http:\/\/stage.degree361.net:8080\/lux-sofa\/wp-json\/wp\/v2\/comments?post=723"}],"wp:featuredmedia":[{"embeddable":true,"href":"http:\/\/stage.degree361.net:8080\/lux-sofa\/wp-json\/wp\/v2\/media\/724"}],"wp:attachment":[{"href":"http:\/\/stage.degree361.net:8080\/lux-sofa\/wp-json\/wp\/v2\/media?parent=723"}],"wp:term":[{"taxonomy":"product_cat","embeddable":true,"href":"http:\/\/stage.degree361.net:8080\/lux-sofa\/wp-json\/wp\/v2\/product_cat?post=723"},{"taxonomy":"product_tag","embeddable":true,"href":"http:\/\/stage.degree361.net:8080\/lux-sofa\/wp-json\/wp\/v2\/product_tag?post=723"}],"curies":[{"name":"wp","href":"https:\/\/api.w.org\/{rel}","templated":true}]}}