{"id":708,"date":"2025-01-24T11:09:21","date_gmt":"2025-01-24T11:09:21","guid":{"rendered":"http:\/\/stage.degree361.net:8080\/lux-sofa\/?post_type=product&#038;p=708"},"modified":"2025-02-12T14:23:42","modified_gmt":"2025-02-12T14:23:42","slug":"trpezarijski-sto-v","status":"publish","type":"product","link":"http:\/\/stage.degree361.net:8080\/lux-sofa\/product\/trpezarijski-sto-v\/","title":{"rendered":"Trpezarijski sto V"},"content":{"rendered":"<p>U srcu svake trpezarije, gde se ma\u0161ta susre\u0107e sa stvarno\u0161\u0107u, stoji na\u0161 Trpezarijski sto V, komad iz snova koji \u0107e obogatiti va\u0161 dom \u010distom elegancijom i skladom. Od prvog dodira sa njegovom povr\u0161inom, izra\u0111enom od trajne iverice i medijapana, oseti\u0107ete toplinu i prirodnost lanselot hrasta koja \u0161apu\u0107e pri\u010de o bezvremenoj lepoti prirode.<\/p>\n<p>Sa dimenzijama koje odi\u0161u savr\u0161enom simetrijom, visinom od 75 cm koja poziva sve da uzmu mesto, \u0161irinom od 160 cm koja pru\u017ea dovoljno prostora za va\u0161u porodicu i prijatelje, i dubinom od 90 cm koja omogu\u0107ava ugodan protok razgovora i uspomena, Trpezarijski sto V je vi\u0161e od komada name\u0161taja; on je pozornica za svakodnevne sve\u010danosti \u017eivota.<\/p>\n<p>Njegove noge, u antracit sivoj boji, dodaju modernu notu klasi\u010dnom dizajnu, stvaraju\u0107i savr\u0161enu ravnote\u017eu izme\u0111u funkcionalnosti i estetike. Stabilnost i izdr\u017eljivost ovog stola omogu\u0107avaju vam da bezbri\u017eno u\u017eivate u svakom okupljanju, od intimnih ve\u010dera do velikih porodi\u010dnih proslava.<\/p>\n<p>Zamislite mirise sve\u017ee pe\u010denog hleba, zvukove smeha i zvonki razgovor kako se prepli\u0107u oko ovog stola. Trpezarijski sto V nije samo mesto za obedovanje; to je mesto gde se veze grade, gde ljubav raste i gde svaka mrvica radosti pronalazi svoj put do srca.<\/p>\n<p>,Dozvolite da Trpezarijski sto V postane tihi svedok va\u0161ih najdragocenijih trenutaka, pru\u017eaju\u0107i vam prostor gde svaka trpeza postaje slavlje i svaka ve\u010dera pesma. Neka vas ovaj sto inspiri\u0161e da stvarate uspomene koje \u0107e trajati, upravo onako kako priroda kreira svoje remek-dela, svestan svakog detalja i u harmoniji sa svetom koji ga okru\u017euje.<\/p>\n","protected":false},"excerpt":{"rendered":"<p>U srcu svake trpezarije, gde se ma\u0161ta susre\u0107e sa stvarno\u0161\u0107u, stoji na\u0161 Trpezarijski sto V, komad iz snova koji \u0107e obogatiti va\u0161 dom \u010distom elegancijom i skladom. Od prvog dodira sa njegovom povr\u0161inom, izra\u0111enom od trajne iverice i medijapana, oseti\u0107ete toplinu i prirodnost lanselot hrasta koja \u0161apu\u0107e pri\u010de o bezvremenoj lepoti prirode. Sa dimenzijama koje [&hellip;]<\/p>\n","protected":false},"featured_media":709,"comment_status":"open","ping_status":"closed","template":"","meta":[],"product_cat":[55,92,42],"product_tag":[],"class_list":{"0":"post-708","1":"product","2":"type-product","3":"status-publish","4":"has-post-thumbnail","6":"product_cat-stolovi","7":"product_cat-trpezarijski-stolovi-stolovi","8":"product_cat-trpezarijski-stolovi","10":"first","11":"instock","12":"shipping-taxable","13":"purchasable","14":"product-type-simple"},"_links":{"self":[{"href":"http:\/\/stage.degree361.net:8080\/lux-sofa\/wp-json\/wp\/v2\/product\/708","targetHints":{"allow":["GET"]}}],"collection":[{"href":"http:\/\/stage.degree361.net:8080\/lux-sofa\/wp-json\/wp\/v2\/product"}],"about":[{"href":"http:\/\/stage.degree361.net:8080\/lux-sofa\/wp-json\/wp\/v2\/types\/product"}],"replies":[{"embeddable":true,"href":"http:\/\/stage.degree361.net:8080\/lux-sofa\/wp-json\/wp\/v2\/comments?post=708"}],"wp:featuredmedia":[{"embeddable":true,"href":"http:\/\/stage.degree361.net:8080\/lux-sofa\/wp-json\/wp\/v2\/media\/709"}],"wp:attachment":[{"href":"http:\/\/stage.degree361.net:8080\/lux-sofa\/wp-json\/wp\/v2\/media?parent=708"}],"wp:term":[{"taxonomy":"product_cat","embeddable":true,"href":"http:\/\/stage.degree361.net:8080\/lux-sofa\/wp-json\/wp\/v2\/product_cat?post=708"},{"taxonomy":"product_tag","embeddable":true,"href":"http:\/\/stage.degree361.net:8080\/lux-sofa\/wp-json\/wp\/v2\/product_tag?post=708"}],"curies":[{"name":"wp","href":"https:\/\/api.w.org\/{rel}","templated":true}]}}