{"id":704,"date":"2025-01-24T11:05:21","date_gmt":"2025-01-24T11:05:21","guid":{"rendered":"http:\/\/stage.degree361.net:8080\/lux-sofa\/?post_type=product&#038;p=704"},"modified":"2025-02-12T14:26:37","modified_gmt":"2025-02-12T14:26:37","slug":"trpezarijski-sto-futura","status":"publish","type":"product","link":"http:\/\/stage.degree361.net:8080\/lux-sofa\/product\/trpezarijski-sto-futura\/","title":{"rendered":"Trpezarijski sto Futura"},"content":{"rendered":"<p>Imate problem da ugostite goste za ve\u010deru, a da to ne li\u010di na igru \u201eKo \u0107e na\u0107i mesto za stolom\u201c? Ovaj sto nije samo mesto gde se slu\u017ee obroci; on je va\u0161a nova omiljena lokacija za sve dru\u0161tvene igre, ve\u010dere i jutarnje kafe!<\/p>\n<p>Zamislite samo: povr\u0161ina ovog stola je ura\u0111ena od medijapana u elegantnoj mermer sivoj boji. Da, znamo \u0161ta mislite \u2013 to je kao da imate mali Va\u0161ington Monument u svojoj trpezariji! A noge? One su crne, metalne i spremne da izdr\u017ee sve, od te\u017eine porodi\u010dnih okupljanja do povremenog oblaka ma\u010dje dlake.<\/p>\n<p>Ali, ono \u0161to Futura \u010dini stvarno posebnim je njegova mogu\u0107nost da se rastegne. I to ne kao onaj va\u0161 omiljeni d\u017eemper posle pranja, ve\u0107 na veoma uredan na\u010din! Kada je sklopljen, sto ima \u0161irinu od 138 cm, \u0161to ga \u010dini savr\u0161enim za svakodnevnu upotrebu. Me\u0111utim, kada va\u0161a lista gostiju prestane da staje na stranicu bloka, mo\u017eete ga produ\u017eiti na impresivnih 178 cm. Dakle, svi va\u0161i prijatelji, a i oni koji su to samo kada je vreme za ve\u010deru, na\u0107i \u0107e svoje mesto za stolom.<\/p>\n<p>Dimenzije stola \u2013 visina 76 cm, \u0161irina 138 cm\/178 cm, dubina 90 cm \u2013 idealne su za va\u0161u kuhinju ili trpezariju, a i dalje ostavljaju dovoljno prostora da ostanete kul doma\u0107in. Savr\u0161ena kombinacija funkcionalnosti i stila, Trpezarijski sto Futura poma\u017ee vam da jednostavno birate izme\u0111u svakodnevne prakti\u010dnosti i posebne elegancije kad god vam zatreba.<\/p>\n<p>Uz Futuru, jedino \u0161to ostaje da uradite je da osmislite jelovnik koji \u0107e biti dostojan sjaja va\u0161eg novog stola! Prijatno!<\/p>\n","protected":false},"excerpt":{"rendered":"<p>Imate problem da ugostite goste za ve\u010deru, a da to ne li\u010di na igru \u201eKo \u0107e na\u0107i mesto za stolom\u201c? Ovaj sto nije samo mesto gde se slu\u017ee obroci; on je va\u0161a nova omiljena lokacija za sve dru\u0161tvene igre, ve\u010dere i jutarnje kafe! Zamislite samo: povr\u0161ina ovog stola je ura\u0111ena od medijapana u elegantnoj mermer [&hellip;]<\/p>\n","protected":false},"featured_media":705,"comment_status":"open","ping_status":"closed","template":"","meta":[],"product_cat":[55,92,42],"product_tag":[],"class_list":{"0":"post-704","1":"product","2":"type-product","3":"status-publish","4":"has-post-thumbnail","6":"product_cat-stolovi","7":"product_cat-trpezarijski-stolovi-stolovi","8":"product_cat-trpezarijski-stolovi","10":"first","11":"instock","12":"shipping-taxable","13":"purchasable","14":"product-type-simple"},"_links":{"self":[{"href":"http:\/\/stage.degree361.net:8080\/lux-sofa\/wp-json\/wp\/v2\/product\/704","targetHints":{"allow":["GET"]}}],"collection":[{"href":"http:\/\/stage.degree361.net:8080\/lux-sofa\/wp-json\/wp\/v2\/product"}],"about":[{"href":"http:\/\/stage.degree361.net:8080\/lux-sofa\/wp-json\/wp\/v2\/types\/product"}],"replies":[{"embeddable":true,"href":"http:\/\/stage.degree361.net:8080\/lux-sofa\/wp-json\/wp\/v2\/comments?post=704"}],"wp:featuredmedia":[{"embeddable":true,"href":"http:\/\/stage.degree361.net:8080\/lux-sofa\/wp-json\/wp\/v2\/media\/705"}],"wp:attachment":[{"href":"http:\/\/stage.degree361.net:8080\/lux-sofa\/wp-json\/wp\/v2\/media?parent=704"}],"wp:term":[{"taxonomy":"product_cat","embeddable":true,"href":"http:\/\/stage.degree361.net:8080\/lux-sofa\/wp-json\/wp\/v2\/product_cat?post=704"},{"taxonomy":"product_tag","embeddable":true,"href":"http:\/\/stage.degree361.net:8080\/lux-sofa\/wp-json\/wp\/v2\/product_tag?post=704"}],"curies":[{"name":"wp","href":"https:\/\/api.w.org\/{rel}","templated":true}]}}