{"id":701,"date":"2025-01-24T10:51:39","date_gmt":"2025-01-24T10:51:39","guid":{"rendered":"http:\/\/stage.degree361.net:8080\/lux-sofa\/?post_type=product&#038;p=701"},"modified":"2025-02-12T14:27:53","modified_gmt":"2025-02-12T14:27:53","slug":"trpezarijski-sto-alegro","status":"publish","type":"product","link":"http:\/\/stage.degree361.net:8080\/lux-sofa\/product\/trpezarijski-sto-alegro\/","title":{"rendered":"Trpezarijski sto Alegro"},"content":{"rendered":"<p>U\u0111ite u svet elegancije sa Trpezarijskim stolom Alegro \u2013 gde se spajaju stil i funkcionalnost na najveseliji na\u010din! Zamislite savr\u0161eno mesto za okupljanje porodice i prijatelja, gde obroci postaju doga\u0111aji i diskusije se pretvaraju u smijeh do suza. Sa visinom od 77 cm i pre\u010dnikom stola od 102 cm, Alegro nudi taman dovoljno prostora za sve va\u0161e gurmanske avanture, a tako\u0111e i za one spontane trenutke kada se jedan tanjir prenosi do susednog mesta!<\/p>\n<p>Povr\u0161ina u boji hrasta, izra\u0111ena od kvalitetnog medijapana, nije samo vizuelno privla\u010dna \u2013 ona je i savr\u0161ena za one trenutke kada malo preterate sa ke\u010dapom ili vinom. Ko bi rekao da drvena povr\u0161ina mo\u017ee da bude tako otporna na va\u0161e kreativne sisteme za &#8216;flekanje&#8217;? A tu su i noge koje dr\u017ee sve pod kontrolom, jer su izra\u0111ene od metala u sofisticiranoj crnoj boji. Zaboravite na nesigurne stolove \u2013 ovaj \u010dvrst i stabilan dizajn osigurava da nijedan obrok ne\u0107e zavr\u0161iti na podu!<\/p>\n<p>Dakle, za\u0161to je Alegro pravi izbor za vas? Pa, osim \u0161to kombinacija medijapana i metala pru\u017ea dugotrajnost i stabilnost, njegove dimenzije su savr\u0161ene za ugodan obrok ili pijuckanje kafe s prijateljima, bez gu\u017eve! Stavite visoku modu u centar va\u0161eg doma i neka vas Alegro vodi kroz svakodnevne razgovore i posebne trenutke.<\/p>\n<p>Spremite se da o\u010darate goste elegantnim, ali duhovitim dodatkom va\u0161em domu \u2013 ovaj trpezarijski sto nije samo komad name\u0161taja, ve\u0107 prava zvezda ve\u010dere!<\/p>\n","protected":false},"excerpt":{"rendered":"<p>U\u0111ite u svet elegancije sa Trpezarijskim stolom Alegro \u2013 gde se spajaju stil i funkcionalnost na najveseliji na\u010din! Zamislite savr\u0161eno mesto za okupljanje porodice i prijatelja, gde obroci postaju doga\u0111aji i diskusije se pretvaraju u smijeh do suza. Sa visinom od 77 cm i pre\u010dnikom stola od 102 cm, Alegro nudi taman dovoljno prostora za [&hellip;]<\/p>\n","protected":false},"featured_media":702,"comment_status":"open","ping_status":"closed","template":"","meta":[],"product_cat":[55,42,92],"product_tag":[],"class_list":{"0":"post-701","1":"product","2":"type-product","3":"status-publish","4":"has-post-thumbnail","6":"product_cat-stolovi","7":"product_cat-trpezarijski-stolovi","8":"product_cat-trpezarijski-stolovi-stolovi","10":"first","11":"instock","12":"shipping-taxable","13":"purchasable","14":"product-type-simple"},"_links":{"self":[{"href":"http:\/\/stage.degree361.net:8080\/lux-sofa\/wp-json\/wp\/v2\/product\/701","targetHints":{"allow":["GET"]}}],"collection":[{"href":"http:\/\/stage.degree361.net:8080\/lux-sofa\/wp-json\/wp\/v2\/product"}],"about":[{"href":"http:\/\/stage.degree361.net:8080\/lux-sofa\/wp-json\/wp\/v2\/types\/product"}],"replies":[{"embeddable":true,"href":"http:\/\/stage.degree361.net:8080\/lux-sofa\/wp-json\/wp\/v2\/comments?post=701"}],"wp:featuredmedia":[{"embeddable":true,"href":"http:\/\/stage.degree361.net:8080\/lux-sofa\/wp-json\/wp\/v2\/media\/702"}],"wp:attachment":[{"href":"http:\/\/stage.degree361.net:8080\/lux-sofa\/wp-json\/wp\/v2\/media?parent=701"}],"wp:term":[{"taxonomy":"product_cat","embeddable":true,"href":"http:\/\/stage.degree361.net:8080\/lux-sofa\/wp-json\/wp\/v2\/product_cat?post=701"},{"taxonomy":"product_tag","embeddable":true,"href":"http:\/\/stage.degree361.net:8080\/lux-sofa\/wp-json\/wp\/v2\/product_tag?post=701"}],"curies":[{"name":"wp","href":"https:\/\/api.w.org\/{rel}","templated":true}]}}