{"id":692,"date":"2025-01-24T10:07:06","date_gmt":"2025-01-24T10:07:06","guid":{"rendered":"http:\/\/stage.degree361.net:8080\/lux-sofa\/?post_type=product&#038;p=692"},"modified":"2025-02-12T14:29:52","modified_gmt":"2025-02-12T14:29:52","slug":"trpezarijski-sto-aleks-o","status":"publish","type":"product","link":"http:\/\/stage.degree361.net:8080\/lux-sofa\/product\/trpezarijski-sto-aleks-o\/","title":{"rendered":"Trpezarijski sto Aleks O"},"content":{"rendered":"<p>Tra\u017eite sto koji \u0107e postati centralna ta\u010dka va\u0161ih trpezarijskih avantura? Upoznajte Aleks O, sto koji nije samo komad name\u0161taja ve\u0107 va\u0161 novi partner u zlo\u010dinu \u2014 prejedanju i partijama dru\u0161tvenih igara!<\/p>\n<p>Aleks O je pravo umetni\u010dko delo sa visoko sjajnom zavr\u0161nom obradom. Njegova elegantna povr\u0161ina izra\u0111ena je od medijapana koji nije samo tu da sija, ve\u0107 je tu da podnese sve \u0161to va\u0161a porodica mo\u017ee da mu servira \u2014 od svakodnevnih obroka do gala ve\u010dera. Pomisli na njega kao na luksuzni automobil u svetu stolova, samo \u0161to ga ne mora\u0161 parkirati!<\/p>\n<p>Dimenzije od 77cm visine, 160cm \u0161irine i 90cm dubine \u010dine ga savr\u0161enim za sve prostorije, pa \u010dak i za one manje tolerantne prema pretrpavanju stvarima. Aleks O ima tajni super-mo\u0107! Mo\u017ee se razvla\u010diti, pretvaraju\u0107i se u rasko\u0161nog diva \u0161irine 200cm. To zna\u010di da vi\u0161e nema nespretnih izgovora za\u0161to ste &#8220;zaboravili&#8221; pozvati tetku sa sela na ve\u010deru! Uz Aleks O, svi staju, a mo\u017eda ostane i mesta za jednu ili dve nepozvane ma\u010dke.<\/p>\n<p>Ukratko, Aleks O je va\u0161 najbolji saveznik u organizovanju ve\u010dera o kojima \u0107e svi pri\u010dati. Njegov prakti\u010dan dizajn omogu\u0107ava vam da ga transformi\u0161ete sa lako\u0107om, a visoki sjaj garantuje da \u0107e biti zvezda svake prostorije. Ne brinite, ne prevrtanjem o\u010dima na va\u0161e ukusne dekoracije, on je tu da sija!<\/p>\n<p>U\u017eivajte u trenucima oko ovog stola koji iz dana u dan, sve vi\u0161e i vi\u0161e, postaje sredi\u0161nja ta\u010dka va\u0161eg doma. Jer sa Aleks O stolom, svaka ve\u010dera je gala ve\u010dera!<\/p>\n","protected":false},"excerpt":{"rendered":"<p>Tra\u017eite sto koji \u0107e postati centralna ta\u010dka va\u0161ih trpezarijskih avantura? Upoznajte Aleks O, sto koji nije samo komad name\u0161taja ve\u0107 va\u0161 novi partner u zlo\u010dinu \u2014 prejedanju i partijama dru\u0161tvenih igara! Aleks O je pravo umetni\u010dko delo sa visoko sjajnom zavr\u0161nom obradom. Njegova elegantna povr\u0161ina izra\u0111ena je od medijapana koji nije samo tu da sija, [&hellip;]<\/p>\n","protected":false},"featured_media":693,"comment_status":"open","ping_status":"closed","template":"","meta":[],"product_cat":[55,42,92],"product_tag":[],"class_list":{"0":"post-692","1":"product","2":"type-product","3":"status-publish","4":"has-post-thumbnail","6":"product_cat-stolovi","7":"product_cat-trpezarijski-stolovi","8":"product_cat-trpezarijski-stolovi-stolovi","10":"first","11":"instock","12":"shipping-taxable","13":"purchasable","14":"product-type-simple"},"_links":{"self":[{"href":"http:\/\/stage.degree361.net:8080\/lux-sofa\/wp-json\/wp\/v2\/product\/692","targetHints":{"allow":["GET"]}}],"collection":[{"href":"http:\/\/stage.degree361.net:8080\/lux-sofa\/wp-json\/wp\/v2\/product"}],"about":[{"href":"http:\/\/stage.degree361.net:8080\/lux-sofa\/wp-json\/wp\/v2\/types\/product"}],"replies":[{"embeddable":true,"href":"http:\/\/stage.degree361.net:8080\/lux-sofa\/wp-json\/wp\/v2\/comments?post=692"}],"wp:featuredmedia":[{"embeddable":true,"href":"http:\/\/stage.degree361.net:8080\/lux-sofa\/wp-json\/wp\/v2\/media\/693"}],"wp:attachment":[{"href":"http:\/\/stage.degree361.net:8080\/lux-sofa\/wp-json\/wp\/v2\/media?parent=692"}],"wp:term":[{"taxonomy":"product_cat","embeddable":true,"href":"http:\/\/stage.degree361.net:8080\/lux-sofa\/wp-json\/wp\/v2\/product_cat?post=692"},{"taxonomy":"product_tag","embeddable":true,"href":"http:\/\/stage.degree361.net:8080\/lux-sofa\/wp-json\/wp\/v2\/product_tag?post=692"}],"curies":[{"name":"wp","href":"https:\/\/api.w.org\/{rel}","templated":true}]}}