{"id":687,"date":"2025-01-23T16:39:31","date_gmt":"2025-01-23T16:39:31","guid":{"rendered":"http:\/\/stage.degree361.net:8080\/lux-sofa\/?post_type=product&#038;p=687"},"modified":"2025-02-12T14:32:08","modified_gmt":"2025-02-12T14:32:08","slug":"klub-sto-v","status":"publish","type":"product","link":"http:\/\/stage.degree361.net:8080\/lux-sofa\/product\/klub-sto-v\/","title":{"rendered":"Klub sto V"},"content":{"rendered":"<p>Novi klub sto V je ovde da osvoji svaku dnevnu sobu svojim \u0161armom i funkcionalno\u0161\u0107u! Zamislite, povr\u0161ina stola u elegantnoj lanselot hrast boji koja nije samo upe\u010datljiva, ve\u0107 i dovoljno velika da smestite sve one daljinske upravlja\u010de koje nikad ne mo\u017eete da prona\u0111ete. \u0160irok 115 cm i dug 60 cm, ovo je taj stol koji mo\u017ee da primi celu dru\u0161tvenu igru, uz grickalice za celo dru\u0161tvo!<\/p>\n<p>Ne zaboravimo i njegovog \u010duvara stabilnosti \u2013 stub u antracit sivoj boji. S ovakvim stubom, va\u0161 sto bi mogao da pre\u017eivi \u010dak i naj\u017ee\u0161\u0107e debate oko toga \u010diji je red da ide na potez. Visina od 54 cm je savr\u0161ena da dosegne sve one sitnice sa kau\u010da, ali i dovoljno niska da pritom ne ometa va\u0161 savr\u0161eni pogled na televizor.<\/p>\n<p>Izra\u0111en od iverice i medijapana, ovaj sto je ne samo moderan, ve\u0107 i izdr\u017eljiv. Ne morate brinuti ako va\u0161 ro\u0111ak ponovo prospe \u0161olju kafe na njega &#8211; on \u0107e ostati stajati sna\u017eno i pre\u017eiveti svaki zalet.<\/p>\n<p>Klub sto V nije samo prakti\u010dan komad name\u0161taja, ve\u0107 prava zvezda va\u0161eg dnevnog boravka koja \u0107e izazvati sve da pitaju: &#8220;Gde si ovo nabavio?&#8221; Dakle, slede\u0107i put kad vas poseti neko, budite sigurni da \u0107ete imati savr\u0161en razgovor zapo\u010det upravo od strane ovog stola. Naru\u010dite ga danas i unesite malo \u0161ale i stila u va\u0161 dom!<\/p>\n","protected":false},"excerpt":{"rendered":"<p>Novi klub sto V je ovde da osvoji svaku dnevnu sobu svojim \u0161armom i funkcionalno\u0161\u0107u! Zamislite, povr\u0161ina stola u elegantnoj lanselot hrast boji koja nije samo upe\u010datljiva, ve\u0107 i dovoljno velika da smestite sve one daljinske upravlja\u010de koje nikad ne mo\u017eete da prona\u0111ete. \u0160irok 115 cm i dug 60 cm, ovo je taj stol koji [&hellip;]<\/p>\n","protected":false},"featured_media":690,"comment_status":"open","ping_status":"closed","template":"","meta":[],"product_cat":[34,43,91,55],"product_tag":[],"class_list":{"0":"post-687","1":"product","2":"type-product","3":"status-publish","4":"has-post-thumbnail","6":"product_cat-dnevne-sobe","7":"product_cat-klub-stolovi","8":"product_cat-klub-stolovi-stolovi","9":"product_cat-stolovi","11":"first","12":"instock","13":"shipping-taxable","14":"purchasable","15":"product-type-simple"},"_links":{"self":[{"href":"http:\/\/stage.degree361.net:8080\/lux-sofa\/wp-json\/wp\/v2\/product\/687","targetHints":{"allow":["GET"]}}],"collection":[{"href":"http:\/\/stage.degree361.net:8080\/lux-sofa\/wp-json\/wp\/v2\/product"}],"about":[{"href":"http:\/\/stage.degree361.net:8080\/lux-sofa\/wp-json\/wp\/v2\/types\/product"}],"replies":[{"embeddable":true,"href":"http:\/\/stage.degree361.net:8080\/lux-sofa\/wp-json\/wp\/v2\/comments?post=687"}],"wp:featuredmedia":[{"embeddable":true,"href":"http:\/\/stage.degree361.net:8080\/lux-sofa\/wp-json\/wp\/v2\/media\/690"}],"wp:attachment":[{"href":"http:\/\/stage.degree361.net:8080\/lux-sofa\/wp-json\/wp\/v2\/media?parent=687"}],"wp:term":[{"taxonomy":"product_cat","embeddable":true,"href":"http:\/\/stage.degree361.net:8080\/lux-sofa\/wp-json\/wp\/v2\/product_cat?post=687"},{"taxonomy":"product_tag","embeddable":true,"href":"http:\/\/stage.degree361.net:8080\/lux-sofa\/wp-json\/wp\/v2\/product_tag?post=687"}],"curies":[{"name":"wp","href":"https:\/\/api.w.org\/{rel}","templated":true}]}}