{"id":679,"date":"2025-01-23T16:22:10","date_gmt":"2025-01-23T16:22:10","guid":{"rendered":"http:\/\/stage.degree361.net:8080\/lux-sofa\/?post_type=product&#038;p=679"},"modified":"2025-02-12T14:40:42","modified_gmt":"2025-02-12T14:40:42","slug":"klub-sto-alex","status":"publish","type":"product","link":"http:\/\/stage.degree361.net:8080\/lux-sofa\/product\/klub-sto-alex\/","title":{"rendered":"Klub sto Alex"},"content":{"rendered":"<p>Klub sto Aleks predstavlja savr\u0161en spoj modernog dizajna i prakti\u010dnosti. Izra\u0111en od visokokvalitetnog medijapana u sofisticiranoj beloj boji, ovaj sto unosi \u010dist i osve\u017eavaju\u0107i izgled u va\u0161 prostor. Njegov minimalisti\u010dki stil \u010dini ga idealnim za savremene enterijere, bilo da se nalazi u dnevnoj sobi, kancelariji ili hodniku. Dimenzije stola (visina 54, \u0161irina 120 i dubina 60cm) pru\u017eaju dovoljno prostora za sve va\u0161e potrebe, bilo da koristite sto za u\u017eivanje u omiljenoj knjizi, kafi ili kao elegantnu podlogu za dekoraciju.<\/p>\n<p>Njegov jednostavan, ali funkcionalan dizajn omogu\u0107ava lako uklapanje u razli\u010dite stilove ure\u0111enja, dok stabilna konstrukcija medijapana garantuje dugotrajan vek trajanja. Klub sto Aleks je pravi izbor za one koji \u017eele sofisticirani komad name\u0161taja koji kombinuje eleganciju i prakti\u010dnost, stvaraju\u0107i prostor koji je istovremeno moderan i udoban.<\/p>\n","protected":false},"excerpt":{"rendered":"<p>Klub sto Aleks predstavlja savr\u0161en spoj modernog dizajna i prakti\u010dnosti. Izra\u0111en od visokokvalitetnog medijapana u sofisticiranoj beloj boji, ovaj sto unosi \u010dist i osve\u017eavaju\u0107i izgled u va\u0161 prostor. Njegov minimalisti\u010dki stil \u010dini ga idealnim za savremene enterijere, bilo da se nalazi u dnevnoj sobi, kancelariji ili hodniku. Dimenzije stola (visina 54, \u0161irina 120 i dubina [&hellip;]<\/p>\n","protected":false},"featured_media":680,"comment_status":"open","ping_status":"closed","template":"","meta":[],"product_cat":[34,91,43,55],"product_tag":[],"class_list":{"0":"post-679","1":"product","2":"type-product","3":"status-publish","4":"has-post-thumbnail","6":"product_cat-dnevne-sobe","7":"product_cat-klub-stolovi-stolovi","8":"product_cat-klub-stolovi","9":"product_cat-stolovi","11":"first","12":"instock","13":"shipping-taxable","14":"purchasable","15":"product-type-simple"},"_links":{"self":[{"href":"http:\/\/stage.degree361.net:8080\/lux-sofa\/wp-json\/wp\/v2\/product\/679","targetHints":{"allow":["GET"]}}],"collection":[{"href":"http:\/\/stage.degree361.net:8080\/lux-sofa\/wp-json\/wp\/v2\/product"}],"about":[{"href":"http:\/\/stage.degree361.net:8080\/lux-sofa\/wp-json\/wp\/v2\/types\/product"}],"replies":[{"embeddable":true,"href":"http:\/\/stage.degree361.net:8080\/lux-sofa\/wp-json\/wp\/v2\/comments?post=679"}],"wp:featuredmedia":[{"embeddable":true,"href":"http:\/\/stage.degree361.net:8080\/lux-sofa\/wp-json\/wp\/v2\/media\/680"}],"wp:attachment":[{"href":"http:\/\/stage.degree361.net:8080\/lux-sofa\/wp-json\/wp\/v2\/media?parent=679"}],"wp:term":[{"taxonomy":"product_cat","embeddable":true,"href":"http:\/\/stage.degree361.net:8080\/lux-sofa\/wp-json\/wp\/v2\/product_cat?post=679"},{"taxonomy":"product_tag","embeddable":true,"href":"http:\/\/stage.degree361.net:8080\/lux-sofa\/wp-json\/wp\/v2\/product_tag?post=679"}],"curies":[{"name":"wp","href":"https:\/\/api.w.org\/{rel}","templated":true}]}}