{"id":669,"date":"2025-01-23T14:36:53","date_gmt":"2025-01-23T14:36:53","guid":{"rendered":"http:\/\/stage.degree361.net:8080\/lux-sofa\/?post_type=product&#038;p=669"},"modified":"2025-02-12T14:43:09","modified_gmt":"2025-02-12T14:43:09","slug":"klub-sto-19","status":"publish","type":"product","link":"http:\/\/stage.degree361.net:8080\/lux-sofa\/product\/klub-sto-19\/","title":{"rendered":"Klub sto 19"},"content":{"rendered":"<p><strong>Klub Sto 19 \u2013 Elegancija i Funkcionalnost u Jednom Setu<\/strong><\/p>\n<p>Unesite sofisticiranost u svoj prostor uz <strong>Klub Sto 19<\/strong> \u2013 set dva okrugla sto\u010di\u0107a koji spajaju moderni dizajn, vrhunske materijale i prakti\u010dnost. Idealni su za svaki ambijent, bilo da se nalaze u dnevnom boravku, hodniku ili kancelariji, donose\u0107i da\u0161ak luksuza i udobnosti.<\/p>\n<p><strong>Karakteristike proizvoda:<\/strong><\/p>\n<ul>\n<li><strong>Dizajn<\/strong>: Set se sastoji od dva elegantna okrugla sto\u010di\u0107a sa jednostavnim, ali upe\u010datljivim izgledom. Metalne noge u crnoj boji savr\u0161eno nagla\u0161avaju sofisticiranost i stabilnost, dok plo\u010de stola u hrast boji (za ve\u0107i sto\u010di\u0107) i crnoj boji (za manji sto\u010di\u0107) donose moderan, ali topli vizuelni efekat.<\/li>\n<li><strong>Dimenzije<\/strong>:\n<ul>\n<li><strong>Ve\u0107i sto\u010di\u0107<\/strong>: Visina 48 cm, Pre\u010dnik 45 cm \u2013 idealan za centralni deo prostora, dovoljno velik za va\u0161e omiljene predmete.<\/li>\n<li><strong>Manji sto\u010di\u0107<\/strong>: Visina 42 cm, Pre\u010dnik 32 cm \u2013 kompaktan, ali veoma funkcionalan, savr\u0161en kao prate\u0107i element ili samostalan komad name\u0161taja.<\/li>\n<\/ul>\n<\/li>\n<li><strong>Prakti\u010dnost<\/strong>: Ovaj set sto\u010di\u0107a nije samo estetski privla\u010dan, ve\u0107 i izuzetno funkcionalan. Mo\u017eete ih koristiti zajedno za savr\u0161enu simetriju ili ih postaviti odvojeno, u zavisnosti od va\u0161ih potreba. Laki su za odr\u017eavanje i fleksibilni u svakom prostoru.<\/li>\n<\/ul>\n","protected":false},"excerpt":{"rendered":"<p>Klub Sto 19 \u2013 Elegancija i Funkcionalnost u Jednom Setu Unesite sofisticiranost u svoj prostor uz Klub Sto 19 \u2013 set dva okrugla sto\u010di\u0107a koji spajaju moderni dizajn, vrhunske materijale i prakti\u010dnost. Idealni su za svaki ambijent, bilo da se nalaze u dnevnom boravku, hodniku ili kancelariji, donose\u0107i da\u0161ak luksuza i udobnosti. Karakteristike proizvoda: Dizajn: [&hellip;]<\/p>\n","protected":false},"featured_media":670,"comment_status":"open","ping_status":"closed","template":"","meta":[],"product_cat":[34,91,43,55],"product_tag":[],"class_list":{"0":"post-669","1":"product","2":"type-product","3":"status-publish","4":"has-post-thumbnail","6":"product_cat-dnevne-sobe","7":"product_cat-klub-stolovi-stolovi","8":"product_cat-klub-stolovi","9":"product_cat-stolovi","11":"first","12":"instock","13":"shipping-taxable","14":"purchasable","15":"product-type-simple"},"_links":{"self":[{"href":"http:\/\/stage.degree361.net:8080\/lux-sofa\/wp-json\/wp\/v2\/product\/669","targetHints":{"allow":["GET"]}}],"collection":[{"href":"http:\/\/stage.degree361.net:8080\/lux-sofa\/wp-json\/wp\/v2\/product"}],"about":[{"href":"http:\/\/stage.degree361.net:8080\/lux-sofa\/wp-json\/wp\/v2\/types\/product"}],"replies":[{"embeddable":true,"href":"http:\/\/stage.degree361.net:8080\/lux-sofa\/wp-json\/wp\/v2\/comments?post=669"}],"wp:featuredmedia":[{"embeddable":true,"href":"http:\/\/stage.degree361.net:8080\/lux-sofa\/wp-json\/wp\/v2\/media\/670"}],"wp:attachment":[{"href":"http:\/\/stage.degree361.net:8080\/lux-sofa\/wp-json\/wp\/v2\/media?parent=669"}],"wp:term":[{"taxonomy":"product_cat","embeddable":true,"href":"http:\/\/stage.degree361.net:8080\/lux-sofa\/wp-json\/wp\/v2\/product_cat?post=669"},{"taxonomy":"product_tag","embeddable":true,"href":"http:\/\/stage.degree361.net:8080\/lux-sofa\/wp-json\/wp\/v2\/product_tag?post=669"}],"curies":[{"name":"wp","href":"https:\/\/api.w.org\/{rel}","templated":true}]}}