{"id":660,"date":"2025-01-23T14:27:23","date_gmt":"2025-01-23T14:27:23","guid":{"rendered":"http:\/\/stage.degree361.net:8080\/lux-sofa\/?post_type=product&#038;p=660"},"modified":"2025-02-12T14:44:43","modified_gmt":"2025-02-12T14:44:43","slug":"klub-sto-020","status":"publish","type":"product","link":"http:\/\/stage.degree361.net:8080\/lux-sofa\/product\/klub-sto-020\/","title":{"rendered":"Klub sto 020"},"content":{"rendered":"<p>Klub sto 020 je elegantan i prakti\u010dan set koji se sastoji od dva stola, idealna za moderni dnevni boravak, ali i manje prostore. Prvi sto, sa dimenzijama 54x54x54 cm, karakteri\u0161e minimalisti\u010dki dizajn sa metalnim nogama u crnoj boji i povr\u0161inom od iverice u hrast boji, koja unosi toplinu i prirodan izgled u va\u0161 prostor. Drugi sto, sa dimenzijama 45x80x48 cm, ima metalne noge u crnoj boji i povr\u0161inu od iverice u crnoj boji, \u0161to mu daje sofisticiran i elegantan izgled.<\/p>\n<p>Jedna od klju\u010dnih prednosti ovog seta je mogu\u0107nost preklapanja stolova, \u0161to omogu\u0107ava da zauzmu minimalan prostor kada nisu u upotrebi, ali i da se koriste zasebno po potrebi, u razli\u010ditim delovima prostora. Ovaj set je savr\u0161en za sve koji \u017eele funkcionalnost, ali i stil, jer se lako uklapa u razli\u010dite vrste enterijera. Bez obzira da li ga koristite kao jedan komplet ili kao dva stola zasebno, Klub sto 020 \u0107e dodati moderni \u0161arm va\u0161em prostoru, uz maksimalnu efikasnost i prakti\u010dnost.<\/p>\n","protected":false},"excerpt":{"rendered":"<p>Klub sto 020 je elegantan i prakti\u010dan set koji se sastoji od dva stola, idealna za moderni dnevni boravak, ali i manje prostore. Prvi sto, sa dimenzijama 54x54x54 cm, karakteri\u0161e minimalisti\u010dki dizajn sa metalnim nogama u crnoj boji i povr\u0161inom od iverice u hrast boji, koja unosi toplinu i prirodan izgled u va\u0161 prostor. Drugi [&hellip;]<\/p>\n","protected":false},"featured_media":661,"comment_status":"open","ping_status":"closed","template":"","meta":[],"product_cat":[34,91,43,55],"product_tag":[],"class_list":{"0":"post-660","1":"product","2":"type-product","3":"status-publish","4":"has-post-thumbnail","6":"product_cat-dnevne-sobe","7":"product_cat-klub-stolovi-stolovi","8":"product_cat-klub-stolovi","9":"product_cat-stolovi","11":"first","12":"instock","13":"shipping-taxable","14":"purchasable","15":"product-type-simple"},"_links":{"self":[{"href":"http:\/\/stage.degree361.net:8080\/lux-sofa\/wp-json\/wp\/v2\/product\/660","targetHints":{"allow":["GET"]}}],"collection":[{"href":"http:\/\/stage.degree361.net:8080\/lux-sofa\/wp-json\/wp\/v2\/product"}],"about":[{"href":"http:\/\/stage.degree361.net:8080\/lux-sofa\/wp-json\/wp\/v2\/types\/product"}],"replies":[{"embeddable":true,"href":"http:\/\/stage.degree361.net:8080\/lux-sofa\/wp-json\/wp\/v2\/comments?post=660"}],"wp:featuredmedia":[{"embeddable":true,"href":"http:\/\/stage.degree361.net:8080\/lux-sofa\/wp-json\/wp\/v2\/media\/661"}],"wp:attachment":[{"href":"http:\/\/stage.degree361.net:8080\/lux-sofa\/wp-json\/wp\/v2\/media?parent=660"}],"wp:term":[{"taxonomy":"product_cat","embeddable":true,"href":"http:\/\/stage.degree361.net:8080\/lux-sofa\/wp-json\/wp\/v2\/product_cat?post=660"},{"taxonomy":"product_tag","embeddable":true,"href":"http:\/\/stage.degree361.net:8080\/lux-sofa\/wp-json\/wp\/v2\/product_tag?post=660"}],"curies":[{"name":"wp","href":"https:\/\/api.w.org\/{rel}","templated":true}]}}